{"id":103869,"date":"2025-11-05T00:37:29","date_gmt":"2025-11-05T00:37:29","guid":{"rendered":"https:\/\/promis.ro\/product\/merin\/"},"modified":"2025-11-11T19:59:47","modified_gmt":"2025-11-11T19:59:47","slug":"merin","status":"publish","type":"product","link":"https:\/\/promis.ro\/ro\/produs\/merin\/","title":{"rendered":"Merin"},"content":{"rendered":"<p>Ment\u0103 cu linia naturii \u00een ghiveci. Include o cutie original\u0103 din lemn pentru marc\u0103, 6-8 semin\u021be \u0219i substrat de cre\u0219tere. Prezentat \u00eentr-o cutie de design atractiv\u0103.<\/p>","protected":false},"excerpt":{"rendered":"<p>Ment\u0103 cu linia naturii \u00een ghiveci. Include o cutie original\u0103 din lemn pentru marc\u0103, 6-8 semin\u021be \u0219i substrat de cre\u0219tere.<\/p>","protected":false},"featured_media":155483,"comment_status":"open","ping_status":"closed","template":"","meta":[],"product_brand":[],"product_cat":[179],"product_tag":[],"class_list":{"0":"post-103869","1":"product","2":"type-product","3":"status-publish","4":"has-post-thumbnail","6":"product_cat-casa-si-decoratiuni","8":"first","9":"instock","10":"shipping-taxable","11":"purchasable","12":"product-type-simple"},"_links":{"self":[{"href":"https:\/\/promis.ro\/ro\/wp-json\/wp\/v2\/product\/103869","targetHints":{"allow":["GET"]}}],"collection":[{"href":"https:\/\/promis.ro\/ro\/wp-json\/wp\/v2\/product"}],"about":[{"href":"https:\/\/promis.ro\/ro\/wp-json\/wp\/v2\/types\/product"}],"replies":[{"embeddable":true,"href":"https:\/\/promis.ro\/ro\/wp-json\/wp\/v2\/comments?post=103869"}],"version-history":[{"count":1,"href":"https:\/\/promis.ro\/ro\/wp-json\/wp\/v2\/product\/103869\/revisions"}],"predecessor-version":[{"id":113737,"href":"https:\/\/promis.ro\/ro\/wp-json\/wp\/v2\/product\/103869\/revisions\/113737"}],"wp:featuredmedia":[{"embeddable":true,"href":"https:\/\/promis.ro\/ro\/wp-json\/wp\/v2\/media\/155483"}],"wp:attachment":[{"href":"https:\/\/promis.ro\/ro\/wp-json\/wp\/v2\/media?parent=103869"}],"wp:term":[{"taxonomy":"product_brand","embeddable":true,"href":"https:\/\/promis.ro\/ro\/wp-json\/wp\/v2\/product_brand?post=103869"},{"taxonomy":"product_cat","embeddable":true,"href":"https:\/\/promis.ro\/ro\/wp-json\/wp\/v2\/product_cat?post=103869"},{"taxonomy":"product_tag","embeddable":true,"href":"https:\/\/promis.ro\/ro\/wp-json\/wp\/v2\/product_tag?post=103869"}],"curies":[{"name":"wp","href":"https:\/\/api.w.org\/{rel}","templated":true}]}}