{"id":103871,"date":"2025-11-05T00:37:30","date_gmt":"2025-11-05T00:37:30","guid":{"rendered":"https:\/\/promis.ro\/product\/rusk\/"},"modified":"2025-11-11T19:59:58","modified_gmt":"2025-11-11T19:59:58","slug":"rusk","status":"publish","type":"product","link":"https:\/\/promis.ro\/ro\/produs\/rusk\/","title":{"rendered":"Rusk"},"content":{"rendered":"<p>Ceas inteligent multifunc\u021bional cu un design casual, cu conectivitate Bluetooth\u00ae \u0219i \u00eenc\u0103rcare prin cablu Micro USB &#8211; inclus -. Baz\u0103 deta\u0219abil\u0103 pentru utilizare ca c\u0103\u0219ti sau kit hands-free. Corpul s\u0103u din TPU \u0219i ecranul LCD \u00eencorporat de 0,96 inci \u00eel fac gadgetul perfect pentru toate tipurile de sporturi, activit\u0103\u021bi recreative \u0219i activit\u0103\u021bi zilnice. Prezentat \u00eentr-o cutie de design atractiv\u0103.<\/p>","protected":false},"excerpt":{"rendered":"<p>Ceas inteligent multifunc\u021bional cu un design casual, cu conectivitate Bluetooth\u00ae \u0219i \u00eenc\u0103rcare prin cablu Micro USB &#8211; inclus -. Baz\u0103<\/p>","protected":false},"featured_media":155491,"comment_status":"open","ping_status":"closed","template":"","meta":[],"product_brand":[],"product_cat":[170],"product_tag":[],"class_list":{"0":"post-103871","1":"product","2":"type-product","3":"status-publish","4":"has-post-thumbnail","6":"product_cat-tehnologie-si-accesorii","8":"first","9":"instock","10":"shipping-taxable","11":"purchasable","12":"product-type-simple"},"_links":{"self":[{"href":"https:\/\/promis.ro\/ro\/wp-json\/wp\/v2\/product\/103871","targetHints":{"allow":["GET"]}}],"collection":[{"href":"https:\/\/promis.ro\/ro\/wp-json\/wp\/v2\/product"}],"about":[{"href":"https:\/\/promis.ro\/ro\/wp-json\/wp\/v2\/types\/product"}],"replies":[{"embeddable":true,"href":"https:\/\/promis.ro\/ro\/wp-json\/wp\/v2\/comments?post=103871"}],"version-history":[{"count":1,"href":"https:\/\/promis.ro\/ro\/wp-json\/wp\/v2\/product\/103871\/revisions"}],"predecessor-version":[{"id":113746,"href":"https:\/\/promis.ro\/ro\/wp-json\/wp\/v2\/product\/103871\/revisions\/113746"}],"wp:featuredmedia":[{"embeddable":true,"href":"https:\/\/promis.ro\/ro\/wp-json\/wp\/v2\/media\/155491"}],"wp:attachment":[{"href":"https:\/\/promis.ro\/ro\/wp-json\/wp\/v2\/media?parent=103871"}],"wp:term":[{"taxonomy":"product_brand","embeddable":true,"href":"https:\/\/promis.ro\/ro\/wp-json\/wp\/v2\/product_brand?post=103871"},{"taxonomy":"product_cat","embeddable":true,"href":"https:\/\/promis.ro\/ro\/wp-json\/wp\/v2\/product_cat?post=103871"},{"taxonomy":"product_tag","embeddable":true,"href":"https:\/\/promis.ro\/ro\/wp-json\/wp\/v2\/product_tag?post=103871"}],"curies":[{"name":"wp","href":"https:\/\/api.w.org\/{rel}","templated":true}]}}