{"id":103875,"date":"2025-11-05T00:37:35","date_gmt":"2025-11-05T00:37:35","guid":{"rendered":"https:\/\/promis.ro\/product\/novuk-16gb\/"},"modified":"2025-11-11T20:00:26","modified_gmt":"2025-11-11T20:00:26","slug":"novuk-16gb","status":"publish","type":"product","link":"https:\/\/promis.ro\/ro\/produs\/novuk-16gb\/","title":{"rendered":"Novuk 16Gb"},"content":{"rendered":"<p>Unitate flash USB de 16GB cu un design inovator de automobil. Lumin\u0103 LED interioar\u0103 \u0219i carcas\u0103 special conceput\u0103 pentru imprimarea cu laser, ilumin\u00e2nd logo-ul. Prezentat\u0103 \u00eentr-o carcas\u0103 individual\u0103.<\/p>","protected":false},"excerpt":{"rendered":"<p>Unitate flash USB de 16GB cu un design inovator de automobil. Lumin\u0103 LED interioar\u0103 \u0219i carcas\u0103 special conceput\u0103 pentru imprimarea<\/p>","protected":false},"featured_media":155509,"comment_status":"open","ping_status":"closed","template":"","meta":[],"product_brand":[],"product_cat":[201],"product_tag":[],"class_list":{"0":"post-103875","1":"product","2":"type-product","3":"status-publish","4":"has-post-thumbnail","6":"product_cat-outlet","8":"first","9":"outofstock","10":"shipping-taxable","11":"purchasable","12":"product-type-simple"},"_links":{"self":[{"href":"https:\/\/promis.ro\/ro\/wp-json\/wp\/v2\/product\/103875","targetHints":{"allow":["GET"]}}],"collection":[{"href":"https:\/\/promis.ro\/ro\/wp-json\/wp\/v2\/product"}],"about":[{"href":"https:\/\/promis.ro\/ro\/wp-json\/wp\/v2\/types\/product"}],"replies":[{"embeddable":true,"href":"https:\/\/promis.ro\/ro\/wp-json\/wp\/v2\/comments?post=103875"}],"version-history":[{"count":1,"href":"https:\/\/promis.ro\/ro\/wp-json\/wp\/v2\/product\/103875\/revisions"}],"predecessor-version":[{"id":113741,"href":"https:\/\/promis.ro\/ro\/wp-json\/wp\/v2\/product\/103875\/revisions\/113741"}],"wp:featuredmedia":[{"embeddable":true,"href":"https:\/\/promis.ro\/ro\/wp-json\/wp\/v2\/media\/155509"}],"wp:attachment":[{"href":"https:\/\/promis.ro\/ro\/wp-json\/wp\/v2\/media?parent=103875"}],"wp:term":[{"taxonomy":"product_brand","embeddable":true,"href":"https:\/\/promis.ro\/ro\/wp-json\/wp\/v2\/product_brand?post=103875"},{"taxonomy":"product_cat","embeddable":true,"href":"https:\/\/promis.ro\/ro\/wp-json\/wp\/v2\/product_cat?post=103875"},{"taxonomy":"product_tag","embeddable":true,"href":"https:\/\/promis.ro\/ro\/wp-json\/wp\/v2\/product_tag?post=103875"}],"curies":[{"name":"wp","href":"https:\/\/api.w.org\/{rel}","templated":true}]}}