{"id":103878,"date":"2025-11-05T00:37:37","date_gmt":"2025-11-05T00:37:37","guid":{"rendered":"https:\/\/promis.ro\/product\/vilox\/"},"modified":"2025-11-11T20:02:40","modified_gmt":"2025-11-11T20:02:40","slug":"vilox","status":"publish","type":"product","link":"https:\/\/promis.ro\/ro\/produs\/vilox\/","title":{"rendered":"Vilox"},"content":{"rendered":"<p>Lanterna sportiv\u0103 cu band\u0103 elastic\u0103 ajustabil\u0103 pentru bra\u021b, cap\u2026 8 lumini albe COB cu 3 moduri de iluminare (2 moduri directe + 1 lumin\u0103 intermitent\u0103). Disponibil\u0103 \u00eentr-o gam\u0103 larg\u0103 de culori, alimentat\u0103 de baterii (3xAAA nu sunt incluse) \u0219i prezentat\u0103 \u00eentr-o cutie de design atractiv\u0103.<\/p>","protected":false},"excerpt":{"rendered":"<p>Lanterna sportiv\u0103 cu band\u0103 elastic\u0103 ajustabil\u0103 pentru bra\u021b, cap\u2026 8 lumini albe COB cu 3 moduri de iluminare (2 moduri<\/p>","protected":false},"featured_media":155520,"comment_status":"open","ping_status":"closed","template":"","meta":[],"product_brand":[],"product_cat":[177],"product_tag":[],"class_list":{"0":"post-103878","1":"product","2":"type-product","3":"status-publish","4":"has-post-thumbnail","6":"product_cat-timp-liber-si-divertisment","8":"first","9":"instock","10":"shipping-taxable","11":"purchasable","12":"product-type-variable"},"_links":{"self":[{"href":"https:\/\/promis.ro\/ro\/wp-json\/wp\/v2\/product\/103878","targetHints":{"allow":["GET"]}}],"collection":[{"href":"https:\/\/promis.ro\/ro\/wp-json\/wp\/v2\/product"}],"about":[{"href":"https:\/\/promis.ro\/ro\/wp-json\/wp\/v2\/types\/product"}],"replies":[{"embeddable":true,"href":"https:\/\/promis.ro\/ro\/wp-json\/wp\/v2\/comments?post=103878"}],"version-history":[{"count":1,"href":"https:\/\/promis.ro\/ro\/wp-json\/wp\/v2\/product\/103878\/revisions"}],"predecessor-version":[{"id":113750,"href":"https:\/\/promis.ro\/ro\/wp-json\/wp\/v2\/product\/103878\/revisions\/113750"}],"wp:featuredmedia":[{"embeddable":true,"href":"https:\/\/promis.ro\/ro\/wp-json\/wp\/v2\/media\/155520"}],"wp:attachment":[{"href":"https:\/\/promis.ro\/ro\/wp-json\/wp\/v2\/media?parent=103878"}],"wp:term":[{"taxonomy":"product_brand","embeddable":true,"href":"https:\/\/promis.ro\/ro\/wp-json\/wp\/v2\/product_brand?post=103878"},{"taxonomy":"product_cat","embeddable":true,"href":"https:\/\/promis.ro\/ro\/wp-json\/wp\/v2\/product_cat?post=103878"},{"taxonomy":"product_tag","embeddable":true,"href":"https:\/\/promis.ro\/ro\/wp-json\/wp\/v2\/product_tag?post=103878"}],"curies":[{"name":"wp","href":"https:\/\/api.w.org\/{rel}","templated":true}]}}