{"id":103881,"date":"2025-11-05T00:37:38","date_gmt":"2025-11-05T00:37:38","guid":{"rendered":"https:\/\/promis.ro\/product\/dontax\/"},"modified":"2025-11-11T20:00:49","modified_gmt":"2025-11-11T20:00:49","slug":"dontax","status":"publish","type":"product","link":"https:\/\/promis.ro\/ro\/produs\/dontax\/","title":{"rendered":"Dontax"},"content":{"rendered":"<p>Geant\u0103 multifunc\u021bional\u0103 cu indicator de lumin\u0103 din poliester 600D, durabil \u0219i rezistent la ap\u0103. Design urban, inclusiv conexiune USB pentru a aprinde\/stinge lumina \u0219i un compartiment c\u0103ptu\u0219it pentru laptopuri de p\u00e2n\u0103 la 15 inci. Compartiment principal cu \u00eenchidere cu fermoar, cu curele de um\u0103r c\u0103ptu\u0219ite \u0219i ajustabile \u0219i spate c\u0103ptu\u0219it.<\/p>","protected":false},"excerpt":{"rendered":"<p>Geant\u0103 multifunc\u021bional\u0103 cu indicator de lumin\u0103 din poliester 600D, durabil \u0219i rezistent la ap\u0103. Design urban, inclusiv conexiune USB pentru<\/p>","protected":false},"featured_media":155530,"comment_status":"open","ping_status":"closed","template":"","meta":[],"product_brand":[],"product_cat":[169],"product_tag":[],"class_list":{"0":"post-103881","1":"product","2":"type-product","3":"status-publish","4":"has-post-thumbnail","6":"product_cat-ghiozdane","8":"first","9":"instock","10":"shipping-taxable","11":"purchasable","12":"product-type-simple"},"_links":{"self":[{"href":"https:\/\/promis.ro\/ro\/wp-json\/wp\/v2\/product\/103881","targetHints":{"allow":["GET"]}}],"collection":[{"href":"https:\/\/promis.ro\/ro\/wp-json\/wp\/v2\/product"}],"about":[{"href":"https:\/\/promis.ro\/ro\/wp-json\/wp\/v2\/types\/product"}],"replies":[{"embeddable":true,"href":"https:\/\/promis.ro\/ro\/wp-json\/wp\/v2\/comments?post=103881"}],"version-history":[{"count":1,"href":"https:\/\/promis.ro\/ro\/wp-json\/wp\/v2\/product\/103881\/revisions"}],"predecessor-version":[{"id":113754,"href":"https:\/\/promis.ro\/ro\/wp-json\/wp\/v2\/product\/103881\/revisions\/113754"}],"wp:featuredmedia":[{"embeddable":true,"href":"https:\/\/promis.ro\/ro\/wp-json\/wp\/v2\/media\/155530"}],"wp:attachment":[{"href":"https:\/\/promis.ro\/ro\/wp-json\/wp\/v2\/media?parent=103881"}],"wp:term":[{"taxonomy":"product_brand","embeddable":true,"href":"https:\/\/promis.ro\/ro\/wp-json\/wp\/v2\/product_brand?post=103881"},{"taxonomy":"product_cat","embeddable":true,"href":"https:\/\/promis.ro\/ro\/wp-json\/wp\/v2\/product_cat?post=103881"},{"taxonomy":"product_tag","embeddable":true,"href":"https:\/\/promis.ro\/ro\/wp-json\/wp\/v2\/product_tag?post=103881"}],"curies":[{"name":"wp","href":"https:\/\/api.w.org\/{rel}","templated":true}]}}