{"id":104499,"date":"2025-11-05T00:43:10","date_gmt":"2025-11-05T00:43:10","guid":{"rendered":"https:\/\/promis.ro\/product\/woter\/"},"modified":"2025-11-11T20:13:18","modified_gmt":"2025-11-11T20:13:18","slug":"woter","status":"publish","type":"product","link":"https:\/\/promis.ro\/ro\/produs\/woter\/","title":{"rendered":"Woter"},"content":{"rendered":"<p>Ventilator Nature line cu nervuri din lemn \u0219i \u021bes\u0103tur\u0103 din material RPET, ob\u021binut din materiale plastice reciclate, pentru a \u00eencuraja reutilizarea resturilor de plastic \u0219i a contribui la sustenabilitatea P\u0103m\u00e2ntului. Prezentat \u00eentr-o cutie individual\u0103, cu design ecologic.<\/p>","protected":false},"excerpt":{"rendered":"<p>Ventilator Nature line cu nervuri din lemn \u0219i \u021bes\u0103tur\u0103 din material RPET, ob\u021binut din materiale plastice reciclate, pentru a \u00eencuraja<\/p>","protected":false},"featured_media":156613,"comment_status":"open","ping_status":"closed","template":"","meta":[],"product_brand":[],"product_cat":[197],"product_tag":[],"class_list":{"0":"post-104499","1":"product","2":"type-product","3":"status-publish","4":"has-post-thumbnail","6":"product_cat-articole-durabile","8":"first","9":"instock","10":"shipping-taxable","11":"purchasable","12":"product-type-simple"},"yoast_head":"<!-- This site is optimized with the Yoast SEO plugin v27.4 - https:\/\/yoast.com\/product\/yoast-seo-wordpress\/ -->\n<title>Woter - Promis.ro<\/title>\n<meta name=\"description\" content=\"Ventilator Nature line cu nervuri din lemn \u0219i \u021bes\u0103tur\u0103 din material RPET, ob\u021binut din materiale plastice reciclate, pentru a \u00eencuraja reutilizarea\" \/>\n<meta name=\"robots\" content=\"index, follow, max-snippet:-1, max-image-preview:large, max-video-preview:-1\" \/>\n<link rel=\"canonical\" href=\"https:\/\/promis.ro\/ro\/produs\/woter\/\" \/>\n<meta property=\"og:locale\" content=\"ro_RO\" \/>\n<meta property=\"og:type\" content=\"article\" \/>\n<meta property=\"og:title\" content=\"Woter - Promis.ro\" \/>\n<meta property=\"og:description\" content=\"Ventilator Nature line cu nervuri din lemn \u0219i \u021bes\u0103tur\u0103 din material RPET, ob\u021binut din materiale plastice reciclate, pentru a \u00eencuraja reutilizarea\" \/>\n<meta property=\"og:url\" content=\"https:\/\/promis.ro\/ro\/produs\/woter\/\" \/>\n<meta property=\"og:site_name\" content=\"Promis.ro\" \/>\n<meta property=\"article:modified_time\" content=\"2025-11-11T20:13:18+00:00\" \/>\n<meta property=\"og:image\" content=\"https:\/\/promis.ro\/wp-content\/uploads\/2025\/11\/6467-W-1.jpg\" \/>\n\t<meta property=\"og:image:width\" content=\"1080\" \/>\n\t<meta property=\"og:image:height\" content=\"1080\" \/>\n\t<meta property=\"og:image:type\" content=\"image\/jpeg\" \/>\n<meta name=\"twitter:card\" content=\"summary_large_image\" \/>\n<script type=\"application\/ld+json\" class=\"yoast-schema-graph\">{\"@context\":\"https:\\\/\\\/schema.org\",\"@graph\":[{\"@type\":\"WebPage\",\"@id\":\"https:\\\/\\\/promis.ro\\\/product\\\/woter\\\/\",\"url\":\"https:\\\/\\\/promis.ro\\\/product\\\/woter\\\/\",\"name\":\"Woter - Promis.ro\",\"isPartOf\":{\"@id\":\"https:\\\/\\\/promis.ro\\\/#website\"},\"primaryImageOfPage\":{\"@id\":\"https:\\\/\\\/promis.ro\\\/product\\\/woter\\\/#primaryimage\"},\"image\":{\"@id\":\"https:\\\/\\\/promis.ro\\\/product\\\/woter\\\/#primaryimage\"},\"thumbnailUrl\":\"https:\\\/\\\/promis.ro\\\/wp-content\\\/uploads\\\/2025\\\/11\\\/6467-W-1.jpg\",\"datePublished\":\"2025-11-05T00:43:10+00:00\",\"dateModified\":\"2025-11-11T20:13:18+00:00\",\"description\":\"Ventilator Nature line cu nervuri din lemn \u0219i \u021bes\u0103tur\u0103 din material RPET, ob\u021binut din materiale plastice reciclate, pentru a \u00eencuraja reutilizarea\",\"breadcrumb\":{\"@id\":\"https:\\\/\\\/promis.ro\\\/product\\\/woter\\\/#breadcrumb\"},\"inLanguage\":\"ro-RO\",\"potentialAction\":[{\"@type\":\"ReadAction\",\"target\":[\"https:\\\/\\\/promis.ro\\\/product\\\/woter\\\/\"]}]},{\"@type\":\"ImageObject\",\"inLanguage\":\"ro-RO\",\"@id\":\"https:\\\/\\\/promis.ro\\\/product\\\/woter\\\/#primaryimage\",\"url\":\"https:\\\/\\\/promis.ro\\\/wp-content\\\/uploads\\\/2025\\\/11\\\/6467-W-1.jpg\",\"contentUrl\":\"https:\\\/\\\/promis.ro\\\/wp-content\\\/uploads\\\/2025\\\/11\\\/6467-W-1.jpg\",\"width\":1080,\"height\":1080},{\"@type\":\"BreadcrumbList\",\"@id\":\"https:\\\/\\\/promis.ro\\\/product\\\/woter\\\/#breadcrumb\",\"itemListElement\":[{\"@type\":\"ListItem\",\"position\":1,\"name\":\"Home\",\"item\":\"https:\\\/\\\/promis.ro\\\/\"},{\"@type\":\"ListItem\",\"position\":2,\"name\":\"Magazin\",\"item\":\"https:\\\/\\\/promis.ro\\\/magazin\\\/\"},{\"@type\":\"ListItem\",\"position\":3,\"name\":\"Woter\"}]},{\"@type\":\"WebSite\",\"@id\":\"https:\\\/\\\/promis.ro\\\/#website\",\"url\":\"https:\\\/\\\/promis.ro\\\/\",\"name\":\"Promis.ro\",\"description\":\"\",\"potentialAction\":[{\"@type\":\"SearchAction\",\"target\":{\"@type\":\"EntryPoint\",\"urlTemplate\":\"https:\\\/\\\/promis.ro\\\/?s={search_term_string}\"},\"query-input\":{\"@type\":\"PropertyValueSpecification\",\"valueRequired\":true,\"valueName\":\"search_term_string\"}}],\"inLanguage\":\"ro-RO\"}]}<\/script>\n<!-- \/ Yoast SEO plugin. -->","yoast_head_json":{"title":"Woter - Promis.ro","description":"Ventilator Nature line cu nervuri din lemn \u0219i \u021bes\u0103tur\u0103 din material RPET, ob\u021binut din materiale plastice reciclate, pentru a \u00eencuraja reutilizarea","robots":{"index":"index","follow":"follow","max-snippet":"max-snippet:-1","max-image-preview":"max-image-preview:large","max-video-preview":"max-video-preview:-1"},"canonical":"https:\/\/promis.ro\/ro\/produs\/woter\/","og_locale":"ro_RO","og_type":"article","og_title":"Woter - Promis.ro","og_description":"Ventilator Nature line cu nervuri din lemn \u0219i \u021bes\u0103tur\u0103 din material RPET, ob\u021binut din materiale plastice reciclate, pentru a \u00eencuraja reutilizarea","og_url":"https:\/\/promis.ro\/ro\/produs\/woter\/","og_site_name":"Promis.ro","article_modified_time":"2025-11-11T20:13:18+00:00","og_image":[{"width":1080,"height":1080,"url":"https:\/\/promis.ro\/wp-content\/uploads\/2025\/11\/6467-W-1.jpg","type":"image\/jpeg"}],"twitter_card":"summary_large_image","schema":{"@context":"https:\/\/schema.org","@graph":[{"@type":"WebPage","@id":"https:\/\/promis.ro\/product\/woter\/","url":"https:\/\/promis.ro\/product\/woter\/","name":"Woter - Promis.ro","isPartOf":{"@id":"https:\/\/promis.ro\/#website"},"primaryImageOfPage":{"@id":"https:\/\/promis.ro\/product\/woter\/#primaryimage"},"image":{"@id":"https:\/\/promis.ro\/product\/woter\/#primaryimage"},"thumbnailUrl":"https:\/\/promis.ro\/wp-content\/uploads\/2025\/11\/6467-W-1.jpg","datePublished":"2025-11-05T00:43:10+00:00","dateModified":"2025-11-11T20:13:18+00:00","description":"Ventilator Nature line cu nervuri din lemn \u0219i \u021bes\u0103tur\u0103 din material RPET, ob\u021binut din materiale plastice reciclate, pentru a \u00eencuraja reutilizarea","breadcrumb":{"@id":"https:\/\/promis.ro\/product\/woter\/#breadcrumb"},"inLanguage":"ro-RO","potentialAction":[{"@type":"ReadAction","target":["https:\/\/promis.ro\/product\/woter\/"]}]},{"@type":"ImageObject","inLanguage":"ro-RO","@id":"https:\/\/promis.ro\/product\/woter\/#primaryimage","url":"https:\/\/promis.ro\/wp-content\/uploads\/2025\/11\/6467-W-1.jpg","contentUrl":"https:\/\/promis.ro\/wp-content\/uploads\/2025\/11\/6467-W-1.jpg","width":1080,"height":1080},{"@type":"BreadcrumbList","@id":"https:\/\/promis.ro\/product\/woter\/#breadcrumb","itemListElement":[{"@type":"ListItem","position":1,"name":"Home","item":"https:\/\/promis.ro\/"},{"@type":"ListItem","position":2,"name":"Magazin","item":"https:\/\/promis.ro\/magazin\/"},{"@type":"ListItem","position":3,"name":"Woter"}]},{"@type":"WebSite","@id":"https:\/\/promis.ro\/#website","url":"https:\/\/promis.ro\/","name":"Promis.ro","description":"","potentialAction":[{"@type":"SearchAction","target":{"@type":"EntryPoint","urlTemplate":"https:\/\/promis.ro\/?s={search_term_string}"},"query-input":{"@type":"PropertyValueSpecification","valueRequired":true,"valueName":"search_term_string"}}],"inLanguage":"ro-RO"}]}},"_links":{"self":[{"href":"https:\/\/promis.ro\/ro\/wp-json\/wp\/v2\/product\/104499","targetHints":{"allow":["GET"]}}],"collection":[{"href":"https:\/\/promis.ro\/ro\/wp-json\/wp\/v2\/product"}],"about":[{"href":"https:\/\/promis.ro\/ro\/wp-json\/wp\/v2\/types\/product"}],"replies":[{"embeddable":true,"href":"https:\/\/promis.ro\/ro\/wp-json\/wp\/v2\/comments?post=104499"}],"version-history":[{"count":1,"href":"https:\/\/promis.ro\/ro\/wp-json\/wp\/v2\/product\/104499\/revisions"}],"predecessor-version":[{"id":113910,"href":"https:\/\/promis.ro\/ro\/wp-json\/wp\/v2\/product\/104499\/revisions\/113910"}],"wp:featuredmedia":[{"embeddable":true,"href":"https:\/\/promis.ro\/ro\/wp-json\/wp\/v2\/media\/156613"}],"wp:attachment":[{"href":"https:\/\/promis.ro\/ro\/wp-json\/wp\/v2\/media?parent=104499"}],"wp:term":[{"taxonomy":"product_brand","embeddable":true,"href":"https:\/\/promis.ro\/ro\/wp-json\/wp\/v2\/product_brand?post=104499"},{"taxonomy":"product_cat","embeddable":true,"href":"https:\/\/promis.ro\/ro\/wp-json\/wp\/v2\/product_cat?post=104499"},{"taxonomy":"product_tag","embeddable":true,"href":"https:\/\/promis.ro\/ro\/wp-json\/wp\/v2\/product_tag?post=104499"}],"curies":[{"name":"wp","href":"https:\/\/api.w.org\/{rel}","templated":true}]}}