{"id":104502,"date":"2025-11-05T00:43:12","date_gmt":"2025-11-05T00:43:12","guid":{"rendered":"https:\/\/promis.ro\/product\/kontix-16gb\/"},"modified":"2025-11-11T20:13:25","modified_gmt":"2025-11-11T20:13:25","slug":"kontix-16gb","status":"publish","type":"product","link":"https:\/\/promis.ro\/ro\/produs\/kontix-16gb\/","title":{"rendered":"Kontix 16GB"},"content":{"rendered":"<p>Linie Nature, unitate flash USB de 16GB cu carcas\u0103 \u0219i clips din paie de gr\u00e2u, pentru a \u00eencuraja utilizarea materiilor prime naturale \u0219i reducerea emisiilor de contaminan\u021bi. Mecanism de r\u0103sucire \u0219i prezentat\u0103 \u00eentr-o cutie individual\u0103, cu design ecologic.<\/p>","protected":false},"excerpt":{"rendered":"<p>Linie Nature, unitate flash USB de 16GB cu carcas\u0103 \u0219i clips din paie de gr\u00e2u, pentru a \u00eencuraja utilizarea materiilor<\/p>","protected":false},"featured_media":156621,"comment_status":"open","ping_status":"closed","template":"","meta":[],"product_brand":[],"product_cat":[170],"product_tag":[],"class_list":{"0":"post-104502","1":"product","2":"type-product","3":"status-publish","4":"has-post-thumbnail","6":"product_cat-tehnologie-si-accesorii","8":"first","9":"instock","10":"shipping-taxable","11":"purchasable","12":"product-type-simple"},"_links":{"self":[{"href":"https:\/\/promis.ro\/ro\/wp-json\/wp\/v2\/product\/104502","targetHints":{"allow":["GET"]}}],"collection":[{"href":"https:\/\/promis.ro\/ro\/wp-json\/wp\/v2\/product"}],"about":[{"href":"https:\/\/promis.ro\/ro\/wp-json\/wp\/v2\/types\/product"}],"replies":[{"embeddable":true,"href":"https:\/\/promis.ro\/ro\/wp-json\/wp\/v2\/comments?post=104502"}],"version-history":[{"count":1,"href":"https:\/\/promis.ro\/ro\/wp-json\/wp\/v2\/product\/104502\/revisions"}],"predecessor-version":[{"id":113935,"href":"https:\/\/promis.ro\/ro\/wp-json\/wp\/v2\/product\/104502\/revisions\/113935"}],"wp:featuredmedia":[{"embeddable":true,"href":"https:\/\/promis.ro\/ro\/wp-json\/wp\/v2\/media\/156621"}],"wp:attachment":[{"href":"https:\/\/promis.ro\/ro\/wp-json\/wp\/v2\/media?parent=104502"}],"wp:term":[{"taxonomy":"product_brand","embeddable":true,"href":"https:\/\/promis.ro\/ro\/wp-json\/wp\/v2\/product_brand?post=104502"},{"taxonomy":"product_cat","embeddable":true,"href":"https:\/\/promis.ro\/ro\/wp-json\/wp\/v2\/product_cat?post=104502"},{"taxonomy":"product_tag","embeddable":true,"href":"https:\/\/promis.ro\/ro\/wp-json\/wp\/v2\/product_tag?post=104502"}],"curies":[{"name":"wp","href":"https:\/\/api.w.org\/{rel}","templated":true}]}}