{"id":104530,"date":"2025-11-05T00:43:29","date_gmt":"2025-11-05T00:43:29","guid":{"rendered":"https:\/\/promis.ro\/product\/wofel\/"},"modified":"2025-11-11T20:15:03","modified_gmt":"2025-11-11T20:15:03","slug":"wofel","status":"publish","type":"product","link":"https:\/\/promis.ro\/ro\/produs\/wofel\/","title":{"rendered":"Wofel"},"content":{"rendered":"<p>Pieptene Nature line din paie de gr\u00e2u, pentru a \u00eencuraja utilizarea materiilor prime naturale \u0219i reducerea emisiilor de contaminan\u021bi. Zon\u0103 larg\u0103 de imprimare pe m\u00e2ner.<\/p>","protected":false},"excerpt":{"rendered":"<p>Pieptene Nature line din paie de gr\u00e2u, pentru a \u00eencuraja utilizarea materiilor prime naturale \u0219i reducerea emisiilor de contaminan\u021bi. Zon\u0103<\/p>","protected":false},"featured_media":156696,"comment_status":"open","ping_status":"closed","template":"","meta":[],"product_brand":[],"product_cat":[194],"product_tag":[],"class_list":{"0":"post-104530","1":"product","2":"type-product","3":"status-publish","4":"has-post-thumbnail","6":"product_cat-dama","8":"first","9":"instock","10":"shipping-taxable","11":"purchasable","12":"product-type-simple"},"_links":{"self":[{"href":"https:\/\/promis.ro\/ro\/wp-json\/wp\/v2\/product\/104530","targetHints":{"allow":["GET"]}}],"collection":[{"href":"https:\/\/promis.ro\/ro\/wp-json\/wp\/v2\/product"}],"about":[{"href":"https:\/\/promis.ro\/ro\/wp-json\/wp\/v2\/types\/product"}],"replies":[{"embeddable":true,"href":"https:\/\/promis.ro\/ro\/wp-json\/wp\/v2\/comments?post=104530"}],"version-history":[{"count":1,"href":"https:\/\/promis.ro\/ro\/wp-json\/wp\/v2\/product\/104530\/revisions"}],"predecessor-version":[{"id":113934,"href":"https:\/\/promis.ro\/ro\/wp-json\/wp\/v2\/product\/104530\/revisions\/113934"}],"wp:featuredmedia":[{"embeddable":true,"href":"https:\/\/promis.ro\/ro\/wp-json\/wp\/v2\/media\/156696"}],"wp:attachment":[{"href":"https:\/\/promis.ro\/ro\/wp-json\/wp\/v2\/media?parent=104530"}],"wp:term":[{"taxonomy":"product_brand","embeddable":true,"href":"https:\/\/promis.ro\/ro\/wp-json\/wp\/v2\/product_brand?post=104530"},{"taxonomy":"product_cat","embeddable":true,"href":"https:\/\/promis.ro\/ro\/wp-json\/wp\/v2\/product_cat?post=104530"},{"taxonomy":"product_tag","embeddable":true,"href":"https:\/\/promis.ro\/ro\/wp-json\/wp\/v2\/product_tag?post=104530"}],"curies":[{"name":"wp","href":"https:\/\/api.w.org\/{rel}","templated":true}]}}