{"id":104531,"date":"2025-11-05T00:43:29","date_gmt":"2025-11-05T00:43:29","guid":{"rendered":"https:\/\/promis.ro\/product\/garet\/"},"modified":"2025-11-11T20:15:05","modified_gmt":"2025-11-11T20:15:05","slug":"garet","status":"publish","type":"product","link":"https:\/\/promis.ro\/ro\/produs\/garet\/","title":{"rendered":"Garet"},"content":{"rendered":"<p>Pieptene Nature line din bambus lustruit, cu o zon\u0103 de imprimare larg\u0103 pe m\u00e2ner.<\/p>","protected":false},"excerpt":{"rendered":"<p>Pieptene Nature line din bambus lustruit, cu o zon\u0103 de imprimare larg\u0103 pe m\u00e2ner.<\/p>","protected":false},"featured_media":156698,"comment_status":"open","ping_status":"closed","template":"","meta":[],"product_brand":[],"product_cat":[197],"product_tag":[],"class_list":{"0":"post-104531","1":"product","2":"type-product","3":"status-publish","4":"has-post-thumbnail","6":"product_cat-articole-durabile","8":"first","9":"outofstock","10":"shipping-taxable","11":"purchasable","12":"product-type-simple"},"_links":{"self":[{"href":"https:\/\/promis.ro\/ro\/wp-json\/wp\/v2\/product\/104531","targetHints":{"allow":["GET"]}}],"collection":[{"href":"https:\/\/promis.ro\/ro\/wp-json\/wp\/v2\/product"}],"about":[{"href":"https:\/\/promis.ro\/ro\/wp-json\/wp\/v2\/types\/product"}],"replies":[{"embeddable":true,"href":"https:\/\/promis.ro\/ro\/wp-json\/wp\/v2\/comments?post=104531"}],"version-history":[{"count":1,"href":"https:\/\/promis.ro\/ro\/wp-json\/wp\/v2\/product\/104531\/revisions"}],"predecessor-version":[{"id":113933,"href":"https:\/\/promis.ro\/ro\/wp-json\/wp\/v2\/product\/104531\/revisions\/113933"}],"wp:featuredmedia":[{"embeddable":true,"href":"https:\/\/promis.ro\/ro\/wp-json\/wp\/v2\/media\/156698"}],"wp:attachment":[{"href":"https:\/\/promis.ro\/ro\/wp-json\/wp\/v2\/media?parent=104531"}],"wp:term":[{"taxonomy":"product_brand","embeddable":true,"href":"https:\/\/promis.ro\/ro\/wp-json\/wp\/v2\/product_brand?post=104531"},{"taxonomy":"product_cat","embeddable":true,"href":"https:\/\/promis.ro\/ro\/wp-json\/wp\/v2\/product_cat?post=104531"},{"taxonomy":"product_tag","embeddable":true,"href":"https:\/\/promis.ro\/ro\/wp-json\/wp\/v2\/product_tag?post=104531"}],"curies":[{"name":"wp","href":"https:\/\/api.w.org\/{rel}","templated":true}]}}