{"id":104564,"date":"2025-11-05T00:43:48","date_gmt":"2025-11-05T00:43:48","guid":{"rendered":"https:\/\/promis.ro\/product\/glyner-16gb\/"},"modified":"2025-11-11T20:18:33","modified_gmt":"2025-11-11T20:18:33","slug":"glyner-16gb","status":"publish","type":"product","link":"https:\/\/promis.ro\/ro\/produs\/glyner-16gb\/","title":{"rendered":"Glyner 16GB"},"content":{"rendered":"<p>Card USB flash de 16GB \u00een linia naturii. Design extra plat, din paie de gr\u00e2u, pentru a \u00eencuraja utilizarea materiilor prime naturale \u0219i reducerea emisiilor de contaminan\u021bi. Mecanism de pliere \u0219i prezentat \u00eentr-o cutie atractiv\u0103, individual\u0103, cu design ecologic.<\/p>","protected":false},"excerpt":{"rendered":"<p>Card USB flash de 16GB \u00een linia naturii. Design extra plat, din paie de gr\u00e2u, pentru a \u00eencuraja utilizarea materiilor<\/p>","protected":false},"featured_media":157051,"comment_status":"open","ping_status":"closed","template":"","meta":[],"product_brand":[],"product_cat":[170],"product_tag":[],"class_list":{"0":"post-104564","1":"product","2":"type-product","3":"status-publish","4":"has-post-thumbnail","6":"product_cat-tehnologie-si-accesorii","8":"first","9":"instock","10":"shipping-taxable","11":"purchasable","12":"product-type-simple"},"_links":{"self":[{"href":"https:\/\/promis.ro\/ro\/wp-json\/wp\/v2\/product\/104564","targetHints":{"allow":["GET"]}}],"collection":[{"href":"https:\/\/promis.ro\/ro\/wp-json\/wp\/v2\/product"}],"about":[{"href":"https:\/\/promis.ro\/ro\/wp-json\/wp\/v2\/types\/product"}],"replies":[{"embeddable":true,"href":"https:\/\/promis.ro\/ro\/wp-json\/wp\/v2\/comments?post=104564"}],"version-history":[{"count":1,"href":"https:\/\/promis.ro\/ro\/wp-json\/wp\/v2\/product\/104564\/revisions"}],"predecessor-version":[{"id":113965,"href":"https:\/\/promis.ro\/ro\/wp-json\/wp\/v2\/product\/104564\/revisions\/113965"}],"wp:featuredmedia":[{"embeddable":true,"href":"https:\/\/promis.ro\/ro\/wp-json\/wp\/v2\/media\/157051"}],"wp:attachment":[{"href":"https:\/\/promis.ro\/ro\/wp-json\/wp\/v2\/media?parent=104564"}],"wp:term":[{"taxonomy":"product_brand","embeddable":true,"href":"https:\/\/promis.ro\/ro\/wp-json\/wp\/v2\/product_brand?post=104564"},{"taxonomy":"product_cat","embeddable":true,"href":"https:\/\/promis.ro\/ro\/wp-json\/wp\/v2\/product_cat?post=104564"},{"taxonomy":"product_tag","embeddable":true,"href":"https:\/\/promis.ro\/ro\/wp-json\/wp\/v2\/product_tag?post=104564"}],"curies":[{"name":"wp","href":"https:\/\/api.w.org\/{rel}","templated":true}]}}