{"id":104565,"date":"2025-11-05T00:43:48","date_gmt":"2025-11-05T00:43:48","guid":{"rendered":"https:\/\/promis.ro\/product\/nosux-16gb\/"},"modified":"2025-11-11T20:18:37","modified_gmt":"2025-11-11T20:18:37","slug":"nosux-16gb","status":"publish","type":"product","link":"https:\/\/promis.ro\/ro\/produs\/nosux-16gb\/","title":{"rendered":"Nosux 16GB"},"content":{"rendered":"<p>Linia Nature, unitate flash USB de 16GB cu carcas\u0103 din carton reciclat. Prezentat\u0103 \u00eentr-un pouch natural din plut\u0103 \u0219i \u00eentr-o cutie individual\u0103 cu design ecologic.<\/p>","protected":false},"excerpt":{"rendered":"<p>Linia Nature, unitate flash USB de 16GB cu carcas\u0103 din carton reciclat. Prezentat\u0103 \u00eentr-un pouch natural din plut\u0103 \u0219i \u00eentr-o<\/p>","protected":false},"featured_media":157052,"comment_status":"open","ping_status":"closed","template":"","meta":[],"product_brand":[],"product_cat":[170],"product_tag":[],"class_list":{"0":"post-104565","1":"product","2":"type-product","3":"status-publish","4":"has-post-thumbnail","6":"product_cat-tehnologie-si-accesorii","8":"first","9":"outofstock","10":"shipping-taxable","11":"purchasable","12":"product-type-simple"},"_links":{"self":[{"href":"https:\/\/promis.ro\/ro\/wp-json\/wp\/v2\/product\/104565","targetHints":{"allow":["GET"]}}],"collection":[{"href":"https:\/\/promis.ro\/ro\/wp-json\/wp\/v2\/product"}],"about":[{"href":"https:\/\/promis.ro\/ro\/wp-json\/wp\/v2\/types\/product"}],"replies":[{"embeddable":true,"href":"https:\/\/promis.ro\/ro\/wp-json\/wp\/v2\/comments?post=104565"}],"version-history":[{"count":1,"href":"https:\/\/promis.ro\/ro\/wp-json\/wp\/v2\/product\/104565\/revisions"}],"predecessor-version":[{"id":113962,"href":"https:\/\/promis.ro\/ro\/wp-json\/wp\/v2\/product\/104565\/revisions\/113962"}],"wp:featuredmedia":[{"embeddable":true,"href":"https:\/\/promis.ro\/ro\/wp-json\/wp\/v2\/media\/157052"}],"wp:attachment":[{"href":"https:\/\/promis.ro\/ro\/wp-json\/wp\/v2\/media?parent=104565"}],"wp:term":[{"taxonomy":"product_brand","embeddable":true,"href":"https:\/\/promis.ro\/ro\/wp-json\/wp\/v2\/product_brand?post=104565"},{"taxonomy":"product_cat","embeddable":true,"href":"https:\/\/promis.ro\/ro\/wp-json\/wp\/v2\/product_cat?post=104565"},{"taxonomy":"product_tag","embeddable":true,"href":"https:\/\/promis.ro\/ro\/wp-json\/wp\/v2\/product_tag?post=104565"}],"curies":[{"name":"wp","href":"https:\/\/api.w.org\/{rel}","templated":true}]}}