{"id":104566,"date":"2025-11-05T00:43:48","date_gmt":"2025-11-05T00:43:48","guid":{"rendered":"https:\/\/promis.ro\/product\/plibun\/"},"modified":"2025-11-11T20:18:42","modified_gmt":"2025-11-11T20:18:42","slug":"plibun","status":"publish","type":"product","link":"https:\/\/promis.ro\/ro\/produs\/plibun\/","title":{"rendered":"Plibun"},"content":{"rendered":"<p>Sticl\u0103 de mas\u0103 din sticl\u0103, fabricat\u0103 din plut\u0103 natural\u0103, cu o capacitate de 350 ml. Dispenser \u0219i capac u\u0219or de deschis din PP, f\u0103r\u0103 BPA. Este ideal\u0103 pentru biroul t\u0103u, mas\u0103 sau orice suprafa\u021b\u0103 unde po\u021bi savura b\u0103utura ta preferat\u0103.<\/p>","protected":false},"excerpt":{"rendered":"<p>Sticl\u0103 de mas\u0103 din sticl\u0103, fabricat\u0103 din plut\u0103 natural\u0103, cu o capacitate de 350 ml. Dispenser \u0219i capac u\u0219or de<\/p>","protected":false},"featured_media":157055,"comment_status":"open","ping_status":"closed","template":"","meta":[],"product_brand":[],"product_cat":[172],"product_tag":[],"class_list":{"0":"post-104566","1":"product","2":"type-product","3":"status-publish","4":"has-post-thumbnail","6":"product_cat-cani-borcane-si-thermosuri","8":"first","9":"instock","10":"shipping-taxable","11":"purchasable","12":"product-type-simple"},"_links":{"self":[{"href":"https:\/\/promis.ro\/ro\/wp-json\/wp\/v2\/product\/104566","targetHints":{"allow":["GET"]}}],"collection":[{"href":"https:\/\/promis.ro\/ro\/wp-json\/wp\/v2\/product"}],"about":[{"href":"https:\/\/promis.ro\/ro\/wp-json\/wp\/v2\/types\/product"}],"replies":[{"embeddable":true,"href":"https:\/\/promis.ro\/ro\/wp-json\/wp\/v2\/comments?post=104566"}],"version-history":[{"count":1,"href":"https:\/\/promis.ro\/ro\/wp-json\/wp\/v2\/product\/104566\/revisions"}],"predecessor-version":[{"id":113973,"href":"https:\/\/promis.ro\/ro\/wp-json\/wp\/v2\/product\/104566\/revisions\/113973"}],"wp:featuredmedia":[{"embeddable":true,"href":"https:\/\/promis.ro\/ro\/wp-json\/wp\/v2\/media\/157055"}],"wp:attachment":[{"href":"https:\/\/promis.ro\/ro\/wp-json\/wp\/v2\/media?parent=104566"}],"wp:term":[{"taxonomy":"product_brand","embeddable":true,"href":"https:\/\/promis.ro\/ro\/wp-json\/wp\/v2\/product_brand?post=104566"},{"taxonomy":"product_cat","embeddable":true,"href":"https:\/\/promis.ro\/ro\/wp-json\/wp\/v2\/product_cat?post=104566"},{"taxonomy":"product_tag","embeddable":true,"href":"https:\/\/promis.ro\/ro\/wp-json\/wp\/v2\/product_tag?post=104566"}],"curies":[{"name":"wp","href":"https:\/\/api.w.org\/{rel}","templated":true}]}}