{"id":104782,"date":"2025-11-05T00:45:51","date_gmt":"2025-11-05T00:45:51","guid":{"rendered":"https:\/\/promis.ro\/product\/sulkan\/"},"modified":"2025-11-11T20:21:10","modified_gmt":"2025-11-11T20:21:10","slug":"sulkan","status":"publish","type":"product","link":"https:\/\/promis.ro\/ro\/produs\/sulkan\/","title":{"rendered":"Sulkan"},"content":{"rendered":"<p>Geant\u0103 de documente\/rucksack multifunc\u021bional\u0103 din poliester denim rezistent 600D. Design urban cu buzunar antifurt, inclusiv conexiune USB pentru \u00eenc\u0103rcarea dispozitivelor mobile (cablul inclus, bateria auxiliar\u0103 nu este inclus\u0103) \u0219i un compartiment c\u0103ptu\u0219it pentru laptopuri de p\u00e2n\u0103 la 17 inci. Buzunare \u00eent\u0103rite, cu \u00eenchidere cu cataram\u0103 de securitate \u0219i compartimente cu fermoare duble. Bretele de um\u0103r c\u0103ptu\u0219ite, ajustabile \u0219i spate c\u0103ptu\u0219it, cu accesoriu pentru trolley \u0219i un buzunar pentru ascunderea bretelelor de um\u0103r atunci c\u00e2nd este utilizat\u0103 ca geant\u0103 de documente.<\/p>","protected":false},"excerpt":{"rendered":"<p>Geant\u0103 de documente\/rucksack multifunc\u021bional\u0103 din poliester denim rezistent 600D. Design urban cu buzunar antifurt, inclusiv conexiune USB pentru \u00eenc\u0103rcarea dispozitivelor<\/p>","protected":false},"featured_media":157172,"comment_status":"open","ping_status":"closed","template":"","meta":[],"product_brand":[],"product_cat":[169],"product_tag":[],"class_list":{"0":"post-104782","1":"product","2":"type-product","3":"status-publish","4":"has-post-thumbnail","6":"product_cat-ghiozdane","8":"first","9":"instock","10":"shipping-taxable","11":"purchasable","12":"product-type-simple"},"_links":{"self":[{"href":"https:\/\/promis.ro\/ro\/wp-json\/wp\/v2\/product\/104782","targetHints":{"allow":["GET"]}}],"collection":[{"href":"https:\/\/promis.ro\/ro\/wp-json\/wp\/v2\/product"}],"about":[{"href":"https:\/\/promis.ro\/ro\/wp-json\/wp\/v2\/types\/product"}],"replies":[{"embeddable":true,"href":"https:\/\/promis.ro\/ro\/wp-json\/wp\/v2\/comments?post=104782"}],"version-history":[{"count":1,"href":"https:\/\/promis.ro\/ro\/wp-json\/wp\/v2\/product\/104782\/revisions"}],"predecessor-version":[{"id":114021,"href":"https:\/\/promis.ro\/ro\/wp-json\/wp\/v2\/product\/104782\/revisions\/114021"}],"wp:featuredmedia":[{"embeddable":true,"href":"https:\/\/promis.ro\/ro\/wp-json\/wp\/v2\/media\/157172"}],"wp:attachment":[{"href":"https:\/\/promis.ro\/ro\/wp-json\/wp\/v2\/media?parent=104782"}],"wp:term":[{"taxonomy":"product_brand","embeddable":true,"href":"https:\/\/promis.ro\/ro\/wp-json\/wp\/v2\/product_brand?post=104782"},{"taxonomy":"product_cat","embeddable":true,"href":"https:\/\/promis.ro\/ro\/wp-json\/wp\/v2\/product_cat?post=104782"},{"taxonomy":"product_tag","embeddable":true,"href":"https:\/\/promis.ro\/ro\/wp-json\/wp\/v2\/product_tag?post=104782"}],"curies":[{"name":"wp","href":"https:\/\/api.w.org\/{rel}","templated":true}]}}