{"id":104790,"date":"2025-11-05T00:45:55","date_gmt":"2025-11-05T00:45:55","guid":{"rendered":"https:\/\/promis.ro\/product\/organic-natural\/"},"modified":"2025-11-11T20:25:40","modified_gmt":"2025-11-11T20:25:40","slug":"organic-natural","status":"publish","type":"product","link":"https:\/\/promis.ro\/ro\/produs\/organic-natural\/","title":{"rendered":"Organic Natural"},"content":{"rendered":"<p>MC150 Keya tricou pentru adul\u021bi din 100% bumbac organic, material jerseyl 150g\/m2. Disponibil \u00een culoarea natural\u0103 \u0219i \u00een m\u0103rimile S, M, L, XL, XXL. Organic distinctiv pe etichet\u0103.<\/p>","protected":false},"excerpt":{"rendered":"<p>MC150 Keya tricou pentru adul\u021bi din 100% bumbac organic, material jerseyl 150g\/m2. Disponibil \u00een culoarea natural\u0103 \u0219i \u00een m\u0103rimile S,<\/p>","protected":false},"featured_media":157196,"comment_status":"open","ping_status":"closed","template":"","meta":[],"product_brand":[],"product_cat":[197],"product_tag":[],"class_list":{"0":"post-104790","1":"product","2":"type-product","3":"status-publish","4":"has-post-thumbnail","6":"product_cat-articole-durabile","8":"first","9":"outofstock","10":"shipping-taxable","11":"purchasable","12":"product-type-variable"},"yoast_head":"<!-- This site is optimized with the Yoast SEO plugin v27.4 - https:\/\/yoast.com\/product\/yoast-seo-wordpress\/ -->\n<title>Organic Natural - Promis.ro<\/title>\n<meta name=\"description\" content=\"MC150 Keya tricou pentru adul\u021bi din 100% bumbac organic, material jerseyl 150g\/m2. Disponibil \u00een culoarea natural\u0103 \u0219i \u00een m\u0103rimile S, M, L, XL, XXL.\" \/>\n<meta name=\"robots\" content=\"index, follow, max-snippet:-1, max-image-preview:large, max-video-preview:-1\" \/>\n<link rel=\"canonical\" href=\"https:\/\/promis.ro\/ro\/produs\/organic-natural\/\" \/>\n<meta property=\"og:locale\" content=\"ro_RO\" \/>\n<meta property=\"og:type\" content=\"article\" \/>\n<meta property=\"og:title\" content=\"Organic Natural - Promis.ro\" \/>\n<meta property=\"og:description\" content=\"MC150 Keya tricou pentru adul\u021bi din 100% bumbac organic, material jerseyl 150g\/m2. Disponibil \u00een culoarea natural\u0103 \u0219i \u00een m\u0103rimile S, M, L, XL, XXL.\" \/>\n<meta property=\"og:url\" content=\"https:\/\/promis.ro\/ro\/produs\/organic-natural\/\" \/>\n<meta property=\"og:site_name\" content=\"Promis.ro\" \/>\n<meta property=\"article:modified_time\" content=\"2025-11-11T20:25:40+00:00\" \/>\n<meta property=\"og:image\" content=\"https:\/\/promis.ro\/wp-content\/uploads\/2025\/11\/6630-W-1.jpg\" \/>\n\t<meta property=\"og:image:width\" content=\"1080\" \/>\n\t<meta property=\"og:image:height\" content=\"1080\" \/>\n\t<meta property=\"og:image:type\" content=\"image\/jpeg\" \/>\n<meta name=\"twitter:card\" content=\"summary_large_image\" \/>\n<script type=\"application\/ld+json\" class=\"yoast-schema-graph\">{\"@context\":\"https:\\\/\\\/schema.org\",\"@graph\":[{\"@type\":\"WebPage\",\"@id\":\"https:\\\/\\\/promis.ro\\\/product\\\/organic-natural\\\/\",\"url\":\"https:\\\/\\\/promis.ro\\\/product\\\/organic-natural\\\/\",\"name\":\"Organic Natural - Promis.ro\",\"isPartOf\":{\"@id\":\"https:\\\/\\\/promis.ro\\\/#website\"},\"primaryImageOfPage\":{\"@id\":\"https:\\\/\\\/promis.ro\\\/product\\\/organic-natural\\\/#primaryimage\"},\"image\":{\"@id\":\"https:\\\/\\\/promis.ro\\\/product\\\/organic-natural\\\/#primaryimage\"},\"thumbnailUrl\":\"https:\\\/\\\/promis.ro\\\/wp-content\\\/uploads\\\/2025\\\/11\\\/6630-W-1.jpg\",\"datePublished\":\"2025-11-05T00:45:55+00:00\",\"dateModified\":\"2025-11-11T20:25:40+00:00\",\"description\":\"MC150 Keya tricou pentru adul\u021bi din 100% bumbac organic, material jerseyl 150g\\\/m2. Disponibil \u00een culoarea natural\u0103 \u0219i \u00een m\u0103rimile S, M, L, XL, XXL.\",\"breadcrumb\":{\"@id\":\"https:\\\/\\\/promis.ro\\\/product\\\/organic-natural\\\/#breadcrumb\"},\"inLanguage\":\"ro-RO\",\"potentialAction\":[{\"@type\":\"ReadAction\",\"target\":[\"https:\\\/\\\/promis.ro\\\/product\\\/organic-natural\\\/\"]}]},{\"@type\":\"ImageObject\",\"inLanguage\":\"ro-RO\",\"@id\":\"https:\\\/\\\/promis.ro\\\/product\\\/organic-natural\\\/#primaryimage\",\"url\":\"https:\\\/\\\/promis.ro\\\/wp-content\\\/uploads\\\/2025\\\/11\\\/6630-W-1.jpg\",\"contentUrl\":\"https:\\\/\\\/promis.ro\\\/wp-content\\\/uploads\\\/2025\\\/11\\\/6630-W-1.jpg\",\"width\":1080,\"height\":1080},{\"@type\":\"BreadcrumbList\",\"@id\":\"https:\\\/\\\/promis.ro\\\/product\\\/organic-natural\\\/#breadcrumb\",\"itemListElement\":[{\"@type\":\"ListItem\",\"position\":1,\"name\":\"Home\",\"item\":\"https:\\\/\\\/promis.ro\\\/\"},{\"@type\":\"ListItem\",\"position\":2,\"name\":\"Magazin\",\"item\":\"https:\\\/\\\/promis.ro\\\/magazin\\\/\"},{\"@type\":\"ListItem\",\"position\":3,\"name\":\"Organic Natural\"}]},{\"@type\":\"WebSite\",\"@id\":\"https:\\\/\\\/promis.ro\\\/#website\",\"url\":\"https:\\\/\\\/promis.ro\\\/\",\"name\":\"Promis.ro\",\"description\":\"\",\"potentialAction\":[{\"@type\":\"SearchAction\",\"target\":{\"@type\":\"EntryPoint\",\"urlTemplate\":\"https:\\\/\\\/promis.ro\\\/?s={search_term_string}\"},\"query-input\":{\"@type\":\"PropertyValueSpecification\",\"valueRequired\":true,\"valueName\":\"search_term_string\"}}],\"inLanguage\":\"ro-RO\"}]}<\/script>\n<!-- \/ Yoast SEO plugin. -->","yoast_head_json":{"title":"Organic Natural - Promis.ro","description":"MC150 Keya tricou pentru adul\u021bi din 100% bumbac organic, material jerseyl 150g\/m2. Disponibil \u00een culoarea natural\u0103 \u0219i \u00een m\u0103rimile S, M, L, XL, XXL.","robots":{"index":"index","follow":"follow","max-snippet":"max-snippet:-1","max-image-preview":"max-image-preview:large","max-video-preview":"max-video-preview:-1"},"canonical":"https:\/\/promis.ro\/ro\/produs\/organic-natural\/","og_locale":"ro_RO","og_type":"article","og_title":"Organic Natural - Promis.ro","og_description":"MC150 Keya tricou pentru adul\u021bi din 100% bumbac organic, material jerseyl 150g\/m2. Disponibil \u00een culoarea natural\u0103 \u0219i \u00een m\u0103rimile S, M, L, XL, XXL.","og_url":"https:\/\/promis.ro\/ro\/produs\/organic-natural\/","og_site_name":"Promis.ro","article_modified_time":"2025-11-11T20:25:40+00:00","og_image":[{"width":1080,"height":1080,"url":"https:\/\/promis.ro\/wp-content\/uploads\/2025\/11\/6630-W-1.jpg","type":"image\/jpeg"}],"twitter_card":"summary_large_image","schema":{"@context":"https:\/\/schema.org","@graph":[{"@type":"WebPage","@id":"https:\/\/promis.ro\/product\/organic-natural\/","url":"https:\/\/promis.ro\/product\/organic-natural\/","name":"Organic Natural - Promis.ro","isPartOf":{"@id":"https:\/\/promis.ro\/#website"},"primaryImageOfPage":{"@id":"https:\/\/promis.ro\/product\/organic-natural\/#primaryimage"},"image":{"@id":"https:\/\/promis.ro\/product\/organic-natural\/#primaryimage"},"thumbnailUrl":"https:\/\/promis.ro\/wp-content\/uploads\/2025\/11\/6630-W-1.jpg","datePublished":"2025-11-05T00:45:55+00:00","dateModified":"2025-11-11T20:25:40+00:00","description":"MC150 Keya tricou pentru adul\u021bi din 100% bumbac organic, material jerseyl 150g\/m2. Disponibil \u00een culoarea natural\u0103 \u0219i \u00een m\u0103rimile S, M, L, XL, XXL.","breadcrumb":{"@id":"https:\/\/promis.ro\/product\/organic-natural\/#breadcrumb"},"inLanguage":"ro-RO","potentialAction":[{"@type":"ReadAction","target":["https:\/\/promis.ro\/product\/organic-natural\/"]}]},{"@type":"ImageObject","inLanguage":"ro-RO","@id":"https:\/\/promis.ro\/product\/organic-natural\/#primaryimage","url":"https:\/\/promis.ro\/wp-content\/uploads\/2025\/11\/6630-W-1.jpg","contentUrl":"https:\/\/promis.ro\/wp-content\/uploads\/2025\/11\/6630-W-1.jpg","width":1080,"height":1080},{"@type":"BreadcrumbList","@id":"https:\/\/promis.ro\/product\/organic-natural\/#breadcrumb","itemListElement":[{"@type":"ListItem","position":1,"name":"Home","item":"https:\/\/promis.ro\/"},{"@type":"ListItem","position":2,"name":"Magazin","item":"https:\/\/promis.ro\/magazin\/"},{"@type":"ListItem","position":3,"name":"Organic Natural"}]},{"@type":"WebSite","@id":"https:\/\/promis.ro\/#website","url":"https:\/\/promis.ro\/","name":"Promis.ro","description":"","potentialAction":[{"@type":"SearchAction","target":{"@type":"EntryPoint","urlTemplate":"https:\/\/promis.ro\/?s={search_term_string}"},"query-input":{"@type":"PropertyValueSpecification","valueRequired":true,"valueName":"search_term_string"}}],"inLanguage":"ro-RO"}]}},"_links":{"self":[{"href":"https:\/\/promis.ro\/ro\/wp-json\/wp\/v2\/product\/104790","targetHints":{"allow":["GET"]}}],"collection":[{"href":"https:\/\/promis.ro\/ro\/wp-json\/wp\/v2\/product"}],"about":[{"href":"https:\/\/promis.ro\/ro\/wp-json\/wp\/v2\/types\/product"}],"replies":[{"embeddable":true,"href":"https:\/\/promis.ro\/ro\/wp-json\/wp\/v2\/comments?post=104790"}],"version-history":[{"count":1,"href":"https:\/\/promis.ro\/ro\/wp-json\/wp\/v2\/product\/104790\/revisions"}],"predecessor-version":[{"id":114014,"href":"https:\/\/promis.ro\/ro\/wp-json\/wp\/v2\/product\/104790\/revisions\/114014"}],"wp:featuredmedia":[{"embeddable":true,"href":"https:\/\/promis.ro\/ro\/wp-json\/wp\/v2\/media\/157196"}],"wp:attachment":[{"href":"https:\/\/promis.ro\/ro\/wp-json\/wp\/v2\/media?parent=104790"}],"wp:term":[{"taxonomy":"product_brand","embeddable":true,"href":"https:\/\/promis.ro\/ro\/wp-json\/wp\/v2\/product_brand?post=104790"},{"taxonomy":"product_cat","embeddable":true,"href":"https:\/\/promis.ro\/ro\/wp-json\/wp\/v2\/product_cat?post=104790"},{"taxonomy":"product_tag","embeddable":true,"href":"https:\/\/promis.ro\/ro\/wp-json\/wp\/v2\/product_tag?post=104790"}],"curies":[{"name":"wp","href":"https:\/\/api.w.org\/{rel}","templated":true}]}}