{"id":104794,"date":"2025-11-05T00:45:57","date_gmt":"2025-11-05T00:45:57","guid":{"rendered":"https:\/\/promis.ro\/product\/rokal\/"},"modified":"2025-11-11T20:21:50","modified_gmt":"2025-11-11T20:21:50","slug":"rokal","status":"publish","type":"product","link":"https:\/\/promis.ro\/ro\/produs\/rokal\/","title":{"rendered":"Rokal"},"content":{"rendered":"<p>Gel hidroalcoolic pentru igien\u0103 \u0219i cur\u0103\u021barea pielii \u00eentr-o sticl\u0103 de 60 ml, reutilizabil\u0103, cu dozator \u0219i capac de siguran\u021b\u0103. Corp transparent \u0219i capac de culoare alb\u0103. Solu\u021bie cu 65% con\u021binut de alcool. Articol cu certificare GMP (Bune Practici de Fabricare) care garanteaz\u0103 respectarea unor m\u0103suri riguroase de control pentru ob\u021binerea unui produs sigur \u0219i de calitate.<\/p>","protected":false},"excerpt":{"rendered":"<p>Gel hidroalcoolic pentru igien\u0103 \u0219i cur\u0103\u021barea pielii \u00eentr-o sticl\u0103 de 60 ml, reutilizabil\u0103, cu dozator \u0219i capac de siguran\u021b\u0103. Corp<\/p>","protected":false},"featured_media":157205,"comment_status":"open","ping_status":"closed","template":"","meta":[],"product_brand":[],"product_cat":[200],"product_tag":[],"class_list":{"0":"post-104794","1":"product","2":"type-product","3":"status-publish","4":"has-post-thumbnail","6":"product_cat-colectie-protectie-igienica","8":"first","9":"instock","10":"shipping-taxable","11":"purchasable","12":"product-type-simple"},"yoast_head":"<!-- This site is optimized with the Yoast SEO plugin v27.4 - https:\/\/yoast.com\/product\/yoast-seo-wordpress\/ -->\n<title>Rokal - Promis.ro<\/title>\n<meta name=\"description\" content=\"Gel hidroalcoolic pentru igien\u0103 \u0219i cur\u0103\u021barea pielii \u00eentr-o sticl\u0103 de 60 ml, reutilizabil\u0103, cu dozator \u0219i capac de siguran\u021b\u0103. Corp transparent \u0219i capac de\" \/>\n<meta name=\"robots\" content=\"index, follow, max-snippet:-1, max-image-preview:large, max-video-preview:-1\" \/>\n<link rel=\"canonical\" href=\"https:\/\/promis.ro\/ro\/produs\/rokal\/\" \/>\n<meta property=\"og:locale\" content=\"ro_RO\" \/>\n<meta property=\"og:type\" content=\"article\" \/>\n<meta property=\"og:title\" content=\"Rokal - Promis.ro\" \/>\n<meta property=\"og:description\" content=\"Gel hidroalcoolic pentru igien\u0103 \u0219i cur\u0103\u021barea pielii \u00eentr-o sticl\u0103 de 60 ml, reutilizabil\u0103, cu dozator \u0219i capac de siguran\u021b\u0103. Corp transparent \u0219i capac de\" \/>\n<meta property=\"og:url\" content=\"https:\/\/promis.ro\/ro\/produs\/rokal\/\" \/>\n<meta property=\"og:site_name\" content=\"Promis.ro\" \/>\n<meta property=\"article:modified_time\" content=\"2025-11-11T20:21:50+00:00\" \/>\n<meta property=\"og:image\" content=\"https:\/\/promis.ro\/wp-content\/uploads\/2025\/11\/6639-W-1.jpg\" \/>\n\t<meta property=\"og:image:width\" content=\"1080\" \/>\n\t<meta property=\"og:image:height\" content=\"1080\" \/>\n\t<meta property=\"og:image:type\" content=\"image\/jpeg\" \/>\n<meta name=\"twitter:card\" content=\"summary_large_image\" \/>\n<script type=\"application\/ld+json\" class=\"yoast-schema-graph\">{\"@context\":\"https:\\\/\\\/schema.org\",\"@graph\":[{\"@type\":\"WebPage\",\"@id\":\"https:\\\/\\\/promis.ro\\\/product\\\/rokal\\\/\",\"url\":\"https:\\\/\\\/promis.ro\\\/product\\\/rokal\\\/\",\"name\":\"Rokal - Promis.ro\",\"isPartOf\":{\"@id\":\"https:\\\/\\\/promis.ro\\\/#website\"},\"primaryImageOfPage\":{\"@id\":\"https:\\\/\\\/promis.ro\\\/product\\\/rokal\\\/#primaryimage\"},\"image\":{\"@id\":\"https:\\\/\\\/promis.ro\\\/product\\\/rokal\\\/#primaryimage\"},\"thumbnailUrl\":\"https:\\\/\\\/promis.ro\\\/wp-content\\\/uploads\\\/2025\\\/11\\\/6639-W-1.jpg\",\"datePublished\":\"2025-11-05T00:45:57+00:00\",\"dateModified\":\"2025-11-11T20:21:50+00:00\",\"description\":\"Gel hidroalcoolic pentru igien\u0103 \u0219i cur\u0103\u021barea pielii \u00eentr-o sticl\u0103 de 60 ml, reutilizabil\u0103, cu dozator \u0219i capac de siguran\u021b\u0103. Corp transparent \u0219i capac de\",\"breadcrumb\":{\"@id\":\"https:\\\/\\\/promis.ro\\\/product\\\/rokal\\\/#breadcrumb\"},\"inLanguage\":\"ro-RO\",\"potentialAction\":[{\"@type\":\"ReadAction\",\"target\":[\"https:\\\/\\\/promis.ro\\\/product\\\/rokal\\\/\"]}]},{\"@type\":\"ImageObject\",\"inLanguage\":\"ro-RO\",\"@id\":\"https:\\\/\\\/promis.ro\\\/product\\\/rokal\\\/#primaryimage\",\"url\":\"https:\\\/\\\/promis.ro\\\/wp-content\\\/uploads\\\/2025\\\/11\\\/6639-W-1.jpg\",\"contentUrl\":\"https:\\\/\\\/promis.ro\\\/wp-content\\\/uploads\\\/2025\\\/11\\\/6639-W-1.jpg\",\"width\":1080,\"height\":1080},{\"@type\":\"BreadcrumbList\",\"@id\":\"https:\\\/\\\/promis.ro\\\/product\\\/rokal\\\/#breadcrumb\",\"itemListElement\":[{\"@type\":\"ListItem\",\"position\":1,\"name\":\"Home\",\"item\":\"https:\\\/\\\/promis.ro\\\/\"},{\"@type\":\"ListItem\",\"position\":2,\"name\":\"Magazin\",\"item\":\"https:\\\/\\\/promis.ro\\\/magazin\\\/\"},{\"@type\":\"ListItem\",\"position\":3,\"name\":\"Rokal\"}]},{\"@type\":\"WebSite\",\"@id\":\"https:\\\/\\\/promis.ro\\\/#website\",\"url\":\"https:\\\/\\\/promis.ro\\\/\",\"name\":\"Promis.ro\",\"description\":\"\",\"potentialAction\":[{\"@type\":\"SearchAction\",\"target\":{\"@type\":\"EntryPoint\",\"urlTemplate\":\"https:\\\/\\\/promis.ro\\\/?s={search_term_string}\"},\"query-input\":{\"@type\":\"PropertyValueSpecification\",\"valueRequired\":true,\"valueName\":\"search_term_string\"}}],\"inLanguage\":\"ro-RO\"}]}<\/script>\n<!-- \/ Yoast SEO plugin. -->","yoast_head_json":{"title":"Rokal - Promis.ro","description":"Gel hidroalcoolic pentru igien\u0103 \u0219i cur\u0103\u021barea pielii \u00eentr-o sticl\u0103 de 60 ml, reutilizabil\u0103, cu dozator \u0219i capac de siguran\u021b\u0103. Corp transparent \u0219i capac de","robots":{"index":"index","follow":"follow","max-snippet":"max-snippet:-1","max-image-preview":"max-image-preview:large","max-video-preview":"max-video-preview:-1"},"canonical":"https:\/\/promis.ro\/ro\/produs\/rokal\/","og_locale":"ro_RO","og_type":"article","og_title":"Rokal - Promis.ro","og_description":"Gel hidroalcoolic pentru igien\u0103 \u0219i cur\u0103\u021barea pielii \u00eentr-o sticl\u0103 de 60 ml, reutilizabil\u0103, cu dozator \u0219i capac de siguran\u021b\u0103. Corp transparent \u0219i capac de","og_url":"https:\/\/promis.ro\/ro\/produs\/rokal\/","og_site_name":"Promis.ro","article_modified_time":"2025-11-11T20:21:50+00:00","og_image":[{"width":1080,"height":1080,"url":"https:\/\/promis.ro\/wp-content\/uploads\/2025\/11\/6639-W-1.jpg","type":"image\/jpeg"}],"twitter_card":"summary_large_image","schema":{"@context":"https:\/\/schema.org","@graph":[{"@type":"WebPage","@id":"https:\/\/promis.ro\/product\/rokal\/","url":"https:\/\/promis.ro\/product\/rokal\/","name":"Rokal - Promis.ro","isPartOf":{"@id":"https:\/\/promis.ro\/#website"},"primaryImageOfPage":{"@id":"https:\/\/promis.ro\/product\/rokal\/#primaryimage"},"image":{"@id":"https:\/\/promis.ro\/product\/rokal\/#primaryimage"},"thumbnailUrl":"https:\/\/promis.ro\/wp-content\/uploads\/2025\/11\/6639-W-1.jpg","datePublished":"2025-11-05T00:45:57+00:00","dateModified":"2025-11-11T20:21:50+00:00","description":"Gel hidroalcoolic pentru igien\u0103 \u0219i cur\u0103\u021barea pielii \u00eentr-o sticl\u0103 de 60 ml, reutilizabil\u0103, cu dozator \u0219i capac de siguran\u021b\u0103. Corp transparent \u0219i capac de","breadcrumb":{"@id":"https:\/\/promis.ro\/product\/rokal\/#breadcrumb"},"inLanguage":"ro-RO","potentialAction":[{"@type":"ReadAction","target":["https:\/\/promis.ro\/product\/rokal\/"]}]},{"@type":"ImageObject","inLanguage":"ro-RO","@id":"https:\/\/promis.ro\/product\/rokal\/#primaryimage","url":"https:\/\/promis.ro\/wp-content\/uploads\/2025\/11\/6639-W-1.jpg","contentUrl":"https:\/\/promis.ro\/wp-content\/uploads\/2025\/11\/6639-W-1.jpg","width":1080,"height":1080},{"@type":"BreadcrumbList","@id":"https:\/\/promis.ro\/product\/rokal\/#breadcrumb","itemListElement":[{"@type":"ListItem","position":1,"name":"Home","item":"https:\/\/promis.ro\/"},{"@type":"ListItem","position":2,"name":"Magazin","item":"https:\/\/promis.ro\/magazin\/"},{"@type":"ListItem","position":3,"name":"Rokal"}]},{"@type":"WebSite","@id":"https:\/\/promis.ro\/#website","url":"https:\/\/promis.ro\/","name":"Promis.ro","description":"","potentialAction":[{"@type":"SearchAction","target":{"@type":"EntryPoint","urlTemplate":"https:\/\/promis.ro\/?s={search_term_string}"},"query-input":{"@type":"PropertyValueSpecification","valueRequired":true,"valueName":"search_term_string"}}],"inLanguage":"ro-RO"}]}},"_links":{"self":[{"href":"https:\/\/promis.ro\/ro\/wp-json\/wp\/v2\/product\/104794","targetHints":{"allow":["GET"]}}],"collection":[{"href":"https:\/\/promis.ro\/ro\/wp-json\/wp\/v2\/product"}],"about":[{"href":"https:\/\/promis.ro\/ro\/wp-json\/wp\/v2\/types\/product"}],"replies":[{"embeddable":true,"href":"https:\/\/promis.ro\/ro\/wp-json\/wp\/v2\/comments?post=104794"}],"version-history":[{"count":1,"href":"https:\/\/promis.ro\/ro\/wp-json\/wp\/v2\/product\/104794\/revisions"}],"predecessor-version":[{"id":114047,"href":"https:\/\/promis.ro\/ro\/wp-json\/wp\/v2\/product\/104794\/revisions\/114047"}],"wp:featuredmedia":[{"embeddable":true,"href":"https:\/\/promis.ro\/ro\/wp-json\/wp\/v2\/media\/157205"}],"wp:attachment":[{"href":"https:\/\/promis.ro\/ro\/wp-json\/wp\/v2\/media?parent=104794"}],"wp:term":[{"taxonomy":"product_brand","embeddable":true,"href":"https:\/\/promis.ro\/ro\/wp-json\/wp\/v2\/product_brand?post=104794"},{"taxonomy":"product_cat","embeddable":true,"href":"https:\/\/promis.ro\/ro\/wp-json\/wp\/v2\/product_cat?post=104794"},{"taxonomy":"product_tag","embeddable":true,"href":"https:\/\/promis.ro\/ro\/wp-json\/wp\/v2\/product_tag?post=104794"}],"curies":[{"name":"wp","href":"https:\/\/api.w.org\/{rel}","templated":true}]}}