{"id":104795,"date":"2025-11-05T00:45:57","date_gmt":"2025-11-05T00:45:57","guid":{"rendered":"https:\/\/promis.ro\/product\/flom\/"},"modified":"2025-11-11T20:21:53","modified_gmt":"2025-11-11T20:21:53","slug":"flom","status":"publish","type":"product","link":"https:\/\/promis.ro\/ro\/produs\/flom\/","title":{"rendered":"Flom"},"content":{"rendered":"<p>Pix antibacterian. Fabricat din material ABS, special prelucrat pentru a inhiba \u0219i preveni cre\u0219terea bacteriilor pe corpul pixului prin tehnologia nano argint, un tratament special realizat cu ioni de argint. Mecanism cu buton de ap\u0103sare, cu accesorii de culoare argintie \u0219i corp de culoare alb\u0103. Clip t\u0103iat la matri\u021b\u0103 \u0219i prindere confortabil\u0103, cu cerneal\u0103 albastr\u0103. Articol conform standardului ISO 22196:2011, referitor la m\u0103surarea activit\u0103\u021bii antibacteriene \u00een plastice \u0219i alte suprafe\u021be neporoase.<\/p>","protected":false},"excerpt":{"rendered":"<p>Pix antibacterian. Fabricat din material ABS, special prelucrat pentru a inhiba \u0219i preveni cre\u0219terea bacteriilor pe corpul pixului prin tehnologia<\/p>","protected":false},"featured_media":157209,"comment_status":"open","ping_status":"closed","template":"","meta":[],"product_brand":[],"product_cat":[175],"product_tag":[],"class_list":{"0":"post-104795","1":"product","2":"type-product","3":"status-publish","4":"has-post-thumbnail","6":"product_cat-scris","8":"first","9":"outofstock","10":"shipping-taxable","11":"purchasable","12":"product-type-simple"},"yoast_head":"<!-- This site is optimized with the Yoast SEO plugin v27.4 - https:\/\/yoast.com\/product\/yoast-seo-wordpress\/ -->\n<title>Flom - Promis.ro<\/title>\n<meta name=\"description\" content=\"Pix antibacterian. Fabricat din material ABS, special prelucrat pentru a inhiba \u0219i preveni cre\u0219terea bacteriilor pe corpul pixului prin tehnologia nano\" \/>\n<meta name=\"robots\" content=\"index, follow, max-snippet:-1, max-image-preview:large, max-video-preview:-1\" \/>\n<link rel=\"canonical\" href=\"https:\/\/promis.ro\/ro\/produs\/flom\/\" \/>\n<meta property=\"og:locale\" content=\"ro_RO\" \/>\n<meta property=\"og:type\" content=\"article\" \/>\n<meta property=\"og:title\" content=\"Flom - Promis.ro\" \/>\n<meta property=\"og:description\" content=\"Pix antibacterian. Fabricat din material ABS, special prelucrat pentru a inhiba \u0219i preveni cre\u0219terea bacteriilor pe corpul pixului prin tehnologia nano\" \/>\n<meta property=\"og:url\" content=\"https:\/\/promis.ro\/ro\/produs\/flom\/\" \/>\n<meta property=\"og:site_name\" content=\"Promis.ro\" \/>\n<meta property=\"article:modified_time\" content=\"2025-11-11T20:21:53+00:00\" \/>\n<meta property=\"og:image\" content=\"https:\/\/promis.ro\/wp-content\/uploads\/2025\/11\/6640-W-1.jpg\" \/>\n\t<meta property=\"og:image:width\" content=\"1080\" \/>\n\t<meta property=\"og:image:height\" content=\"1080\" \/>\n\t<meta property=\"og:image:type\" content=\"image\/jpeg\" \/>\n<meta name=\"twitter:card\" content=\"summary_large_image\" \/>\n<script type=\"application\/ld+json\" class=\"yoast-schema-graph\">{\"@context\":\"https:\\\/\\\/schema.org\",\"@graph\":[{\"@type\":\"WebPage\",\"@id\":\"https:\\\/\\\/promis.ro\\\/product\\\/flom\\\/\",\"url\":\"https:\\\/\\\/promis.ro\\\/product\\\/flom\\\/\",\"name\":\"Flom - Promis.ro\",\"isPartOf\":{\"@id\":\"https:\\\/\\\/promis.ro\\\/#website\"},\"primaryImageOfPage\":{\"@id\":\"https:\\\/\\\/promis.ro\\\/product\\\/flom\\\/#primaryimage\"},\"image\":{\"@id\":\"https:\\\/\\\/promis.ro\\\/product\\\/flom\\\/#primaryimage\"},\"thumbnailUrl\":\"https:\\\/\\\/promis.ro\\\/wp-content\\\/uploads\\\/2025\\\/11\\\/6640-W-1.jpg\",\"datePublished\":\"2025-11-05T00:45:57+00:00\",\"dateModified\":\"2025-11-11T20:21:53+00:00\",\"description\":\"Pix antibacterian. Fabricat din material ABS, special prelucrat pentru a inhiba \u0219i preveni cre\u0219terea bacteriilor pe corpul pixului prin tehnologia nano\",\"breadcrumb\":{\"@id\":\"https:\\\/\\\/promis.ro\\\/product\\\/flom\\\/#breadcrumb\"},\"inLanguage\":\"ro-RO\",\"potentialAction\":[{\"@type\":\"ReadAction\",\"target\":[\"https:\\\/\\\/promis.ro\\\/product\\\/flom\\\/\"]}]},{\"@type\":\"ImageObject\",\"inLanguage\":\"ro-RO\",\"@id\":\"https:\\\/\\\/promis.ro\\\/product\\\/flom\\\/#primaryimage\",\"url\":\"https:\\\/\\\/promis.ro\\\/wp-content\\\/uploads\\\/2025\\\/11\\\/6640-W-1.jpg\",\"contentUrl\":\"https:\\\/\\\/promis.ro\\\/wp-content\\\/uploads\\\/2025\\\/11\\\/6640-W-1.jpg\",\"width\":1080,\"height\":1080},{\"@type\":\"BreadcrumbList\",\"@id\":\"https:\\\/\\\/promis.ro\\\/product\\\/flom\\\/#breadcrumb\",\"itemListElement\":[{\"@type\":\"ListItem\",\"position\":1,\"name\":\"Home\",\"item\":\"https:\\\/\\\/promis.ro\\\/\"},{\"@type\":\"ListItem\",\"position\":2,\"name\":\"Magazin\",\"item\":\"https:\\\/\\\/promis.ro\\\/magazin\\\/\"},{\"@type\":\"ListItem\",\"position\":3,\"name\":\"Flom\"}]},{\"@type\":\"WebSite\",\"@id\":\"https:\\\/\\\/promis.ro\\\/#website\",\"url\":\"https:\\\/\\\/promis.ro\\\/\",\"name\":\"Promis.ro\",\"description\":\"\",\"potentialAction\":[{\"@type\":\"SearchAction\",\"target\":{\"@type\":\"EntryPoint\",\"urlTemplate\":\"https:\\\/\\\/promis.ro\\\/?s={search_term_string}\"},\"query-input\":{\"@type\":\"PropertyValueSpecification\",\"valueRequired\":true,\"valueName\":\"search_term_string\"}}],\"inLanguage\":\"ro-RO\"}]}<\/script>\n<!-- \/ Yoast SEO plugin. -->","yoast_head_json":{"title":"Flom - Promis.ro","description":"Pix antibacterian. Fabricat din material ABS, special prelucrat pentru a inhiba \u0219i preveni cre\u0219terea bacteriilor pe corpul pixului prin tehnologia nano","robots":{"index":"index","follow":"follow","max-snippet":"max-snippet:-1","max-image-preview":"max-image-preview:large","max-video-preview":"max-video-preview:-1"},"canonical":"https:\/\/promis.ro\/ro\/produs\/flom\/","og_locale":"ro_RO","og_type":"article","og_title":"Flom - Promis.ro","og_description":"Pix antibacterian. Fabricat din material ABS, special prelucrat pentru a inhiba \u0219i preveni cre\u0219terea bacteriilor pe corpul pixului prin tehnologia nano","og_url":"https:\/\/promis.ro\/ro\/produs\/flom\/","og_site_name":"Promis.ro","article_modified_time":"2025-11-11T20:21:53+00:00","og_image":[{"width":1080,"height":1080,"url":"https:\/\/promis.ro\/wp-content\/uploads\/2025\/11\/6640-W-1.jpg","type":"image\/jpeg"}],"twitter_card":"summary_large_image","schema":{"@context":"https:\/\/schema.org","@graph":[{"@type":"WebPage","@id":"https:\/\/promis.ro\/product\/flom\/","url":"https:\/\/promis.ro\/product\/flom\/","name":"Flom - Promis.ro","isPartOf":{"@id":"https:\/\/promis.ro\/#website"},"primaryImageOfPage":{"@id":"https:\/\/promis.ro\/product\/flom\/#primaryimage"},"image":{"@id":"https:\/\/promis.ro\/product\/flom\/#primaryimage"},"thumbnailUrl":"https:\/\/promis.ro\/wp-content\/uploads\/2025\/11\/6640-W-1.jpg","datePublished":"2025-11-05T00:45:57+00:00","dateModified":"2025-11-11T20:21:53+00:00","description":"Pix antibacterian. Fabricat din material ABS, special prelucrat pentru a inhiba \u0219i preveni cre\u0219terea bacteriilor pe corpul pixului prin tehnologia nano","breadcrumb":{"@id":"https:\/\/promis.ro\/product\/flom\/#breadcrumb"},"inLanguage":"ro-RO","potentialAction":[{"@type":"ReadAction","target":["https:\/\/promis.ro\/product\/flom\/"]}]},{"@type":"ImageObject","inLanguage":"ro-RO","@id":"https:\/\/promis.ro\/product\/flom\/#primaryimage","url":"https:\/\/promis.ro\/wp-content\/uploads\/2025\/11\/6640-W-1.jpg","contentUrl":"https:\/\/promis.ro\/wp-content\/uploads\/2025\/11\/6640-W-1.jpg","width":1080,"height":1080},{"@type":"BreadcrumbList","@id":"https:\/\/promis.ro\/product\/flom\/#breadcrumb","itemListElement":[{"@type":"ListItem","position":1,"name":"Home","item":"https:\/\/promis.ro\/"},{"@type":"ListItem","position":2,"name":"Magazin","item":"https:\/\/promis.ro\/magazin\/"},{"@type":"ListItem","position":3,"name":"Flom"}]},{"@type":"WebSite","@id":"https:\/\/promis.ro\/#website","url":"https:\/\/promis.ro\/","name":"Promis.ro","description":"","potentialAction":[{"@type":"SearchAction","target":{"@type":"EntryPoint","urlTemplate":"https:\/\/promis.ro\/?s={search_term_string}"},"query-input":{"@type":"PropertyValueSpecification","valueRequired":true,"valueName":"search_term_string"}}],"inLanguage":"ro-RO"}]}},"_links":{"self":[{"href":"https:\/\/promis.ro\/ro\/wp-json\/wp\/v2\/product\/104795","targetHints":{"allow":["GET"]}}],"collection":[{"href":"https:\/\/promis.ro\/ro\/wp-json\/wp\/v2\/product"}],"about":[{"href":"https:\/\/promis.ro\/ro\/wp-json\/wp\/v2\/types\/product"}],"replies":[{"embeddable":true,"href":"https:\/\/promis.ro\/ro\/wp-json\/wp\/v2\/comments?post=104795"}],"version-history":[{"count":1,"href":"https:\/\/promis.ro\/ro\/wp-json\/wp\/v2\/product\/104795\/revisions"}],"predecessor-version":[{"id":114025,"href":"https:\/\/promis.ro\/ro\/wp-json\/wp\/v2\/product\/104795\/revisions\/114025"}],"wp:featuredmedia":[{"embeddable":true,"href":"https:\/\/promis.ro\/ro\/wp-json\/wp\/v2\/media\/157209"}],"wp:attachment":[{"href":"https:\/\/promis.ro\/ro\/wp-json\/wp\/v2\/media?parent=104795"}],"wp:term":[{"taxonomy":"product_brand","embeddable":true,"href":"https:\/\/promis.ro\/ro\/wp-json\/wp\/v2\/product_brand?post=104795"},{"taxonomy":"product_cat","embeddable":true,"href":"https:\/\/promis.ro\/ro\/wp-json\/wp\/v2\/product_cat?post=104795"},{"taxonomy":"product_tag","embeddable":true,"href":"https:\/\/promis.ro\/ro\/wp-json\/wp\/v2\/product_tag?post=104795"}],"curies":[{"name":"wp","href":"https:\/\/api.w.org\/{rel}","templated":true}]}}