{"id":104797,"date":"2025-11-05T00:46:02","date_gmt":"2025-11-05T00:46:02","guid":{"rendered":"https:\/\/promis.ro\/product\/bigox\/"},"modified":"2025-11-11T20:22:02","modified_gmt":"2025-11-11T20:22:02","slug":"bigox","status":"publish","type":"product","link":"https:\/\/promis.ro\/ro\/produs\/bigox\/","title":{"rendered":"Bigox"},"content":{"rendered":"<p>Cheie de siguran\u021b\u0103 higienic\u0103, anti-contact, realizat\u0103 din o\u021bel inoxidabil rezistent. Proiectat\u0103 special pentru a evita atingerea suprafe\u021belor utilizate public cu m\u00e2inile (m\u00e2nere de u\u0219i, \u00eentrerup\u0103toare, robinete de uz public, bancomate\u2026). Cu un decupaj confortabil pentru deget \u0219i prezentat\u0103 \u00eentr-un sac individual. Recomandat\u0103 pentru imprimare cu laser.<\/p>","protected":false},"excerpt":{"rendered":"<p>Cheie de siguran\u021b\u0103 higienic\u0103, anti-contact, realizat\u0103 din o\u021bel inoxidabil rezistent. Proiectat\u0103 special pentru a evita atingerea suprafe\u021belor utilizate public cu<\/p>","protected":false},"featured_media":157217,"comment_status":"open","ping_status":"closed","template":"","meta":[],"product_brand":[],"product_cat":[180],"product_tag":[],"class_list":{"0":"post-104797","1":"product","2":"type-product","3":"status-publish","4":"has-post-thumbnail","6":"product_cat-cadouri-si-prime","8":"first","9":"instock","10":"shipping-taxable","11":"purchasable","12":"product-type-simple"},"yoast_head":"<!-- This site is optimized with the Yoast SEO plugin v27.4 - https:\/\/yoast.com\/product\/yoast-seo-wordpress\/ -->\n<title>Bigox - Promis.ro<\/title>\n<meta name=\"description\" content=\"Cheie de siguran\u021b\u0103 higienic\u0103, anti-contact, realizat\u0103 din o\u021bel inoxidabil rezistent. Proiectat\u0103 special pentru a evita atingerea suprafe\u021belor utilizate\" \/>\n<meta name=\"robots\" content=\"index, follow, max-snippet:-1, max-image-preview:large, max-video-preview:-1\" \/>\n<link rel=\"canonical\" href=\"https:\/\/promis.ro\/ro\/produs\/bigox\/\" \/>\n<meta property=\"og:locale\" content=\"ro_RO\" \/>\n<meta property=\"og:type\" content=\"article\" \/>\n<meta property=\"og:title\" content=\"Bigox - Promis.ro\" \/>\n<meta property=\"og:description\" content=\"Cheie de siguran\u021b\u0103 higienic\u0103, anti-contact, realizat\u0103 din o\u021bel inoxidabil rezistent. Proiectat\u0103 special pentru a evita atingerea suprafe\u021belor utilizate\" \/>\n<meta property=\"og:url\" content=\"https:\/\/promis.ro\/ro\/produs\/bigox\/\" \/>\n<meta property=\"og:site_name\" content=\"Promis.ro\" \/>\n<meta property=\"article:modified_time\" content=\"2025-11-11T20:22:02+00:00\" \/>\n<meta property=\"og:image\" content=\"https:\/\/promis.ro\/wp-content\/uploads\/2025\/11\/6644-W-1.jpg\" \/>\n\t<meta property=\"og:image:width\" content=\"1080\" \/>\n\t<meta property=\"og:image:height\" content=\"1080\" \/>\n\t<meta property=\"og:image:type\" content=\"image\/jpeg\" \/>\n<meta name=\"twitter:card\" content=\"summary_large_image\" \/>\n<script type=\"application\/ld+json\" class=\"yoast-schema-graph\">{\"@context\":\"https:\\\/\\\/schema.org\",\"@graph\":[{\"@type\":\"WebPage\",\"@id\":\"https:\\\/\\\/promis.ro\\\/product\\\/bigox\\\/\",\"url\":\"https:\\\/\\\/promis.ro\\\/product\\\/bigox\\\/\",\"name\":\"Bigox - Promis.ro\",\"isPartOf\":{\"@id\":\"https:\\\/\\\/promis.ro\\\/#website\"},\"primaryImageOfPage\":{\"@id\":\"https:\\\/\\\/promis.ro\\\/product\\\/bigox\\\/#primaryimage\"},\"image\":{\"@id\":\"https:\\\/\\\/promis.ro\\\/product\\\/bigox\\\/#primaryimage\"},\"thumbnailUrl\":\"https:\\\/\\\/promis.ro\\\/wp-content\\\/uploads\\\/2025\\\/11\\\/6644-W-1.jpg\",\"datePublished\":\"2025-11-05T00:46:02+00:00\",\"dateModified\":\"2025-11-11T20:22:02+00:00\",\"description\":\"Cheie de siguran\u021b\u0103 higienic\u0103, anti-contact, realizat\u0103 din o\u021bel inoxidabil rezistent. Proiectat\u0103 special pentru a evita atingerea suprafe\u021belor utilizate\",\"breadcrumb\":{\"@id\":\"https:\\\/\\\/promis.ro\\\/product\\\/bigox\\\/#breadcrumb\"},\"inLanguage\":\"ro-RO\",\"potentialAction\":[{\"@type\":\"ReadAction\",\"target\":[\"https:\\\/\\\/promis.ro\\\/product\\\/bigox\\\/\"]}]},{\"@type\":\"ImageObject\",\"inLanguage\":\"ro-RO\",\"@id\":\"https:\\\/\\\/promis.ro\\\/product\\\/bigox\\\/#primaryimage\",\"url\":\"https:\\\/\\\/promis.ro\\\/wp-content\\\/uploads\\\/2025\\\/11\\\/6644-W-1.jpg\",\"contentUrl\":\"https:\\\/\\\/promis.ro\\\/wp-content\\\/uploads\\\/2025\\\/11\\\/6644-W-1.jpg\",\"width\":1080,\"height\":1080},{\"@type\":\"BreadcrumbList\",\"@id\":\"https:\\\/\\\/promis.ro\\\/product\\\/bigox\\\/#breadcrumb\",\"itemListElement\":[{\"@type\":\"ListItem\",\"position\":1,\"name\":\"Home\",\"item\":\"https:\\\/\\\/promis.ro\\\/\"},{\"@type\":\"ListItem\",\"position\":2,\"name\":\"Magazin\",\"item\":\"https:\\\/\\\/promis.ro\\\/magazin\\\/\"},{\"@type\":\"ListItem\",\"position\":3,\"name\":\"Bigox\"}]},{\"@type\":\"WebSite\",\"@id\":\"https:\\\/\\\/promis.ro\\\/#website\",\"url\":\"https:\\\/\\\/promis.ro\\\/\",\"name\":\"Promis.ro\",\"description\":\"\",\"potentialAction\":[{\"@type\":\"SearchAction\",\"target\":{\"@type\":\"EntryPoint\",\"urlTemplate\":\"https:\\\/\\\/promis.ro\\\/?s={search_term_string}\"},\"query-input\":{\"@type\":\"PropertyValueSpecification\",\"valueRequired\":true,\"valueName\":\"search_term_string\"}}],\"inLanguage\":\"ro-RO\"}]}<\/script>\n<!-- \/ Yoast SEO plugin. -->","yoast_head_json":{"title":"Bigox - Promis.ro","description":"Cheie de siguran\u021b\u0103 higienic\u0103, anti-contact, realizat\u0103 din o\u021bel inoxidabil rezistent. Proiectat\u0103 special pentru a evita atingerea suprafe\u021belor utilizate","robots":{"index":"index","follow":"follow","max-snippet":"max-snippet:-1","max-image-preview":"max-image-preview:large","max-video-preview":"max-video-preview:-1"},"canonical":"https:\/\/promis.ro\/ro\/produs\/bigox\/","og_locale":"ro_RO","og_type":"article","og_title":"Bigox - Promis.ro","og_description":"Cheie de siguran\u021b\u0103 higienic\u0103, anti-contact, realizat\u0103 din o\u021bel inoxidabil rezistent. Proiectat\u0103 special pentru a evita atingerea suprafe\u021belor utilizate","og_url":"https:\/\/promis.ro\/ro\/produs\/bigox\/","og_site_name":"Promis.ro","article_modified_time":"2025-11-11T20:22:02+00:00","og_image":[{"width":1080,"height":1080,"url":"https:\/\/promis.ro\/wp-content\/uploads\/2025\/11\/6644-W-1.jpg","type":"image\/jpeg"}],"twitter_card":"summary_large_image","schema":{"@context":"https:\/\/schema.org","@graph":[{"@type":"WebPage","@id":"https:\/\/promis.ro\/product\/bigox\/","url":"https:\/\/promis.ro\/product\/bigox\/","name":"Bigox - Promis.ro","isPartOf":{"@id":"https:\/\/promis.ro\/#website"},"primaryImageOfPage":{"@id":"https:\/\/promis.ro\/product\/bigox\/#primaryimage"},"image":{"@id":"https:\/\/promis.ro\/product\/bigox\/#primaryimage"},"thumbnailUrl":"https:\/\/promis.ro\/wp-content\/uploads\/2025\/11\/6644-W-1.jpg","datePublished":"2025-11-05T00:46:02+00:00","dateModified":"2025-11-11T20:22:02+00:00","description":"Cheie de siguran\u021b\u0103 higienic\u0103, anti-contact, realizat\u0103 din o\u021bel inoxidabil rezistent. Proiectat\u0103 special pentru a evita atingerea suprafe\u021belor utilizate","breadcrumb":{"@id":"https:\/\/promis.ro\/product\/bigox\/#breadcrumb"},"inLanguage":"ro-RO","potentialAction":[{"@type":"ReadAction","target":["https:\/\/promis.ro\/product\/bigox\/"]}]},{"@type":"ImageObject","inLanguage":"ro-RO","@id":"https:\/\/promis.ro\/product\/bigox\/#primaryimage","url":"https:\/\/promis.ro\/wp-content\/uploads\/2025\/11\/6644-W-1.jpg","contentUrl":"https:\/\/promis.ro\/wp-content\/uploads\/2025\/11\/6644-W-1.jpg","width":1080,"height":1080},{"@type":"BreadcrumbList","@id":"https:\/\/promis.ro\/product\/bigox\/#breadcrumb","itemListElement":[{"@type":"ListItem","position":1,"name":"Home","item":"https:\/\/promis.ro\/"},{"@type":"ListItem","position":2,"name":"Magazin","item":"https:\/\/promis.ro\/magazin\/"},{"@type":"ListItem","position":3,"name":"Bigox"}]},{"@type":"WebSite","@id":"https:\/\/promis.ro\/#website","url":"https:\/\/promis.ro\/","name":"Promis.ro","description":"","potentialAction":[{"@type":"SearchAction","target":{"@type":"EntryPoint","urlTemplate":"https:\/\/promis.ro\/?s={search_term_string}"},"query-input":{"@type":"PropertyValueSpecification","valueRequired":true,"valueName":"search_term_string"}}],"inLanguage":"ro-RO"}]}},"_links":{"self":[{"href":"https:\/\/promis.ro\/ro\/wp-json\/wp\/v2\/product\/104797","targetHints":{"allow":["GET"]}}],"collection":[{"href":"https:\/\/promis.ro\/ro\/wp-json\/wp\/v2\/product"}],"about":[{"href":"https:\/\/promis.ro\/ro\/wp-json\/wp\/v2\/types\/product"}],"replies":[{"embeddable":true,"href":"https:\/\/promis.ro\/ro\/wp-json\/wp\/v2\/comments?post=104797"}],"version-history":[{"count":1,"href":"https:\/\/promis.ro\/ro\/wp-json\/wp\/v2\/product\/104797\/revisions"}],"predecessor-version":[{"id":114024,"href":"https:\/\/promis.ro\/ro\/wp-json\/wp\/v2\/product\/104797\/revisions\/114024"}],"wp:featuredmedia":[{"embeddable":true,"href":"https:\/\/promis.ro\/ro\/wp-json\/wp\/v2\/media\/157217"}],"wp:attachment":[{"href":"https:\/\/promis.ro\/ro\/wp-json\/wp\/v2\/media?parent=104797"}],"wp:term":[{"taxonomy":"product_brand","embeddable":true,"href":"https:\/\/promis.ro\/ro\/wp-json\/wp\/v2\/product_brand?post=104797"},{"taxonomy":"product_cat","embeddable":true,"href":"https:\/\/promis.ro\/ro\/wp-json\/wp\/v2\/product_cat?post=104797"},{"taxonomy":"product_tag","embeddable":true,"href":"https:\/\/promis.ro\/ro\/wp-json\/wp\/v2\/product_tag?post=104797"}],"curies":[{"name":"wp","href":"https:\/\/api.w.org\/{rel}","templated":true}]}}