{"id":104798,"date":"2025-11-05T00:46:02","date_gmt":"2025-11-05T00:46:02","guid":{"rendered":"https:\/\/promis.ro\/product\/klas\/"},"modified":"2025-11-11T20:22:09","modified_gmt":"2025-11-11T20:22:09","slug":"klas","status":"publish","type":"product","link":"https:\/\/promis.ro\/ro\/produs\/klas\/","title":{"rendered":"Klas"},"content":{"rendered":"<p>Tip C lamp\u0103 de sterilizare cu lumin\u0103 ultraviolet\u0103. Proiectat\u0103 special pentru distrugerea microorganismelor \u0219i bacteriilor \u00een obiecte de uz zilnic, cum ar fi smartphone-ul, c\u0103ruciorul de cump\u0103r\u0103turi, volanul ma\u0219inii, hainele&#8230; U\u0219or de utilizat, pur \u0219i simplu aduce\u021bi lampa de sterilizare aproape de obiect timp de c\u00e2teva secunde, la o distan\u021b\u0103 \u00eentre 1 \u0219i 2 cm. Puterea becului 1W, lungimea de und\u0103 254 nm \u0219i tensiunea 3V, cu alimentare prin baterii (2xAAA nu sunt incluse). Fabricat\u0103 din material ABS rezistent cu finisaj mat \u0219i prezentat\u0103 \u00eentr-o cutie de design atractiv, individual. Manualul utilizatorului disponibil \u00een spaniol\u0103 \u0219i englez\u0103. Certificare CE, RoHS \u0219i eficien\u021b\u0103 gemicidal\u0103 disponibil\u0103. Pentru o utilizare corect\u0103 a produsului, evita\u021bi contactul cu pielea \u0219i ochii.<\/p>","protected":false},"excerpt":{"rendered":"<p>Tip C lamp\u0103 de sterilizare cu lumin\u0103 ultraviolet\u0103. Proiectat\u0103 special pentru distrugerea microorganismelor \u0219i bacteriilor \u00een obiecte de uz zilnic,<\/p>","protected":false},"featured_media":157218,"comment_status":"open","ping_status":"closed","template":"","meta":[],"product_brand":[],"product_cat":[180],"product_tag":[],"class_list":{"0":"post-104798","1":"product","2":"type-product","3":"status-publish","4":"has-post-thumbnail","6":"product_cat-cadouri-si-prime","8":"first","9":"outofstock","10":"shipping-taxable","11":"purchasable","12":"product-type-simple"},"yoast_head":"<!-- This site is optimized with the Yoast SEO plugin v27.4 - https:\/\/yoast.com\/product\/yoast-seo-wordpress\/ -->\n<title>Klas - Promis.ro<\/title>\n<meta name=\"description\" content=\"Tip C lamp\u0103 de sterilizare cu lumin\u0103 ultraviolet\u0103. Proiectat\u0103 special pentru distrugerea microorganismelor \u0219i bacteriilor \u00een obiecte de uz zilnic, cum ar\" \/>\n<meta name=\"robots\" content=\"index, follow, max-snippet:-1, max-image-preview:large, max-video-preview:-1\" \/>\n<link rel=\"canonical\" href=\"https:\/\/promis.ro\/ro\/produs\/klas\/\" \/>\n<meta property=\"og:locale\" content=\"ro_RO\" \/>\n<meta property=\"og:type\" content=\"article\" \/>\n<meta property=\"og:title\" content=\"Klas - Promis.ro\" \/>\n<meta property=\"og:description\" content=\"Tip C lamp\u0103 de sterilizare cu lumin\u0103 ultraviolet\u0103. Proiectat\u0103 special pentru distrugerea microorganismelor \u0219i bacteriilor \u00een obiecte de uz zilnic, cum ar\" \/>\n<meta property=\"og:url\" content=\"https:\/\/promis.ro\/ro\/produs\/klas\/\" \/>\n<meta property=\"og:site_name\" content=\"Promis.ro\" \/>\n<meta property=\"article:modified_time\" content=\"2025-11-11T20:22:09+00:00\" \/>\n<meta property=\"og:image\" content=\"https:\/\/promis.ro\/wp-content\/uploads\/2025\/11\/6649-W-1.jpg\" \/>\n\t<meta property=\"og:image:width\" content=\"1080\" \/>\n\t<meta property=\"og:image:height\" content=\"1080\" \/>\n\t<meta property=\"og:image:type\" content=\"image\/jpeg\" \/>\n<meta name=\"twitter:card\" content=\"summary_large_image\" \/>\n<meta name=\"twitter:label1\" content=\"Timp estimat pentru citire\" \/>\n\t<meta name=\"twitter:data1\" content=\"1 minut\" \/>\n<script type=\"application\/ld+json\" class=\"yoast-schema-graph\">{\"@context\":\"https:\\\/\\\/schema.org\",\"@graph\":[{\"@type\":\"WebPage\",\"@id\":\"https:\\\/\\\/promis.ro\\\/product\\\/klas\\\/\",\"url\":\"https:\\\/\\\/promis.ro\\\/product\\\/klas\\\/\",\"name\":\"Klas - Promis.ro\",\"isPartOf\":{\"@id\":\"https:\\\/\\\/promis.ro\\\/#website\"},\"primaryImageOfPage\":{\"@id\":\"https:\\\/\\\/promis.ro\\\/product\\\/klas\\\/#primaryimage\"},\"image\":{\"@id\":\"https:\\\/\\\/promis.ro\\\/product\\\/klas\\\/#primaryimage\"},\"thumbnailUrl\":\"https:\\\/\\\/promis.ro\\\/wp-content\\\/uploads\\\/2025\\\/11\\\/6649-W-1.jpg\",\"datePublished\":\"2025-11-05T00:46:02+00:00\",\"dateModified\":\"2025-11-11T20:22:09+00:00\",\"description\":\"Tip C lamp\u0103 de sterilizare cu lumin\u0103 ultraviolet\u0103. Proiectat\u0103 special pentru distrugerea microorganismelor \u0219i bacteriilor \u00een obiecte de uz zilnic, cum ar\",\"breadcrumb\":{\"@id\":\"https:\\\/\\\/promis.ro\\\/product\\\/klas\\\/#breadcrumb\"},\"inLanguage\":\"ro-RO\",\"potentialAction\":[{\"@type\":\"ReadAction\",\"target\":[\"https:\\\/\\\/promis.ro\\\/product\\\/klas\\\/\"]}]},{\"@type\":\"ImageObject\",\"inLanguage\":\"ro-RO\",\"@id\":\"https:\\\/\\\/promis.ro\\\/product\\\/klas\\\/#primaryimage\",\"url\":\"https:\\\/\\\/promis.ro\\\/wp-content\\\/uploads\\\/2025\\\/11\\\/6649-W-1.jpg\",\"contentUrl\":\"https:\\\/\\\/promis.ro\\\/wp-content\\\/uploads\\\/2025\\\/11\\\/6649-W-1.jpg\",\"width\":1080,\"height\":1080},{\"@type\":\"BreadcrumbList\",\"@id\":\"https:\\\/\\\/promis.ro\\\/product\\\/klas\\\/#breadcrumb\",\"itemListElement\":[{\"@type\":\"ListItem\",\"position\":1,\"name\":\"Home\",\"item\":\"https:\\\/\\\/promis.ro\\\/\"},{\"@type\":\"ListItem\",\"position\":2,\"name\":\"Magazin\",\"item\":\"https:\\\/\\\/promis.ro\\\/magazin\\\/\"},{\"@type\":\"ListItem\",\"position\":3,\"name\":\"Klas\"}]},{\"@type\":\"WebSite\",\"@id\":\"https:\\\/\\\/promis.ro\\\/#website\",\"url\":\"https:\\\/\\\/promis.ro\\\/\",\"name\":\"Promis.ro\",\"description\":\"\",\"potentialAction\":[{\"@type\":\"SearchAction\",\"target\":{\"@type\":\"EntryPoint\",\"urlTemplate\":\"https:\\\/\\\/promis.ro\\\/?s={search_term_string}\"},\"query-input\":{\"@type\":\"PropertyValueSpecification\",\"valueRequired\":true,\"valueName\":\"search_term_string\"}}],\"inLanguage\":\"ro-RO\"}]}<\/script>\n<!-- \/ Yoast SEO plugin. -->","yoast_head_json":{"title":"Klas - Promis.ro","description":"Tip C lamp\u0103 de sterilizare cu lumin\u0103 ultraviolet\u0103. Proiectat\u0103 special pentru distrugerea microorganismelor \u0219i bacteriilor \u00een obiecte de uz zilnic, cum ar","robots":{"index":"index","follow":"follow","max-snippet":"max-snippet:-1","max-image-preview":"max-image-preview:large","max-video-preview":"max-video-preview:-1"},"canonical":"https:\/\/promis.ro\/ro\/produs\/klas\/","og_locale":"ro_RO","og_type":"article","og_title":"Klas - Promis.ro","og_description":"Tip C lamp\u0103 de sterilizare cu lumin\u0103 ultraviolet\u0103. Proiectat\u0103 special pentru distrugerea microorganismelor \u0219i bacteriilor \u00een obiecte de uz zilnic, cum ar","og_url":"https:\/\/promis.ro\/ro\/produs\/klas\/","og_site_name":"Promis.ro","article_modified_time":"2025-11-11T20:22:09+00:00","og_image":[{"width":1080,"height":1080,"url":"https:\/\/promis.ro\/wp-content\/uploads\/2025\/11\/6649-W-1.jpg","type":"image\/jpeg"}],"twitter_card":"summary_large_image","twitter_misc":{"Timp estimat pentru citire":"1 minut"},"schema":{"@context":"https:\/\/schema.org","@graph":[{"@type":"WebPage","@id":"https:\/\/promis.ro\/product\/klas\/","url":"https:\/\/promis.ro\/product\/klas\/","name":"Klas - Promis.ro","isPartOf":{"@id":"https:\/\/promis.ro\/#website"},"primaryImageOfPage":{"@id":"https:\/\/promis.ro\/product\/klas\/#primaryimage"},"image":{"@id":"https:\/\/promis.ro\/product\/klas\/#primaryimage"},"thumbnailUrl":"https:\/\/promis.ro\/wp-content\/uploads\/2025\/11\/6649-W-1.jpg","datePublished":"2025-11-05T00:46:02+00:00","dateModified":"2025-11-11T20:22:09+00:00","description":"Tip C lamp\u0103 de sterilizare cu lumin\u0103 ultraviolet\u0103. Proiectat\u0103 special pentru distrugerea microorganismelor \u0219i bacteriilor \u00een obiecte de uz zilnic, cum ar","breadcrumb":{"@id":"https:\/\/promis.ro\/product\/klas\/#breadcrumb"},"inLanguage":"ro-RO","potentialAction":[{"@type":"ReadAction","target":["https:\/\/promis.ro\/product\/klas\/"]}]},{"@type":"ImageObject","inLanguage":"ro-RO","@id":"https:\/\/promis.ro\/product\/klas\/#primaryimage","url":"https:\/\/promis.ro\/wp-content\/uploads\/2025\/11\/6649-W-1.jpg","contentUrl":"https:\/\/promis.ro\/wp-content\/uploads\/2025\/11\/6649-W-1.jpg","width":1080,"height":1080},{"@type":"BreadcrumbList","@id":"https:\/\/promis.ro\/product\/klas\/#breadcrumb","itemListElement":[{"@type":"ListItem","position":1,"name":"Home","item":"https:\/\/promis.ro\/"},{"@type":"ListItem","position":2,"name":"Magazin","item":"https:\/\/promis.ro\/magazin\/"},{"@type":"ListItem","position":3,"name":"Klas"}]},{"@type":"WebSite","@id":"https:\/\/promis.ro\/#website","url":"https:\/\/promis.ro\/","name":"Promis.ro","description":"","potentialAction":[{"@type":"SearchAction","target":{"@type":"EntryPoint","urlTemplate":"https:\/\/promis.ro\/?s={search_term_string}"},"query-input":{"@type":"PropertyValueSpecification","valueRequired":true,"valueName":"search_term_string"}}],"inLanguage":"ro-RO"}]}},"_links":{"self":[{"href":"https:\/\/promis.ro\/ro\/wp-json\/wp\/v2\/product\/104798","targetHints":{"allow":["GET"]}}],"collection":[{"href":"https:\/\/promis.ro\/ro\/wp-json\/wp\/v2\/product"}],"about":[{"href":"https:\/\/promis.ro\/ro\/wp-json\/wp\/v2\/types\/product"}],"replies":[{"embeddable":true,"href":"https:\/\/promis.ro\/ro\/wp-json\/wp\/v2\/comments?post=104798"}],"version-history":[{"count":1,"href":"https:\/\/promis.ro\/ro\/wp-json\/wp\/v2\/product\/104798\/revisions"}],"predecessor-version":[{"id":114033,"href":"https:\/\/promis.ro\/ro\/wp-json\/wp\/v2\/product\/104798\/revisions\/114033"}],"wp:featuredmedia":[{"embeddable":true,"href":"https:\/\/promis.ro\/ro\/wp-json\/wp\/v2\/media\/157218"}],"wp:attachment":[{"href":"https:\/\/promis.ro\/ro\/wp-json\/wp\/v2\/media?parent=104798"}],"wp:term":[{"taxonomy":"product_brand","embeddable":true,"href":"https:\/\/promis.ro\/ro\/wp-json\/wp\/v2\/product_brand?post=104798"},{"taxonomy":"product_cat","embeddable":true,"href":"https:\/\/promis.ro\/ro\/wp-json\/wp\/v2\/product_cat?post=104798"},{"taxonomy":"product_tag","embeddable":true,"href":"https:\/\/promis.ro\/ro\/wp-json\/wp\/v2\/product_tag?post=104798"}],"curies":[{"name":"wp","href":"https:\/\/api.w.org\/{rel}","templated":true}]}}