{"id":104805,"date":"2025-11-05T00:46:06","date_gmt":"2025-11-05T00:46:06","guid":{"rendered":"https:\/\/promis.ro\/product\/riken\/"},"modified":"2025-11-11T20:22:47","modified_gmt":"2025-11-11T20:22:47","slug":"riken","status":"publish","type":"product","link":"https:\/\/promis.ro\/ro\/produs\/riken\/","title":{"rendered":"Riken"},"content":{"rendered":"<p>Cheie de siguran\u021b\u0103 igienic\u0103, antibacterian\u0103 \u0219i anti-contact, realizat\u0103 din ABS rezistent cu un finisaj solid. Proiectat\u0103 special pentru a evita atingerea suprafe\u021belor de utilizare public\u0103 cu m\u00e2inile (m\u00e2nere de u\u0219i, \u00eentrerup\u0103toare, robinete de uz public, bancomate\u2026). Cu un decupaj confortabil pentru deget \u0219i prezentat\u0103 \u00eentr-un sac individual. Recomandat\u0103 pentru imprimarea pad. Produsele cu tratamente antibacteriene sunt capabile s\u0103 reduc\u0103 drastic nivelurile bacteriene prezente pe suprafe\u021bele materialelor, datorit\u0103 ad\u0103ug\u0103rii de agen\u021bi microbieni statici permanen\u021bi, cu o eficien\u021b\u0103 ridicat\u0103 \u00een inhibarea \u0219i prevenirea contamin\u0103rii bacteriene. Articol conform standardului ISO 22196, care determin\u0103 activitatea antibacterian\u0103 \u00een materiale plastice \u0219i suprafe\u021be neporoase. Acest lucru ne permite s\u0103 cunoa\u0219tem eficien\u021ba inhib\u0103rii microbiene pe care aditivii o au asupra obiectelor tratate printr-o evaluare cantitativ\u0103.<\/p>","protected":false},"excerpt":{"rendered":"<p>Cheie de siguran\u021b\u0103 igienic\u0103, antibacterian\u0103 \u0219i anti-contact, realizat\u0103 din ABS rezistent cu un finisaj solid. Proiectat\u0103 special pentru a evita<\/p>","protected":false},"featured_media":157249,"comment_status":"open","ping_status":"closed","template":"","meta":[],"product_brand":[],"product_cat":[200],"product_tag":[],"class_list":{"0":"post-104805","1":"product","2":"type-product","3":"status-publish","4":"has-post-thumbnail","6":"product_cat-colectie-protectie-igienica","8":"first","9":"instock","10":"shipping-taxable","11":"purchasable","12":"product-type-simple"},"yoast_head":"<!-- This site is optimized with the Yoast SEO plugin v27.4 - https:\/\/yoast.com\/product\/yoast-seo-wordpress\/ -->\n<title>Riken - Promis.ro<\/title>\n<meta name=\"description\" content=\"Cheie de siguran\u021b\u0103 igienic\u0103, antibacterian\u0103 \u0219i anti-contact, realizat\u0103 din ABS rezistent cu un finisaj solid. Proiectat\u0103 special pentru a evita atingerea\" \/>\n<meta name=\"robots\" content=\"index, follow, max-snippet:-1, max-image-preview:large, max-video-preview:-1\" \/>\n<link rel=\"canonical\" href=\"https:\/\/promis.ro\/ro\/produs\/riken\/\" \/>\n<meta property=\"og:locale\" content=\"ro_RO\" \/>\n<meta property=\"og:type\" content=\"article\" \/>\n<meta property=\"og:title\" content=\"Riken - Promis.ro\" \/>\n<meta property=\"og:description\" content=\"Cheie de siguran\u021b\u0103 igienic\u0103, antibacterian\u0103 \u0219i anti-contact, realizat\u0103 din ABS rezistent cu un finisaj solid. Proiectat\u0103 special pentru a evita atingerea\" \/>\n<meta property=\"og:url\" content=\"https:\/\/promis.ro\/ro\/produs\/riken\/\" \/>\n<meta property=\"og:site_name\" content=\"Promis.ro\" \/>\n<meta property=\"article:modified_time\" content=\"2025-11-11T20:22:47+00:00\" \/>\n<meta property=\"og:image\" content=\"https:\/\/promis.ro\/wp-content\/uploads\/2025\/11\/6662-W-1.jpg\" \/>\n\t<meta property=\"og:image:width\" content=\"1080\" \/>\n\t<meta property=\"og:image:height\" content=\"1080\" \/>\n\t<meta property=\"og:image:type\" content=\"image\/jpeg\" \/>\n<meta name=\"twitter:card\" content=\"summary_large_image\" \/>\n<meta name=\"twitter:label1\" content=\"Timp estimat pentru citire\" \/>\n\t<meta name=\"twitter:data1\" content=\"1 minut\" \/>\n<script type=\"application\/ld+json\" class=\"yoast-schema-graph\">{\"@context\":\"https:\\\/\\\/schema.org\",\"@graph\":[{\"@type\":\"WebPage\",\"@id\":\"https:\\\/\\\/promis.ro\\\/product\\\/riken\\\/\",\"url\":\"https:\\\/\\\/promis.ro\\\/product\\\/riken\\\/\",\"name\":\"Riken - Promis.ro\",\"isPartOf\":{\"@id\":\"https:\\\/\\\/promis.ro\\\/#website\"},\"primaryImageOfPage\":{\"@id\":\"https:\\\/\\\/promis.ro\\\/product\\\/riken\\\/#primaryimage\"},\"image\":{\"@id\":\"https:\\\/\\\/promis.ro\\\/product\\\/riken\\\/#primaryimage\"},\"thumbnailUrl\":\"https:\\\/\\\/promis.ro\\\/wp-content\\\/uploads\\\/2025\\\/11\\\/6662-W-1.jpg\",\"datePublished\":\"2025-11-05T00:46:06+00:00\",\"dateModified\":\"2025-11-11T20:22:47+00:00\",\"description\":\"Cheie de siguran\u021b\u0103 igienic\u0103, antibacterian\u0103 \u0219i anti-contact, realizat\u0103 din ABS rezistent cu un finisaj solid. Proiectat\u0103 special pentru a evita atingerea\",\"breadcrumb\":{\"@id\":\"https:\\\/\\\/promis.ro\\\/product\\\/riken\\\/#breadcrumb\"},\"inLanguage\":\"ro-RO\",\"potentialAction\":[{\"@type\":\"ReadAction\",\"target\":[\"https:\\\/\\\/promis.ro\\\/product\\\/riken\\\/\"]}]},{\"@type\":\"ImageObject\",\"inLanguage\":\"ro-RO\",\"@id\":\"https:\\\/\\\/promis.ro\\\/product\\\/riken\\\/#primaryimage\",\"url\":\"https:\\\/\\\/promis.ro\\\/wp-content\\\/uploads\\\/2025\\\/11\\\/6662-W-1.jpg\",\"contentUrl\":\"https:\\\/\\\/promis.ro\\\/wp-content\\\/uploads\\\/2025\\\/11\\\/6662-W-1.jpg\",\"width\":1080,\"height\":1080},{\"@type\":\"BreadcrumbList\",\"@id\":\"https:\\\/\\\/promis.ro\\\/product\\\/riken\\\/#breadcrumb\",\"itemListElement\":[{\"@type\":\"ListItem\",\"position\":1,\"name\":\"Home\",\"item\":\"https:\\\/\\\/promis.ro\\\/\"},{\"@type\":\"ListItem\",\"position\":2,\"name\":\"Magazin\",\"item\":\"https:\\\/\\\/promis.ro\\\/magazin\\\/\"},{\"@type\":\"ListItem\",\"position\":3,\"name\":\"Riken\"}]},{\"@type\":\"WebSite\",\"@id\":\"https:\\\/\\\/promis.ro\\\/#website\",\"url\":\"https:\\\/\\\/promis.ro\\\/\",\"name\":\"Promis.ro\",\"description\":\"\",\"potentialAction\":[{\"@type\":\"SearchAction\",\"target\":{\"@type\":\"EntryPoint\",\"urlTemplate\":\"https:\\\/\\\/promis.ro\\\/?s={search_term_string}\"},\"query-input\":{\"@type\":\"PropertyValueSpecification\",\"valueRequired\":true,\"valueName\":\"search_term_string\"}}],\"inLanguage\":\"ro-RO\"}]}<\/script>\n<!-- \/ Yoast SEO plugin. -->","yoast_head_json":{"title":"Riken - Promis.ro","description":"Cheie de siguran\u021b\u0103 igienic\u0103, antibacterian\u0103 \u0219i anti-contact, realizat\u0103 din ABS rezistent cu un finisaj solid. Proiectat\u0103 special pentru a evita atingerea","robots":{"index":"index","follow":"follow","max-snippet":"max-snippet:-1","max-image-preview":"max-image-preview:large","max-video-preview":"max-video-preview:-1"},"canonical":"https:\/\/promis.ro\/ro\/produs\/riken\/","og_locale":"ro_RO","og_type":"article","og_title":"Riken - Promis.ro","og_description":"Cheie de siguran\u021b\u0103 igienic\u0103, antibacterian\u0103 \u0219i anti-contact, realizat\u0103 din ABS rezistent cu un finisaj solid. Proiectat\u0103 special pentru a evita atingerea","og_url":"https:\/\/promis.ro\/ro\/produs\/riken\/","og_site_name":"Promis.ro","article_modified_time":"2025-11-11T20:22:47+00:00","og_image":[{"width":1080,"height":1080,"url":"https:\/\/promis.ro\/wp-content\/uploads\/2025\/11\/6662-W-1.jpg","type":"image\/jpeg"}],"twitter_card":"summary_large_image","twitter_misc":{"Timp estimat pentru citire":"1 minut"},"schema":{"@context":"https:\/\/schema.org","@graph":[{"@type":"WebPage","@id":"https:\/\/promis.ro\/product\/riken\/","url":"https:\/\/promis.ro\/product\/riken\/","name":"Riken - Promis.ro","isPartOf":{"@id":"https:\/\/promis.ro\/#website"},"primaryImageOfPage":{"@id":"https:\/\/promis.ro\/product\/riken\/#primaryimage"},"image":{"@id":"https:\/\/promis.ro\/product\/riken\/#primaryimage"},"thumbnailUrl":"https:\/\/promis.ro\/wp-content\/uploads\/2025\/11\/6662-W-1.jpg","datePublished":"2025-11-05T00:46:06+00:00","dateModified":"2025-11-11T20:22:47+00:00","description":"Cheie de siguran\u021b\u0103 igienic\u0103, antibacterian\u0103 \u0219i anti-contact, realizat\u0103 din ABS rezistent cu un finisaj solid. Proiectat\u0103 special pentru a evita atingerea","breadcrumb":{"@id":"https:\/\/promis.ro\/product\/riken\/#breadcrumb"},"inLanguage":"ro-RO","potentialAction":[{"@type":"ReadAction","target":["https:\/\/promis.ro\/product\/riken\/"]}]},{"@type":"ImageObject","inLanguage":"ro-RO","@id":"https:\/\/promis.ro\/product\/riken\/#primaryimage","url":"https:\/\/promis.ro\/wp-content\/uploads\/2025\/11\/6662-W-1.jpg","contentUrl":"https:\/\/promis.ro\/wp-content\/uploads\/2025\/11\/6662-W-1.jpg","width":1080,"height":1080},{"@type":"BreadcrumbList","@id":"https:\/\/promis.ro\/product\/riken\/#breadcrumb","itemListElement":[{"@type":"ListItem","position":1,"name":"Home","item":"https:\/\/promis.ro\/"},{"@type":"ListItem","position":2,"name":"Magazin","item":"https:\/\/promis.ro\/magazin\/"},{"@type":"ListItem","position":3,"name":"Riken"}]},{"@type":"WebSite","@id":"https:\/\/promis.ro\/#website","url":"https:\/\/promis.ro\/","name":"Promis.ro","description":"","potentialAction":[{"@type":"SearchAction","target":{"@type":"EntryPoint","urlTemplate":"https:\/\/promis.ro\/?s={search_term_string}"},"query-input":{"@type":"PropertyValueSpecification","valueRequired":true,"valueName":"search_term_string"}}],"inLanguage":"ro-RO"}]}},"_links":{"self":[{"href":"https:\/\/promis.ro\/ro\/wp-json\/wp\/v2\/product\/104805","targetHints":{"allow":["GET"]}}],"collection":[{"href":"https:\/\/promis.ro\/ro\/wp-json\/wp\/v2\/product"}],"about":[{"href":"https:\/\/promis.ro\/ro\/wp-json\/wp\/v2\/types\/product"}],"replies":[{"embeddable":true,"href":"https:\/\/promis.ro\/ro\/wp-json\/wp\/v2\/comments?post=104805"}],"version-history":[{"count":1,"href":"https:\/\/promis.ro\/ro\/wp-json\/wp\/v2\/product\/104805\/revisions"}],"predecessor-version":[{"id":114049,"href":"https:\/\/promis.ro\/ro\/wp-json\/wp\/v2\/product\/104805\/revisions\/114049"}],"wp:featuredmedia":[{"embeddable":true,"href":"https:\/\/promis.ro\/ro\/wp-json\/wp\/v2\/media\/157249"}],"wp:attachment":[{"href":"https:\/\/promis.ro\/ro\/wp-json\/wp\/v2\/media?parent=104805"}],"wp:term":[{"taxonomy":"product_brand","embeddable":true,"href":"https:\/\/promis.ro\/ro\/wp-json\/wp\/v2\/product_brand?post=104805"},{"taxonomy":"product_cat","embeddable":true,"href":"https:\/\/promis.ro\/ro\/wp-json\/wp\/v2\/product_cat?post=104805"},{"taxonomy":"product_tag","embeddable":true,"href":"https:\/\/promis.ro\/ro\/wp-json\/wp\/v2\/product_tag?post=104805"}],"curies":[{"name":"wp","href":"https:\/\/api.w.org\/{rel}","templated":true}]}}