{"id":104808,"date":"2025-11-05T00:46:07","date_gmt":"2025-11-05T00:46:07","guid":{"rendered":"https:\/\/promis.ro\/product\/kepir\/"},"modified":"2025-11-11T20:22:59","modified_gmt":"2025-11-11T20:22:59","slug":"kepir","status":"publish","type":"product","link":"https:\/\/promis.ro\/ro\/produs\/kepir\/","title":{"rendered":"Kepir"},"content":{"rendered":"<p>Box\u0103 Bluetooth \u00een combina\u021bie de buc\u0103\u021bi de bambus t\u0103iate natural \u0219i carcas\u0103 din paie de gr\u00e2u, pentru a \u00eencuraja utilizarea materialelor brute naturale \u0219i a reduce emisiile de poluan\u021bi. Compact\u0103 ca dimensiune, cu un m\u00e2ner de transport practic din silicon moale, devenind un complement perfect pentru smartphone. Conexiune Bluetooth\u00ae 5.0 \u0219i 3W putere, cu intrare de linie jack de 3,5 mm (cablul inclus). Compatibil\u0103 cu iOS \u0219i Android, include cablu de \u00eenc\u0103rcare micro USB \u0219i vine prezentat\u0103 \u00eentr-o cutie de design atractiv. Manual de instruc\u021biuni \u00een spaniol\u0103 \u0219i englez\u0103 disponibil.<\/p>","protected":false},"excerpt":{"rendered":"<p>Box\u0103 Bluetooth \u00een combina\u021bie de buc\u0103\u021bi de bambus t\u0103iate natural \u0219i carcas\u0103 din paie de gr\u00e2u, pentru a \u00eencuraja utilizarea<\/p>","protected":false},"featured_media":157259,"comment_status":"open","ping_status":"closed","template":"","meta":[],"product_brand":[],"product_cat":[197],"product_tag":[],"class_list":{"0":"post-104808","1":"product","2":"type-product","3":"status-publish","4":"has-post-thumbnail","6":"product_cat-articole-durabile","8":"first","9":"instock","10":"shipping-taxable","11":"purchasable","12":"product-type-simple"},"yoast_head":"<!-- This site is optimized with the Yoast SEO plugin v27.4 - https:\/\/yoast.com\/product\/yoast-seo-wordpress\/ -->\n<title>Kepir - Promis.ro<\/title>\n<meta name=\"description\" content=\"Box\u0103 Bluetooth \u00een combina\u021bie de buc\u0103\u021bi de bambus t\u0103iate natural \u0219i carcas\u0103 din paie de gr\u00e2u, pentru a \u00eencuraja utilizarea materialelor brute naturale \u0219i a\" \/>\n<meta name=\"robots\" content=\"index, follow, max-snippet:-1, max-image-preview:large, max-video-preview:-1\" \/>\n<link rel=\"canonical\" href=\"https:\/\/promis.ro\/ro\/produs\/kepir\/\" \/>\n<meta property=\"og:locale\" content=\"ro_RO\" \/>\n<meta property=\"og:type\" content=\"article\" \/>\n<meta property=\"og:title\" content=\"Kepir - Promis.ro\" \/>\n<meta property=\"og:description\" content=\"Box\u0103 Bluetooth \u00een combina\u021bie de buc\u0103\u021bi de bambus t\u0103iate natural \u0219i carcas\u0103 din paie de gr\u00e2u, pentru a \u00eencuraja utilizarea materialelor brute naturale \u0219i a\" \/>\n<meta property=\"og:url\" content=\"https:\/\/promis.ro\/ro\/produs\/kepir\/\" \/>\n<meta property=\"og:site_name\" content=\"Promis.ro\" \/>\n<meta property=\"article:modified_time\" content=\"2025-11-11T20:22:59+00:00\" \/>\n<meta property=\"og:image\" content=\"https:\/\/promis.ro\/wp-content\/uploads\/2025\/11\/6666-W-1.jpg\" \/>\n\t<meta property=\"og:image:width\" content=\"1080\" \/>\n\t<meta property=\"og:image:height\" content=\"1080\" \/>\n\t<meta property=\"og:image:type\" content=\"image\/jpeg\" \/>\n<meta name=\"twitter:card\" content=\"summary_large_image\" \/>\n<script type=\"application\/ld+json\" class=\"yoast-schema-graph\">{\"@context\":\"https:\\\/\\\/schema.org\",\"@graph\":[{\"@type\":\"WebPage\",\"@id\":\"https:\\\/\\\/promis.ro\\\/product\\\/kepir\\\/\",\"url\":\"https:\\\/\\\/promis.ro\\\/product\\\/kepir\\\/\",\"name\":\"Kepir - Promis.ro\",\"isPartOf\":{\"@id\":\"https:\\\/\\\/promis.ro\\\/#website\"},\"primaryImageOfPage\":{\"@id\":\"https:\\\/\\\/promis.ro\\\/product\\\/kepir\\\/#primaryimage\"},\"image\":{\"@id\":\"https:\\\/\\\/promis.ro\\\/product\\\/kepir\\\/#primaryimage\"},\"thumbnailUrl\":\"https:\\\/\\\/promis.ro\\\/wp-content\\\/uploads\\\/2025\\\/11\\\/6666-W-1.jpg\",\"datePublished\":\"2025-11-05T00:46:07+00:00\",\"dateModified\":\"2025-11-11T20:22:59+00:00\",\"description\":\"Box\u0103 Bluetooth \u00een combina\u021bie de buc\u0103\u021bi de bambus t\u0103iate natural \u0219i carcas\u0103 din paie de gr\u00e2u, pentru a \u00eencuraja utilizarea materialelor brute naturale \u0219i a\",\"breadcrumb\":{\"@id\":\"https:\\\/\\\/promis.ro\\\/product\\\/kepir\\\/#breadcrumb\"},\"inLanguage\":\"ro-RO\",\"potentialAction\":[{\"@type\":\"ReadAction\",\"target\":[\"https:\\\/\\\/promis.ro\\\/product\\\/kepir\\\/\"]}]},{\"@type\":\"ImageObject\",\"inLanguage\":\"ro-RO\",\"@id\":\"https:\\\/\\\/promis.ro\\\/product\\\/kepir\\\/#primaryimage\",\"url\":\"https:\\\/\\\/promis.ro\\\/wp-content\\\/uploads\\\/2025\\\/11\\\/6666-W-1.jpg\",\"contentUrl\":\"https:\\\/\\\/promis.ro\\\/wp-content\\\/uploads\\\/2025\\\/11\\\/6666-W-1.jpg\",\"width\":1080,\"height\":1080},{\"@type\":\"BreadcrumbList\",\"@id\":\"https:\\\/\\\/promis.ro\\\/product\\\/kepir\\\/#breadcrumb\",\"itemListElement\":[{\"@type\":\"ListItem\",\"position\":1,\"name\":\"Home\",\"item\":\"https:\\\/\\\/promis.ro\\\/\"},{\"@type\":\"ListItem\",\"position\":2,\"name\":\"Magazin\",\"item\":\"https:\\\/\\\/promis.ro\\\/magazin\\\/\"},{\"@type\":\"ListItem\",\"position\":3,\"name\":\"Kepir\"}]},{\"@type\":\"WebSite\",\"@id\":\"https:\\\/\\\/promis.ro\\\/#website\",\"url\":\"https:\\\/\\\/promis.ro\\\/\",\"name\":\"Promis.ro\",\"description\":\"\",\"potentialAction\":[{\"@type\":\"SearchAction\",\"target\":{\"@type\":\"EntryPoint\",\"urlTemplate\":\"https:\\\/\\\/promis.ro\\\/?s={search_term_string}\"},\"query-input\":{\"@type\":\"PropertyValueSpecification\",\"valueRequired\":true,\"valueName\":\"search_term_string\"}}],\"inLanguage\":\"ro-RO\"}]}<\/script>\n<!-- \/ Yoast SEO plugin. -->","yoast_head_json":{"title":"Kepir - Promis.ro","description":"Box\u0103 Bluetooth \u00een combina\u021bie de buc\u0103\u021bi de bambus t\u0103iate natural \u0219i carcas\u0103 din paie de gr\u00e2u, pentru a \u00eencuraja utilizarea materialelor brute naturale \u0219i a","robots":{"index":"index","follow":"follow","max-snippet":"max-snippet:-1","max-image-preview":"max-image-preview:large","max-video-preview":"max-video-preview:-1"},"canonical":"https:\/\/promis.ro\/ro\/produs\/kepir\/","og_locale":"ro_RO","og_type":"article","og_title":"Kepir - Promis.ro","og_description":"Box\u0103 Bluetooth \u00een combina\u021bie de buc\u0103\u021bi de bambus t\u0103iate natural \u0219i carcas\u0103 din paie de gr\u00e2u, pentru a \u00eencuraja utilizarea materialelor brute naturale \u0219i a","og_url":"https:\/\/promis.ro\/ro\/produs\/kepir\/","og_site_name":"Promis.ro","article_modified_time":"2025-11-11T20:22:59+00:00","og_image":[{"width":1080,"height":1080,"url":"https:\/\/promis.ro\/wp-content\/uploads\/2025\/11\/6666-W-1.jpg","type":"image\/jpeg"}],"twitter_card":"summary_large_image","schema":{"@context":"https:\/\/schema.org","@graph":[{"@type":"WebPage","@id":"https:\/\/promis.ro\/product\/kepir\/","url":"https:\/\/promis.ro\/product\/kepir\/","name":"Kepir - Promis.ro","isPartOf":{"@id":"https:\/\/promis.ro\/#website"},"primaryImageOfPage":{"@id":"https:\/\/promis.ro\/product\/kepir\/#primaryimage"},"image":{"@id":"https:\/\/promis.ro\/product\/kepir\/#primaryimage"},"thumbnailUrl":"https:\/\/promis.ro\/wp-content\/uploads\/2025\/11\/6666-W-1.jpg","datePublished":"2025-11-05T00:46:07+00:00","dateModified":"2025-11-11T20:22:59+00:00","description":"Box\u0103 Bluetooth \u00een combina\u021bie de buc\u0103\u021bi de bambus t\u0103iate natural \u0219i carcas\u0103 din paie de gr\u00e2u, pentru a \u00eencuraja utilizarea materialelor brute naturale \u0219i a","breadcrumb":{"@id":"https:\/\/promis.ro\/product\/kepir\/#breadcrumb"},"inLanguage":"ro-RO","potentialAction":[{"@type":"ReadAction","target":["https:\/\/promis.ro\/product\/kepir\/"]}]},{"@type":"ImageObject","inLanguage":"ro-RO","@id":"https:\/\/promis.ro\/product\/kepir\/#primaryimage","url":"https:\/\/promis.ro\/wp-content\/uploads\/2025\/11\/6666-W-1.jpg","contentUrl":"https:\/\/promis.ro\/wp-content\/uploads\/2025\/11\/6666-W-1.jpg","width":1080,"height":1080},{"@type":"BreadcrumbList","@id":"https:\/\/promis.ro\/product\/kepir\/#breadcrumb","itemListElement":[{"@type":"ListItem","position":1,"name":"Home","item":"https:\/\/promis.ro\/"},{"@type":"ListItem","position":2,"name":"Magazin","item":"https:\/\/promis.ro\/magazin\/"},{"@type":"ListItem","position":3,"name":"Kepir"}]},{"@type":"WebSite","@id":"https:\/\/promis.ro\/#website","url":"https:\/\/promis.ro\/","name":"Promis.ro","description":"","potentialAction":[{"@type":"SearchAction","target":{"@type":"EntryPoint","urlTemplate":"https:\/\/promis.ro\/?s={search_term_string}"},"query-input":{"@type":"PropertyValueSpecification","valueRequired":true,"valueName":"search_term_string"}}],"inLanguage":"ro-RO"}]}},"_links":{"self":[{"href":"https:\/\/promis.ro\/ro\/wp-json\/wp\/v2\/product\/104808","targetHints":{"allow":["GET"]}}],"collection":[{"href":"https:\/\/promis.ro\/ro\/wp-json\/wp\/v2\/product"}],"about":[{"href":"https:\/\/promis.ro\/ro\/wp-json\/wp\/v2\/types\/product"}],"replies":[{"embeddable":true,"href":"https:\/\/promis.ro\/ro\/wp-json\/wp\/v2\/comments?post=104808"}],"version-history":[{"count":1,"href":"https:\/\/promis.ro\/ro\/wp-json\/wp\/v2\/product\/104808\/revisions"}],"predecessor-version":[{"id":114042,"href":"https:\/\/promis.ro\/ro\/wp-json\/wp\/v2\/product\/104808\/revisions\/114042"}],"wp:featuredmedia":[{"embeddable":true,"href":"https:\/\/promis.ro\/ro\/wp-json\/wp\/v2\/media\/157259"}],"wp:attachment":[{"href":"https:\/\/promis.ro\/ro\/wp-json\/wp\/v2\/media?parent=104808"}],"wp:term":[{"taxonomy":"product_brand","embeddable":true,"href":"https:\/\/promis.ro\/ro\/wp-json\/wp\/v2\/product_brand?post=104808"},{"taxonomy":"product_cat","embeddable":true,"href":"https:\/\/promis.ro\/ro\/wp-json\/wp\/v2\/product_cat?post=104808"},{"taxonomy":"product_tag","embeddable":true,"href":"https:\/\/promis.ro\/ro\/wp-json\/wp\/v2\/product_tag?post=104808"}],"curies":[{"name":"wp","href":"https:\/\/api.w.org\/{rel}","templated":true}]}}