{"id":104809,"date":"2025-11-05T00:46:08","date_gmt":"2025-11-05T00:46:08","guid":{"rendered":"https:\/\/promis.ro\/product\/aleix\/"},"modified":"2025-11-11T20:23:05","modified_gmt":"2025-11-11T20:23:05","slug":"aleix","status":"publish","type":"product","link":"https:\/\/promis.ro\/ro\/produs\/aleix\/","title":{"rendered":"Aleix"},"content":{"rendered":"<p>\u00cenc\u0103rc\u0103tor wireless cu un design circular realizat din paie de gr\u00e2u, pentru a \u00eencuraja utilizarea materialelor naturale \u0219i a reduce emisiile de contaminan\u021bi. Cu func\u021bie de \u00eenc\u0103rcare rapid\u0103 de 10W \u0219i indicator LED. Cablu de \u00eenc\u0103rcare Micro USB inclus \u0219i compatibil cu dispozitive echipate cu tehnologie de \u00eenc\u0103rcare wireless. Protec\u021bie de siguran\u021b\u0103 pentru a evita supra\u00eenc\u0103lzirea, supra\u00eenc\u0103rcarea \u0219i scurtcircuitarea. Prezentat \u00eentr-o cutie atr\u0103g\u0103toare cu design natural.<\/p>","protected":false},"excerpt":{"rendered":"<p>\u00cenc\u0103rc\u0103tor wireless cu un design circular realizat din paie de gr\u00e2u, pentru a \u00eencuraja utilizarea materialelor naturale \u0219i a reduce<\/p>","protected":false},"featured_media":157261,"comment_status":"open","ping_status":"closed","template":"","meta":[],"product_brand":[],"product_cat":[197],"product_tag":[],"class_list":{"0":"post-104809","1":"product","2":"type-product","3":"status-publish","4":"has-post-thumbnail","6":"product_cat-articole-durabile","8":"first","9":"instock","10":"shipping-taxable","11":"purchasable","12":"product-type-simple"},"yoast_head":"<!-- This site is optimized with the Yoast SEO plugin v27.4 - https:\/\/yoast.com\/product\/yoast-seo-wordpress\/ -->\n<title>Aleix - Promis.ro<\/title>\n<meta name=\"description\" content=\"\u00cenc\u0103rc\u0103tor wireless cu un design circular realizat din paie de gr\u00e2u, pentru a \u00eencuraja utilizarea materialelor naturale \u0219i a reduce emisiile de\" \/>\n<meta name=\"robots\" content=\"index, follow, max-snippet:-1, max-image-preview:large, max-video-preview:-1\" \/>\n<link rel=\"canonical\" href=\"https:\/\/promis.ro\/ro\/produs\/aleix\/\" \/>\n<meta property=\"og:locale\" content=\"ro_RO\" \/>\n<meta property=\"og:type\" content=\"article\" \/>\n<meta property=\"og:title\" content=\"Aleix - Promis.ro\" \/>\n<meta property=\"og:description\" content=\"\u00cenc\u0103rc\u0103tor wireless cu un design circular realizat din paie de gr\u00e2u, pentru a \u00eencuraja utilizarea materialelor naturale \u0219i a reduce emisiile de\" \/>\n<meta property=\"og:url\" content=\"https:\/\/promis.ro\/ro\/produs\/aleix\/\" \/>\n<meta property=\"og:site_name\" content=\"Promis.ro\" \/>\n<meta property=\"article:modified_time\" content=\"2025-11-11T20:23:05+00:00\" \/>\n<meta property=\"og:image\" content=\"https:\/\/promis.ro\/wp-content\/uploads\/2025\/11\/6667-W-1.jpg\" \/>\n\t<meta property=\"og:image:width\" content=\"1080\" \/>\n\t<meta property=\"og:image:height\" content=\"1080\" \/>\n\t<meta property=\"og:image:type\" content=\"image\/jpeg\" \/>\n<meta name=\"twitter:card\" content=\"summary_large_image\" \/>\n<script type=\"application\/ld+json\" class=\"yoast-schema-graph\">{\"@context\":\"https:\\\/\\\/schema.org\",\"@graph\":[{\"@type\":\"WebPage\",\"@id\":\"https:\\\/\\\/promis.ro\\\/product\\\/aleix\\\/\",\"url\":\"https:\\\/\\\/promis.ro\\\/product\\\/aleix\\\/\",\"name\":\"Aleix - Promis.ro\",\"isPartOf\":{\"@id\":\"https:\\\/\\\/promis.ro\\\/#website\"},\"primaryImageOfPage\":{\"@id\":\"https:\\\/\\\/promis.ro\\\/product\\\/aleix\\\/#primaryimage\"},\"image\":{\"@id\":\"https:\\\/\\\/promis.ro\\\/product\\\/aleix\\\/#primaryimage\"},\"thumbnailUrl\":\"https:\\\/\\\/promis.ro\\\/wp-content\\\/uploads\\\/2025\\\/11\\\/6667-W-1.jpg\",\"datePublished\":\"2025-11-05T00:46:08+00:00\",\"dateModified\":\"2025-11-11T20:23:05+00:00\",\"description\":\"\u00cenc\u0103rc\u0103tor wireless cu un design circular realizat din paie de gr\u00e2u, pentru a \u00eencuraja utilizarea materialelor naturale \u0219i a reduce emisiile de\",\"breadcrumb\":{\"@id\":\"https:\\\/\\\/promis.ro\\\/product\\\/aleix\\\/#breadcrumb\"},\"inLanguage\":\"ro-RO\",\"potentialAction\":[{\"@type\":\"ReadAction\",\"target\":[\"https:\\\/\\\/promis.ro\\\/product\\\/aleix\\\/\"]}]},{\"@type\":\"ImageObject\",\"inLanguage\":\"ro-RO\",\"@id\":\"https:\\\/\\\/promis.ro\\\/product\\\/aleix\\\/#primaryimage\",\"url\":\"https:\\\/\\\/promis.ro\\\/wp-content\\\/uploads\\\/2025\\\/11\\\/6667-W-1.jpg\",\"contentUrl\":\"https:\\\/\\\/promis.ro\\\/wp-content\\\/uploads\\\/2025\\\/11\\\/6667-W-1.jpg\",\"width\":1080,\"height\":1080},{\"@type\":\"BreadcrumbList\",\"@id\":\"https:\\\/\\\/promis.ro\\\/product\\\/aleix\\\/#breadcrumb\",\"itemListElement\":[{\"@type\":\"ListItem\",\"position\":1,\"name\":\"Home\",\"item\":\"https:\\\/\\\/promis.ro\\\/\"},{\"@type\":\"ListItem\",\"position\":2,\"name\":\"Magazin\",\"item\":\"https:\\\/\\\/promis.ro\\\/magazin\\\/\"},{\"@type\":\"ListItem\",\"position\":3,\"name\":\"Aleix\"}]},{\"@type\":\"WebSite\",\"@id\":\"https:\\\/\\\/promis.ro\\\/#website\",\"url\":\"https:\\\/\\\/promis.ro\\\/\",\"name\":\"Promis.ro\",\"description\":\"\",\"potentialAction\":[{\"@type\":\"SearchAction\",\"target\":{\"@type\":\"EntryPoint\",\"urlTemplate\":\"https:\\\/\\\/promis.ro\\\/?s={search_term_string}\"},\"query-input\":{\"@type\":\"PropertyValueSpecification\",\"valueRequired\":true,\"valueName\":\"search_term_string\"}}],\"inLanguage\":\"ro-RO\"}]}<\/script>\n<!-- \/ Yoast SEO plugin. -->","yoast_head_json":{"title":"Aleix - Promis.ro","description":"\u00cenc\u0103rc\u0103tor wireless cu un design circular realizat din paie de gr\u00e2u, pentru a \u00eencuraja utilizarea materialelor naturale \u0219i a reduce emisiile de","robots":{"index":"index","follow":"follow","max-snippet":"max-snippet:-1","max-image-preview":"max-image-preview:large","max-video-preview":"max-video-preview:-1"},"canonical":"https:\/\/promis.ro\/ro\/produs\/aleix\/","og_locale":"ro_RO","og_type":"article","og_title":"Aleix - Promis.ro","og_description":"\u00cenc\u0103rc\u0103tor wireless cu un design circular realizat din paie de gr\u00e2u, pentru a \u00eencuraja utilizarea materialelor naturale \u0219i a reduce emisiile de","og_url":"https:\/\/promis.ro\/ro\/produs\/aleix\/","og_site_name":"Promis.ro","article_modified_time":"2025-11-11T20:23:05+00:00","og_image":[{"width":1080,"height":1080,"url":"https:\/\/promis.ro\/wp-content\/uploads\/2025\/11\/6667-W-1.jpg","type":"image\/jpeg"}],"twitter_card":"summary_large_image","schema":{"@context":"https:\/\/schema.org","@graph":[{"@type":"WebPage","@id":"https:\/\/promis.ro\/product\/aleix\/","url":"https:\/\/promis.ro\/product\/aleix\/","name":"Aleix - Promis.ro","isPartOf":{"@id":"https:\/\/promis.ro\/#website"},"primaryImageOfPage":{"@id":"https:\/\/promis.ro\/product\/aleix\/#primaryimage"},"image":{"@id":"https:\/\/promis.ro\/product\/aleix\/#primaryimage"},"thumbnailUrl":"https:\/\/promis.ro\/wp-content\/uploads\/2025\/11\/6667-W-1.jpg","datePublished":"2025-11-05T00:46:08+00:00","dateModified":"2025-11-11T20:23:05+00:00","description":"\u00cenc\u0103rc\u0103tor wireless cu un design circular realizat din paie de gr\u00e2u, pentru a \u00eencuraja utilizarea materialelor naturale \u0219i a reduce emisiile de","breadcrumb":{"@id":"https:\/\/promis.ro\/product\/aleix\/#breadcrumb"},"inLanguage":"ro-RO","potentialAction":[{"@type":"ReadAction","target":["https:\/\/promis.ro\/product\/aleix\/"]}]},{"@type":"ImageObject","inLanguage":"ro-RO","@id":"https:\/\/promis.ro\/product\/aleix\/#primaryimage","url":"https:\/\/promis.ro\/wp-content\/uploads\/2025\/11\/6667-W-1.jpg","contentUrl":"https:\/\/promis.ro\/wp-content\/uploads\/2025\/11\/6667-W-1.jpg","width":1080,"height":1080},{"@type":"BreadcrumbList","@id":"https:\/\/promis.ro\/product\/aleix\/#breadcrumb","itemListElement":[{"@type":"ListItem","position":1,"name":"Home","item":"https:\/\/promis.ro\/"},{"@type":"ListItem","position":2,"name":"Magazin","item":"https:\/\/promis.ro\/magazin\/"},{"@type":"ListItem","position":3,"name":"Aleix"}]},{"@type":"WebSite","@id":"https:\/\/promis.ro\/#website","url":"https:\/\/promis.ro\/","name":"Promis.ro","description":"","potentialAction":[{"@type":"SearchAction","target":{"@type":"EntryPoint","urlTemplate":"https:\/\/promis.ro\/?s={search_term_string}"},"query-input":{"@type":"PropertyValueSpecification","valueRequired":true,"valueName":"search_term_string"}}],"inLanguage":"ro-RO"}]}},"_links":{"self":[{"href":"https:\/\/promis.ro\/ro\/wp-json\/wp\/v2\/product\/104809","targetHints":{"allow":["GET"]}}],"collection":[{"href":"https:\/\/promis.ro\/ro\/wp-json\/wp\/v2\/product"}],"about":[{"href":"https:\/\/promis.ro\/ro\/wp-json\/wp\/v2\/types\/product"}],"replies":[{"embeddable":true,"href":"https:\/\/promis.ro\/ro\/wp-json\/wp\/v2\/comments?post=104809"}],"version-history":[{"count":1,"href":"https:\/\/promis.ro\/ro\/wp-json\/wp\/v2\/product\/104809\/revisions"}],"predecessor-version":[{"id":114032,"href":"https:\/\/promis.ro\/ro\/wp-json\/wp\/v2\/product\/104809\/revisions\/114032"}],"wp:featuredmedia":[{"embeddable":true,"href":"https:\/\/promis.ro\/ro\/wp-json\/wp\/v2\/media\/157261"}],"wp:attachment":[{"href":"https:\/\/promis.ro\/ro\/wp-json\/wp\/v2\/media?parent=104809"}],"wp:term":[{"taxonomy":"product_brand","embeddable":true,"href":"https:\/\/promis.ro\/ro\/wp-json\/wp\/v2\/product_brand?post=104809"},{"taxonomy":"product_cat","embeddable":true,"href":"https:\/\/promis.ro\/ro\/wp-json\/wp\/v2\/product_cat?post=104809"},{"taxonomy":"product_tag","embeddable":true,"href":"https:\/\/promis.ro\/ro\/wp-json\/wp\/v2\/product_tag?post=104809"}],"curies":[{"name":"wp","href":"https:\/\/api.w.org\/{rel}","templated":true}]}}