{"id":104811,"date":"2025-11-05T00:46:09","date_gmt":"2025-11-05T00:46:09","guid":{"rendered":"https:\/\/promis.ro\/product\/halby\/"},"modified":"2025-11-11T20:23:16","modified_gmt":"2025-11-11T20:23:16","slug":"halby","status":"publish","type":"product","link":"https:\/\/promis.ro\/ro\/produs\/halby\/","title":{"rendered":"Halby"},"content":{"rendered":"<p>Cutie de sterilizare cu lumin\u0103 ultraviolet\u0103 tip C, cu \u00eenc\u0103rc\u0103tor wireless pentru smartphone integrat \u00een capac. Proiectat\u0103 special pentru a elimina microorganismele \u0219i bacteriile din obiectele de zi cu zi, cum ar fi smartphone-urile, cheile, ochelarii, m\u0103\u0219tile, c\u0103\u0219tile, smartwatch-urile&#8230; Fabricat\u0103 din material ABS rezistent cu un finisaj mat \u0219i prezentat\u0103 \u00eentr-o cutie de design individual atractiv\u0103. U\u0219or de utilizat, pur \u0219i simplu introduce\u021bi obiectul \u00een interiorul cutiei. Puterea becului 1W, lungimea de und\u0103 270-280 nm, cu alimentare prin cablu USB tip C de 1m lungime, \u00een culoare asortat\u0103. Timp de sterilizare de 5 \u0219i 10 minute cu func\u021bie de oprire automat\u0103. Manual de utilizare disponibil \u00een spaniol\u0103 \u0219i englez\u0103. Certificare CE, RoHS \u0219i eficacitate germicid\u0103 disponibil\u0103. Pentru o utilizare corect\u0103 a produsului, evita\u021bi contactul cu pielea \u0219i ochii.<\/p>","protected":false},"excerpt":{"rendered":"<p>Cutie de sterilizare cu lumin\u0103 ultraviolet\u0103 tip C, cu \u00eenc\u0103rc\u0103tor wireless pentru smartphone integrat \u00een capac. Proiectat\u0103 special pentru a<\/p>","protected":false},"featured_media":157271,"comment_status":"open","ping_status":"closed","template":"","meta":[],"product_brand":[],"product_cat":[201],"product_tag":[],"class_list":{"0":"post-104811","1":"product","2":"type-product","3":"status-publish","4":"has-post-thumbnail","6":"product_cat-outlet","8":"first","9":"instock","10":"shipping-taxable","11":"purchasable","12":"product-type-simple"},"yoast_head":"<!-- This site is optimized with the Yoast SEO plugin v27.4 - https:\/\/yoast.com\/product\/yoast-seo-wordpress\/ -->\n<title>Halby - Promis.ro<\/title>\n<meta name=\"description\" content=\"Cutie de sterilizare cu lumin\u0103 ultraviolet\u0103 tip C, cu \u00eenc\u0103rc\u0103tor wireless pentru smartphone integrat \u00een capac. Proiectat\u0103 special pentru a elimina\" \/>\n<meta name=\"robots\" content=\"index, follow, max-snippet:-1, max-image-preview:large, max-video-preview:-1\" \/>\n<link rel=\"canonical\" href=\"https:\/\/promis.ro\/ro\/produs\/halby\/\" \/>\n<meta property=\"og:locale\" content=\"ro_RO\" \/>\n<meta property=\"og:type\" content=\"article\" \/>\n<meta property=\"og:title\" content=\"Halby - Promis.ro\" \/>\n<meta property=\"og:description\" content=\"Cutie de sterilizare cu lumin\u0103 ultraviolet\u0103 tip C, cu \u00eenc\u0103rc\u0103tor wireless pentru smartphone integrat \u00een capac. Proiectat\u0103 special pentru a elimina\" \/>\n<meta property=\"og:url\" content=\"https:\/\/promis.ro\/ro\/produs\/halby\/\" \/>\n<meta property=\"og:site_name\" content=\"Promis.ro\" \/>\n<meta property=\"article:modified_time\" content=\"2025-11-11T20:23:16+00:00\" \/>\n<meta property=\"og:image\" content=\"https:\/\/promis.ro\/wp-content\/uploads\/2025\/11\/6670-W-1.jpg\" \/>\n\t<meta property=\"og:image:width\" content=\"1080\" \/>\n\t<meta property=\"og:image:height\" content=\"1080\" \/>\n\t<meta property=\"og:image:type\" content=\"image\/jpeg\" \/>\n<meta name=\"twitter:card\" content=\"summary_large_image\" \/>\n<meta name=\"twitter:label1\" content=\"Timp estimat pentru citire\" \/>\n\t<meta name=\"twitter:data1\" content=\"1 minut\" \/>\n<script type=\"application\/ld+json\" class=\"yoast-schema-graph\">{\"@context\":\"https:\\\/\\\/schema.org\",\"@graph\":[{\"@type\":\"WebPage\",\"@id\":\"https:\\\/\\\/promis.ro\\\/product\\\/halby\\\/\",\"url\":\"https:\\\/\\\/promis.ro\\\/product\\\/halby\\\/\",\"name\":\"Halby - Promis.ro\",\"isPartOf\":{\"@id\":\"https:\\\/\\\/promis.ro\\\/#website\"},\"primaryImageOfPage\":{\"@id\":\"https:\\\/\\\/promis.ro\\\/product\\\/halby\\\/#primaryimage\"},\"image\":{\"@id\":\"https:\\\/\\\/promis.ro\\\/product\\\/halby\\\/#primaryimage\"},\"thumbnailUrl\":\"https:\\\/\\\/promis.ro\\\/wp-content\\\/uploads\\\/2025\\\/11\\\/6670-W-1.jpg\",\"datePublished\":\"2025-11-05T00:46:09+00:00\",\"dateModified\":\"2025-11-11T20:23:16+00:00\",\"description\":\"Cutie de sterilizare cu lumin\u0103 ultraviolet\u0103 tip C, cu \u00eenc\u0103rc\u0103tor wireless pentru smartphone integrat \u00een capac. Proiectat\u0103 special pentru a elimina\",\"breadcrumb\":{\"@id\":\"https:\\\/\\\/promis.ro\\\/product\\\/halby\\\/#breadcrumb\"},\"inLanguage\":\"ro-RO\",\"potentialAction\":[{\"@type\":\"ReadAction\",\"target\":[\"https:\\\/\\\/promis.ro\\\/product\\\/halby\\\/\"]}]},{\"@type\":\"ImageObject\",\"inLanguage\":\"ro-RO\",\"@id\":\"https:\\\/\\\/promis.ro\\\/product\\\/halby\\\/#primaryimage\",\"url\":\"https:\\\/\\\/promis.ro\\\/wp-content\\\/uploads\\\/2025\\\/11\\\/6670-W-1.jpg\",\"contentUrl\":\"https:\\\/\\\/promis.ro\\\/wp-content\\\/uploads\\\/2025\\\/11\\\/6670-W-1.jpg\",\"width\":1080,\"height\":1080},{\"@type\":\"BreadcrumbList\",\"@id\":\"https:\\\/\\\/promis.ro\\\/product\\\/halby\\\/#breadcrumb\",\"itemListElement\":[{\"@type\":\"ListItem\",\"position\":1,\"name\":\"Home\",\"item\":\"https:\\\/\\\/promis.ro\\\/\"},{\"@type\":\"ListItem\",\"position\":2,\"name\":\"Magazin\",\"item\":\"https:\\\/\\\/promis.ro\\\/magazin\\\/\"},{\"@type\":\"ListItem\",\"position\":3,\"name\":\"Halby\"}]},{\"@type\":\"WebSite\",\"@id\":\"https:\\\/\\\/promis.ro\\\/#website\",\"url\":\"https:\\\/\\\/promis.ro\\\/\",\"name\":\"Promis.ro\",\"description\":\"\",\"potentialAction\":[{\"@type\":\"SearchAction\",\"target\":{\"@type\":\"EntryPoint\",\"urlTemplate\":\"https:\\\/\\\/promis.ro\\\/?s={search_term_string}\"},\"query-input\":{\"@type\":\"PropertyValueSpecification\",\"valueRequired\":true,\"valueName\":\"search_term_string\"}}],\"inLanguage\":\"ro-RO\"}]}<\/script>\n<!-- \/ Yoast SEO plugin. -->","yoast_head_json":{"title":"Halby - Promis.ro","description":"Cutie de sterilizare cu lumin\u0103 ultraviolet\u0103 tip C, cu \u00eenc\u0103rc\u0103tor wireless pentru smartphone integrat \u00een capac. Proiectat\u0103 special pentru a elimina","robots":{"index":"index","follow":"follow","max-snippet":"max-snippet:-1","max-image-preview":"max-image-preview:large","max-video-preview":"max-video-preview:-1"},"canonical":"https:\/\/promis.ro\/ro\/produs\/halby\/","og_locale":"ro_RO","og_type":"article","og_title":"Halby - Promis.ro","og_description":"Cutie de sterilizare cu lumin\u0103 ultraviolet\u0103 tip C, cu \u00eenc\u0103rc\u0103tor wireless pentru smartphone integrat \u00een capac. Proiectat\u0103 special pentru a elimina","og_url":"https:\/\/promis.ro\/ro\/produs\/halby\/","og_site_name":"Promis.ro","article_modified_time":"2025-11-11T20:23:16+00:00","og_image":[{"width":1080,"height":1080,"url":"https:\/\/promis.ro\/wp-content\/uploads\/2025\/11\/6670-W-1.jpg","type":"image\/jpeg"}],"twitter_card":"summary_large_image","twitter_misc":{"Timp estimat pentru citire":"1 minut"},"schema":{"@context":"https:\/\/schema.org","@graph":[{"@type":"WebPage","@id":"https:\/\/promis.ro\/product\/halby\/","url":"https:\/\/promis.ro\/product\/halby\/","name":"Halby - Promis.ro","isPartOf":{"@id":"https:\/\/promis.ro\/#website"},"primaryImageOfPage":{"@id":"https:\/\/promis.ro\/product\/halby\/#primaryimage"},"image":{"@id":"https:\/\/promis.ro\/product\/halby\/#primaryimage"},"thumbnailUrl":"https:\/\/promis.ro\/wp-content\/uploads\/2025\/11\/6670-W-1.jpg","datePublished":"2025-11-05T00:46:09+00:00","dateModified":"2025-11-11T20:23:16+00:00","description":"Cutie de sterilizare cu lumin\u0103 ultraviolet\u0103 tip C, cu \u00eenc\u0103rc\u0103tor wireless pentru smartphone integrat \u00een capac. Proiectat\u0103 special pentru a elimina","breadcrumb":{"@id":"https:\/\/promis.ro\/product\/halby\/#breadcrumb"},"inLanguage":"ro-RO","potentialAction":[{"@type":"ReadAction","target":["https:\/\/promis.ro\/product\/halby\/"]}]},{"@type":"ImageObject","inLanguage":"ro-RO","@id":"https:\/\/promis.ro\/product\/halby\/#primaryimage","url":"https:\/\/promis.ro\/wp-content\/uploads\/2025\/11\/6670-W-1.jpg","contentUrl":"https:\/\/promis.ro\/wp-content\/uploads\/2025\/11\/6670-W-1.jpg","width":1080,"height":1080},{"@type":"BreadcrumbList","@id":"https:\/\/promis.ro\/product\/halby\/#breadcrumb","itemListElement":[{"@type":"ListItem","position":1,"name":"Home","item":"https:\/\/promis.ro\/"},{"@type":"ListItem","position":2,"name":"Magazin","item":"https:\/\/promis.ro\/magazin\/"},{"@type":"ListItem","position":3,"name":"Halby"}]},{"@type":"WebSite","@id":"https:\/\/promis.ro\/#website","url":"https:\/\/promis.ro\/","name":"Promis.ro","description":"","potentialAction":[{"@type":"SearchAction","target":{"@type":"EntryPoint","urlTemplate":"https:\/\/promis.ro\/?s={search_term_string}"},"query-input":{"@type":"PropertyValueSpecification","valueRequired":true,"valueName":"search_term_string"}}],"inLanguage":"ro-RO"}]}},"_links":{"self":[{"href":"https:\/\/promis.ro\/ro\/wp-json\/wp\/v2\/product\/104811","targetHints":{"allow":["GET"]}}],"collection":[{"href":"https:\/\/promis.ro\/ro\/wp-json\/wp\/v2\/product"}],"about":[{"href":"https:\/\/promis.ro\/ro\/wp-json\/wp\/v2\/types\/product"}],"replies":[{"embeddable":true,"href":"https:\/\/promis.ro\/ro\/wp-json\/wp\/v2\/comments?post=104811"}],"version-history":[{"count":1,"href":"https:\/\/promis.ro\/ro\/wp-json\/wp\/v2\/product\/104811\/revisions"}],"predecessor-version":[{"id":114082,"href":"https:\/\/promis.ro\/ro\/wp-json\/wp\/v2\/product\/104811\/revisions\/114082"}],"wp:featuredmedia":[{"embeddable":true,"href":"https:\/\/promis.ro\/ro\/wp-json\/wp\/v2\/media\/157271"}],"wp:attachment":[{"href":"https:\/\/promis.ro\/ro\/wp-json\/wp\/v2\/media?parent=104811"}],"wp:term":[{"taxonomy":"product_brand","embeddable":true,"href":"https:\/\/promis.ro\/ro\/wp-json\/wp\/v2\/product_brand?post=104811"},{"taxonomy":"product_cat","embeddable":true,"href":"https:\/\/promis.ro\/ro\/wp-json\/wp\/v2\/product_cat?post=104811"},{"taxonomy":"product_tag","embeddable":true,"href":"https:\/\/promis.ro\/ro\/wp-json\/wp\/v2\/product_tag?post=104811"}],"curies":[{"name":"wp","href":"https:\/\/api.w.org\/{rel}","templated":true}]}}