{"id":104812,"date":"2025-11-05T00:46:09","date_gmt":"2025-11-05T00:46:09","guid":{"rendered":"https:\/\/promis.ro\/product\/blay\/"},"modified":"2025-11-11T20:23:22","modified_gmt":"2025-11-11T20:23:22","slug":"blay","status":"publish","type":"product","link":"https:\/\/promis.ro\/ro\/produs\/blay\/","title":{"rendered":"Blay"},"content":{"rendered":"<p>Lampa de sterilizare cu lumin\u0103 ultraviolet\u0103 tip C cu \u00eenc\u0103rc\u0103tor wireless integrat pentru smartphone. Special conceput\u0103 pentru a elimina microorganismele \u0219i bacteriile din obiectele de zi cu zi, cum ar fi smartphone-ul, cheile, ochelarii, masca de fa\u021b\u0103, c\u0103\u0219tile, ceasul inteligent&#8230; Fabricat\u0103 din material ABS rezistent cu un finisaj lucios \u0219i prezentat\u0103 \u00eentr-o cutie de design individual atractiv\u0103. U\u0219or de utilizat, pur \u0219i simplu a\u0219eza\u021bi obiectul care trebuie sterilizat pe baza lampii. Putere de ie\u0219ire 2.5W, lungime de und\u0103 254 nm \u0219i tensiune 3V. Ie\u0219ire USB de 1000 mA, cu func\u021bie de \u00eenc\u0103rcare rapid\u0103 de 10W \u0219i cablu micro USB de 1 metru inclus. Timp de sterilizare de 15 \u0219i 25 de minute cu func\u021bie de oprire automat\u0103. Manual de utilizare disponibil \u00een spaniol\u0103 \u0219i englez\u0103. Certificare CE, RoHS \u0219i eficien\u021b\u0103 germicid\u0103 disponibil\u0103. Pentru o utilizare corect\u0103 a produsului, evita\u021bi contactul cu pielea \u0219i ochii.<\/p>","protected":false},"excerpt":{"rendered":"<p>Lampa de sterilizare cu lumin\u0103 ultraviolet\u0103 tip C cu \u00eenc\u0103rc\u0103tor wireless integrat pentru smartphone. Special conceput\u0103 pentru a elimina microorganismele<\/p>","protected":false},"featured_media":157276,"comment_status":"open","ping_status":"closed","template":"","meta":[],"product_brand":[],"product_cat":[170],"product_tag":[],"class_list":{"0":"post-104812","1":"product","2":"type-product","3":"status-publish","4":"has-post-thumbnail","6":"product_cat-tehnologie-si-accesorii","8":"first","9":"instock","10":"shipping-taxable","11":"purchasable","12":"product-type-simple"},"yoast_head":"<!-- This site is optimized with the Yoast SEO plugin v27.4 - https:\/\/yoast.com\/product\/yoast-seo-wordpress\/ -->\n<title>Blay - Promis.ro<\/title>\n<meta name=\"description\" content=\"Lampa de sterilizare cu lumin\u0103 ultraviolet\u0103 tip C cu \u00eenc\u0103rc\u0103tor wireless integrat pentru smartphone. Special conceput\u0103 pentru a elimina microorganismele\" \/>\n<meta name=\"robots\" content=\"index, follow, max-snippet:-1, max-image-preview:large, max-video-preview:-1\" \/>\n<link rel=\"canonical\" href=\"https:\/\/promis.ro\/ro\/produs\/blay\/\" \/>\n<meta property=\"og:locale\" content=\"ro_RO\" \/>\n<meta property=\"og:type\" content=\"article\" \/>\n<meta property=\"og:title\" content=\"Blay - Promis.ro\" \/>\n<meta property=\"og:description\" content=\"Lampa de sterilizare cu lumin\u0103 ultraviolet\u0103 tip C cu \u00eenc\u0103rc\u0103tor wireless integrat pentru smartphone. Special conceput\u0103 pentru a elimina microorganismele\" \/>\n<meta property=\"og:url\" content=\"https:\/\/promis.ro\/ro\/produs\/blay\/\" \/>\n<meta property=\"og:site_name\" content=\"Promis.ro\" \/>\n<meta property=\"article:modified_time\" content=\"2025-11-11T20:23:22+00:00\" \/>\n<meta property=\"og:image\" content=\"https:\/\/promis.ro\/wp-content\/uploads\/2025\/11\/6671-W-1.jpg\" \/>\n\t<meta property=\"og:image:width\" content=\"1080\" \/>\n\t<meta property=\"og:image:height\" content=\"1080\" \/>\n\t<meta property=\"og:image:type\" content=\"image\/jpeg\" \/>\n<meta name=\"twitter:card\" content=\"summary_large_image\" \/>\n<meta name=\"twitter:label1\" content=\"Timp estimat pentru citire\" \/>\n\t<meta name=\"twitter:data1\" content=\"1 minut\" \/>\n<script type=\"application\/ld+json\" class=\"yoast-schema-graph\">{\"@context\":\"https:\\\/\\\/schema.org\",\"@graph\":[{\"@type\":\"WebPage\",\"@id\":\"https:\\\/\\\/promis.ro\\\/product\\\/blay\\\/\",\"url\":\"https:\\\/\\\/promis.ro\\\/product\\\/blay\\\/\",\"name\":\"Blay - Promis.ro\",\"isPartOf\":{\"@id\":\"https:\\\/\\\/promis.ro\\\/#website\"},\"primaryImageOfPage\":{\"@id\":\"https:\\\/\\\/promis.ro\\\/product\\\/blay\\\/#primaryimage\"},\"image\":{\"@id\":\"https:\\\/\\\/promis.ro\\\/product\\\/blay\\\/#primaryimage\"},\"thumbnailUrl\":\"https:\\\/\\\/promis.ro\\\/wp-content\\\/uploads\\\/2025\\\/11\\\/6671-W-1.jpg\",\"datePublished\":\"2025-11-05T00:46:09+00:00\",\"dateModified\":\"2025-11-11T20:23:22+00:00\",\"description\":\"Lampa de sterilizare cu lumin\u0103 ultraviolet\u0103 tip C cu \u00eenc\u0103rc\u0103tor wireless integrat pentru smartphone. Special conceput\u0103 pentru a elimina microorganismele\",\"breadcrumb\":{\"@id\":\"https:\\\/\\\/promis.ro\\\/product\\\/blay\\\/#breadcrumb\"},\"inLanguage\":\"ro-RO\",\"potentialAction\":[{\"@type\":\"ReadAction\",\"target\":[\"https:\\\/\\\/promis.ro\\\/product\\\/blay\\\/\"]}]},{\"@type\":\"ImageObject\",\"inLanguage\":\"ro-RO\",\"@id\":\"https:\\\/\\\/promis.ro\\\/product\\\/blay\\\/#primaryimage\",\"url\":\"https:\\\/\\\/promis.ro\\\/wp-content\\\/uploads\\\/2025\\\/11\\\/6671-W-1.jpg\",\"contentUrl\":\"https:\\\/\\\/promis.ro\\\/wp-content\\\/uploads\\\/2025\\\/11\\\/6671-W-1.jpg\",\"width\":1080,\"height\":1080},{\"@type\":\"BreadcrumbList\",\"@id\":\"https:\\\/\\\/promis.ro\\\/product\\\/blay\\\/#breadcrumb\",\"itemListElement\":[{\"@type\":\"ListItem\",\"position\":1,\"name\":\"Home\",\"item\":\"https:\\\/\\\/promis.ro\\\/\"},{\"@type\":\"ListItem\",\"position\":2,\"name\":\"Magazin\",\"item\":\"https:\\\/\\\/promis.ro\\\/magazin\\\/\"},{\"@type\":\"ListItem\",\"position\":3,\"name\":\"Blay\"}]},{\"@type\":\"WebSite\",\"@id\":\"https:\\\/\\\/promis.ro\\\/#website\",\"url\":\"https:\\\/\\\/promis.ro\\\/\",\"name\":\"Promis.ro\",\"description\":\"\",\"potentialAction\":[{\"@type\":\"SearchAction\",\"target\":{\"@type\":\"EntryPoint\",\"urlTemplate\":\"https:\\\/\\\/promis.ro\\\/?s={search_term_string}\"},\"query-input\":{\"@type\":\"PropertyValueSpecification\",\"valueRequired\":true,\"valueName\":\"search_term_string\"}}],\"inLanguage\":\"ro-RO\"}]}<\/script>\n<!-- \/ Yoast SEO plugin. -->","yoast_head_json":{"title":"Blay - Promis.ro","description":"Lampa de sterilizare cu lumin\u0103 ultraviolet\u0103 tip C cu \u00eenc\u0103rc\u0103tor wireless integrat pentru smartphone. Special conceput\u0103 pentru a elimina microorganismele","robots":{"index":"index","follow":"follow","max-snippet":"max-snippet:-1","max-image-preview":"max-image-preview:large","max-video-preview":"max-video-preview:-1"},"canonical":"https:\/\/promis.ro\/ro\/produs\/blay\/","og_locale":"ro_RO","og_type":"article","og_title":"Blay - Promis.ro","og_description":"Lampa de sterilizare cu lumin\u0103 ultraviolet\u0103 tip C cu \u00eenc\u0103rc\u0103tor wireless integrat pentru smartphone. Special conceput\u0103 pentru a elimina microorganismele","og_url":"https:\/\/promis.ro\/ro\/produs\/blay\/","og_site_name":"Promis.ro","article_modified_time":"2025-11-11T20:23:22+00:00","og_image":[{"width":1080,"height":1080,"url":"https:\/\/promis.ro\/wp-content\/uploads\/2025\/11\/6671-W-1.jpg","type":"image\/jpeg"}],"twitter_card":"summary_large_image","twitter_misc":{"Timp estimat pentru citire":"1 minut"},"schema":{"@context":"https:\/\/schema.org","@graph":[{"@type":"WebPage","@id":"https:\/\/promis.ro\/product\/blay\/","url":"https:\/\/promis.ro\/product\/blay\/","name":"Blay - Promis.ro","isPartOf":{"@id":"https:\/\/promis.ro\/#website"},"primaryImageOfPage":{"@id":"https:\/\/promis.ro\/product\/blay\/#primaryimage"},"image":{"@id":"https:\/\/promis.ro\/product\/blay\/#primaryimage"},"thumbnailUrl":"https:\/\/promis.ro\/wp-content\/uploads\/2025\/11\/6671-W-1.jpg","datePublished":"2025-11-05T00:46:09+00:00","dateModified":"2025-11-11T20:23:22+00:00","description":"Lampa de sterilizare cu lumin\u0103 ultraviolet\u0103 tip C cu \u00eenc\u0103rc\u0103tor wireless integrat pentru smartphone. Special conceput\u0103 pentru a elimina microorganismele","breadcrumb":{"@id":"https:\/\/promis.ro\/product\/blay\/#breadcrumb"},"inLanguage":"ro-RO","potentialAction":[{"@type":"ReadAction","target":["https:\/\/promis.ro\/product\/blay\/"]}]},{"@type":"ImageObject","inLanguage":"ro-RO","@id":"https:\/\/promis.ro\/product\/blay\/#primaryimage","url":"https:\/\/promis.ro\/wp-content\/uploads\/2025\/11\/6671-W-1.jpg","contentUrl":"https:\/\/promis.ro\/wp-content\/uploads\/2025\/11\/6671-W-1.jpg","width":1080,"height":1080},{"@type":"BreadcrumbList","@id":"https:\/\/promis.ro\/product\/blay\/#breadcrumb","itemListElement":[{"@type":"ListItem","position":1,"name":"Home","item":"https:\/\/promis.ro\/"},{"@type":"ListItem","position":2,"name":"Magazin","item":"https:\/\/promis.ro\/magazin\/"},{"@type":"ListItem","position":3,"name":"Blay"}]},{"@type":"WebSite","@id":"https:\/\/promis.ro\/#website","url":"https:\/\/promis.ro\/","name":"Promis.ro","description":"","potentialAction":[{"@type":"SearchAction","target":{"@type":"EntryPoint","urlTemplate":"https:\/\/promis.ro\/?s={search_term_string}"},"query-input":{"@type":"PropertyValueSpecification","valueRequired":true,"valueName":"search_term_string"}}],"inLanguage":"ro-RO"}]}},"_links":{"self":[{"href":"https:\/\/promis.ro\/ro\/wp-json\/wp\/v2\/product\/104812","targetHints":{"allow":["GET"]}}],"collection":[{"href":"https:\/\/promis.ro\/ro\/wp-json\/wp\/v2\/product"}],"about":[{"href":"https:\/\/promis.ro\/ro\/wp-json\/wp\/v2\/types\/product"}],"replies":[{"embeddable":true,"href":"https:\/\/promis.ro\/ro\/wp-json\/wp\/v2\/comments?post=104812"}],"version-history":[{"count":1,"href":"https:\/\/promis.ro\/ro\/wp-json\/wp\/v2\/product\/104812\/revisions"}],"predecessor-version":[{"id":114054,"href":"https:\/\/promis.ro\/ro\/wp-json\/wp\/v2\/product\/104812\/revisions\/114054"}],"wp:featuredmedia":[{"embeddable":true,"href":"https:\/\/promis.ro\/ro\/wp-json\/wp\/v2\/media\/157276"}],"wp:attachment":[{"href":"https:\/\/promis.ro\/ro\/wp-json\/wp\/v2\/media?parent=104812"}],"wp:term":[{"taxonomy":"product_brand","embeddable":true,"href":"https:\/\/promis.ro\/ro\/wp-json\/wp\/v2\/product_brand?post=104812"},{"taxonomy":"product_cat","embeddable":true,"href":"https:\/\/promis.ro\/ro\/wp-json\/wp\/v2\/product_cat?post=104812"},{"taxonomy":"product_tag","embeddable":true,"href":"https:\/\/promis.ro\/ro\/wp-json\/wp\/v2\/product_tag?post=104812"}],"curies":[{"name":"wp","href":"https:\/\/api.w.org\/{rel}","templated":true}]}}