{"id":104941,"date":"2025-11-05T00:47:36","date_gmt":"2025-11-05T00:47:36","guid":{"rendered":"https:\/\/promis.ro\/product\/hispar\/"},"modified":"2025-11-11T20:34:05","modified_gmt":"2025-11-11T20:34:05","slug":"hispar","status":"publish","type":"product","link":"https:\/\/promis.ro\/ro\/produs\/hispar\/","title":{"rendered":"Hispar"},"content":{"rendered":"<p>Pix din linia Nature, fabricat din material RPET, realizat din plastic reciclat pentru a \u00eencuraja reutilizarea de\u0219eurilor plastice \u0219i a ajuta la sustenabilitatea planetei. Finisaj translucid \u0219i clip original, cu logo-ul RPET pe corpul pixului \u0219i disponibil \u00eentr-o gam\u0103 larg\u0103 de culori. Proiectat special pentru imprimare pe pad, cu mecanism de tip push-up \u0219i cerneal\u0103 albastr\u0103.<\/p>","protected":false},"excerpt":{"rendered":"<p>Pix din linia Nature, fabricat din material RPET, realizat din plastic reciclat pentru a \u00eencuraja reutilizarea de\u0219eurilor plastice \u0219i a<\/p>","protected":false},"featured_media":157562,"comment_status":"open","ping_status":"closed","template":"","meta":[],"product_brand":[],"product_cat":[197],"product_tag":[],"class_list":{"0":"post-104941","1":"product","2":"type-product","3":"status-publish","4":"has-post-thumbnail","6":"product_cat-articole-durabile","8":"first","9":"instock","10":"shipping-taxable","11":"purchasable","12":"product-type-variable"},"_links":{"self":[{"href":"https:\/\/promis.ro\/ro\/wp-json\/wp\/v2\/product\/104941","targetHints":{"allow":["GET"]}}],"collection":[{"href":"https:\/\/promis.ro\/ro\/wp-json\/wp\/v2\/product"}],"about":[{"href":"https:\/\/promis.ro\/ro\/wp-json\/wp\/v2\/types\/product"}],"replies":[{"embeddable":true,"href":"https:\/\/promis.ro\/ro\/wp-json\/wp\/v2\/comments?post=104941"}],"version-history":[{"count":1,"href":"https:\/\/promis.ro\/ro\/wp-json\/wp\/v2\/product\/104941\/revisions"}],"predecessor-version":[{"id":114077,"href":"https:\/\/promis.ro\/ro\/wp-json\/wp\/v2\/product\/104941\/revisions\/114077"}],"wp:featuredmedia":[{"embeddable":true,"href":"https:\/\/promis.ro\/ro\/wp-json\/wp\/v2\/media\/157562"}],"wp:attachment":[{"href":"https:\/\/promis.ro\/ro\/wp-json\/wp\/v2\/media?parent=104941"}],"wp:term":[{"taxonomy":"product_brand","embeddable":true,"href":"https:\/\/promis.ro\/ro\/wp-json\/wp\/v2\/product_brand?post=104941"},{"taxonomy":"product_cat","embeddable":true,"href":"https:\/\/promis.ro\/ro\/wp-json\/wp\/v2\/product_cat?post=104941"},{"taxonomy":"product_tag","embeddable":true,"href":"https:\/\/promis.ro\/ro\/wp-json\/wp\/v2\/product_tag?post=104941"}],"curies":[{"name":"wp","href":"https:\/\/api.w.org\/{rel}","templated":true}]}}