{"id":104943,"date":"2025-11-05T00:47:36","date_gmt":"2025-11-05T00:47:36","guid":{"rendered":"https:\/\/promis.ro\/product\/pekon\/"},"modified":"2025-11-11T20:27:33","modified_gmt":"2025-11-11T20:27:33","slug":"pekon","status":"publish","type":"product","link":"https:\/\/promis.ro\/ro\/produs\/pekon\/","title":{"rendered":"Pekon"},"content":{"rendered":"<p>Suport multifunc\u021bional pentru pixuri 4 \u00een 1, fabricat din material ABS alb rezistent. Cu func\u021bii de suport pentru pix, suport pentru smartphone, \u00eenc\u0103rc\u0103tor wireless de 5W, inclusiv 2 ie\u0219iri USB de 2000 mA. Port USB potrivit pentru transfer de date. Compatibil cu smartphone-uri cu tehnologie de \u00eenc\u0103rcare wireless. Include un cablu de tip C de 1 metru lungime \u0219i vine \u00eentr-o cutie de design atractiv\u0103. Manual de instruc\u021biuni disponibil \u00een spaniol\u0103 \u0219i englez\u0103.<\/p>","protected":false},"excerpt":{"rendered":"<p>Suport multifunc\u021bional pentru pixuri 4 \u00een 1, fabricat din material ABS alb rezistent. Cu func\u021bii de suport pentru pix, suport<\/p>","protected":false},"featured_media":157572,"comment_status":"open","ping_status":"closed","template":"","meta":[],"product_brand":[],"product_cat":[170],"product_tag":[],"class_list":{"0":"post-104943","1":"product","2":"type-product","3":"status-publish","4":"has-post-thumbnail","6":"product_cat-tehnologie-si-accesorii","8":"first","9":"instock","10":"shipping-taxable","11":"purchasable","12":"product-type-simple"},"_links":{"self":[{"href":"https:\/\/promis.ro\/ro\/wp-json\/wp\/v2\/product\/104943","targetHints":{"allow":["GET"]}}],"collection":[{"href":"https:\/\/promis.ro\/ro\/wp-json\/wp\/v2\/product"}],"about":[{"href":"https:\/\/promis.ro\/ro\/wp-json\/wp\/v2\/types\/product"}],"replies":[{"embeddable":true,"href":"https:\/\/promis.ro\/ro\/wp-json\/wp\/v2\/comments?post=104943"}],"version-history":[{"count":1,"href":"https:\/\/promis.ro\/ro\/wp-json\/wp\/v2\/product\/104943\/revisions"}],"predecessor-version":[{"id":114086,"href":"https:\/\/promis.ro\/ro\/wp-json\/wp\/v2\/product\/104943\/revisions\/114086"}],"wp:featuredmedia":[{"embeddable":true,"href":"https:\/\/promis.ro\/ro\/wp-json\/wp\/v2\/media\/157572"}],"wp:attachment":[{"href":"https:\/\/promis.ro\/ro\/wp-json\/wp\/v2\/media?parent=104943"}],"wp:term":[{"taxonomy":"product_brand","embeddable":true,"href":"https:\/\/promis.ro\/ro\/wp-json\/wp\/v2\/product_brand?post=104943"},{"taxonomy":"product_cat","embeddable":true,"href":"https:\/\/promis.ro\/ro\/wp-json\/wp\/v2\/product_cat?post=104943"},{"taxonomy":"product_tag","embeddable":true,"href":"https:\/\/promis.ro\/ro\/wp-json\/wp\/v2\/product_tag?post=104943"}],"curies":[{"name":"wp","href":"https:\/\/api.w.org\/{rel}","templated":true}]}}