{"id":104944,"date":"2025-11-05T00:47:37","date_gmt":"2025-11-05T00:47:37","guid":{"rendered":"https:\/\/promis.ro\/product\/yuxter\/"},"modified":"2025-11-11T20:27:39","modified_gmt":"2025-11-11T20:27:39","slug":"yuxter","status":"publish","type":"product","link":"https:\/\/promis.ro\/ro\/produs\/yuxter\/","title":{"rendered":"Yuxter"},"content":{"rendered":"<p>Box\u0103 compact\u0103 din linia naturii cu conexiune Bluetooth\u00ae 5.0. Carcas\u0103 din plut\u0103 natural\u0103 pentru a \u00eencuraja utilizarea materialelor brute naturale \u0219i a reduce emisiile de poluan\u021bi. Ofer\u0103 3W putere, cu un cablu micro USB inclus \u0219i o baz\u0103 din catifea antiderapant\u0103. Prezentat\u0103 \u00eentr-o cutie atractiv\u0103 cu design ecologic. Manual de utilizare disponibil \u00een spaniol\u0103 \u0219i englez\u0103.<\/p>","protected":false},"excerpt":{"rendered":"<p>Box\u0103 compact\u0103 din linia naturii cu conexiune Bluetooth\u00ae 5.0. Carcas\u0103 din plut\u0103 natural\u0103 pentru a \u00eencuraja utilizarea materialelor brute naturale<\/p>","protected":false},"featured_media":157577,"comment_status":"open","ping_status":"closed","template":"","meta":[],"product_brand":[],"product_cat":[197],"product_tag":[],"class_list":{"0":"post-104944","1":"product","2":"type-product","3":"status-publish","4":"has-post-thumbnail","6":"product_cat-articole-durabile","8":"first","9":"instock","10":"shipping-taxable","11":"purchasable","12":"product-type-simple"},"_links":{"self":[{"href":"https:\/\/promis.ro\/ro\/wp-json\/wp\/v2\/product\/104944","targetHints":{"allow":["GET"]}}],"collection":[{"href":"https:\/\/promis.ro\/ro\/wp-json\/wp\/v2\/product"}],"about":[{"href":"https:\/\/promis.ro\/ro\/wp-json\/wp\/v2\/types\/product"}],"replies":[{"embeddable":true,"href":"https:\/\/promis.ro\/ro\/wp-json\/wp\/v2\/comments?post=104944"}],"version-history":[{"count":1,"href":"https:\/\/promis.ro\/ro\/wp-json\/wp\/v2\/product\/104944\/revisions"}],"predecessor-version":[{"id":114079,"href":"https:\/\/promis.ro\/ro\/wp-json\/wp\/v2\/product\/104944\/revisions\/114079"}],"wp:featuredmedia":[{"embeddable":true,"href":"https:\/\/promis.ro\/ro\/wp-json\/wp\/v2\/media\/157577"}],"wp:attachment":[{"href":"https:\/\/promis.ro\/ro\/wp-json\/wp\/v2\/media?parent=104944"}],"wp:term":[{"taxonomy":"product_brand","embeddable":true,"href":"https:\/\/promis.ro\/ro\/wp-json\/wp\/v2\/product_brand?post=104944"},{"taxonomy":"product_cat","embeddable":true,"href":"https:\/\/promis.ro\/ro\/wp-json\/wp\/v2\/product_cat?post=104944"},{"taxonomy":"product_tag","embeddable":true,"href":"https:\/\/promis.ro\/ro\/wp-json\/wp\/v2\/product_tag?post=104944"}],"curies":[{"name":"wp","href":"https:\/\/api.w.org\/{rel}","templated":true}]}}