{"id":104947,"date":"2025-11-05T00:47:38","date_gmt":"2025-11-05T00:47:38","guid":{"rendered":"https:\/\/promis.ro\/product\/merak\/"},"modified":"2025-11-11T20:27:57","modified_gmt":"2025-11-11T20:27:57","slug":"merak","status":"publish","type":"product","link":"https:\/\/promis.ro\/ro\/produs\/merak\/","title":{"rendered":"Merak"},"content":{"rendered":"<p>Baterie auxiliar\u0103 de exterior din linia naturii, cu \u00eenc\u0103rc\u0103tor wireless integrat de 5W. Carcas\u0103 dintr-o combina\u021bie de plut\u0103 natural\u0103 \u0219i materiale din paie de gr\u00e2u. Capacitate de 5.000 mAh \u0219i indicator de stare a \u00eenc\u0103rc\u0103rii. Ie\u0219ire USB dubl\u0103 \u0219i intrare Type C. Cu o suprafa\u021b\u0103 mare de imprimare \u0219i prezentat\u0103 \u00eentr-o cutie atractiv\u0103 cu design ecologic. Capacit\u0103\u021bile afi\u0219ate \u00een toate bateriile noastre auxiliare externe sunt reale, toate \u00eencorpor\u00e2nd baterii de grad A, ne-reciclate, cu o durat\u0103 de via\u021b\u0103 de cel pu\u021bin 500 de cicluri de \u00eenc\u0103rcare \u0219i conform\u00e2ndu-se reglement\u0103rilor CE. \u00cen plus, acestea sunt fabricate conform standardelor RoHS \u0219i respect\u0103 urm\u0103toarele cerin\u021be de siguran\u021b\u0103: sistem de protec\u021bie \u00eempotriva suprasarcinii pentru power bank. Sistem complet de protec\u021bie \u00eempotriva desc\u0103rc\u0103rii, care cre\u0219te durabilitatea power bank-ului. Sistem de blocare pentru a preveni scurtcircuitele. Sistem constant de transfer al \u00eenc\u0103rc\u0103rii, \u00een conformitate cu capacitatea dispozitivului \u021bint\u0103.<\/p>","protected":false},"excerpt":{"rendered":"<p>Baterie auxiliar\u0103 de exterior din linia naturii, cu \u00eenc\u0103rc\u0103tor wireless integrat de 5W. Carcas\u0103 dintr-o combina\u021bie de plut\u0103 natural\u0103 \u0219i<\/p>","protected":false},"featured_media":157591,"comment_status":"open","ping_status":"closed","template":"","meta":[],"product_brand":[],"product_cat":[170],"product_tag":[],"class_list":{"0":"post-104947","1":"product","2":"type-product","3":"status-publish","4":"has-post-thumbnail","6":"product_cat-tehnologie-si-accesorii","8":"first","9":"outofstock","10":"shipping-taxable","11":"purchasable","12":"product-type-simple"},"_links":{"self":[{"href":"https:\/\/promis.ro\/ro\/wp-json\/wp\/v2\/product\/104947","targetHints":{"allow":["GET"]}}],"collection":[{"href":"https:\/\/promis.ro\/ro\/wp-json\/wp\/v2\/product"}],"about":[{"href":"https:\/\/promis.ro\/ro\/wp-json\/wp\/v2\/types\/product"}],"replies":[{"embeddable":true,"href":"https:\/\/promis.ro\/ro\/wp-json\/wp\/v2\/comments?post=104947"}],"version-history":[{"count":1,"href":"https:\/\/promis.ro\/ro\/wp-json\/wp\/v2\/product\/104947\/revisions"}],"predecessor-version":[{"id":114116,"href":"https:\/\/promis.ro\/ro\/wp-json\/wp\/v2\/product\/104947\/revisions\/114116"}],"wp:featuredmedia":[{"embeddable":true,"href":"https:\/\/promis.ro\/ro\/wp-json\/wp\/v2\/media\/157591"}],"wp:attachment":[{"href":"https:\/\/promis.ro\/ro\/wp-json\/wp\/v2\/media?parent=104947"}],"wp:term":[{"taxonomy":"product_brand","embeddable":true,"href":"https:\/\/promis.ro\/ro\/wp-json\/wp\/v2\/product_brand?post=104947"},{"taxonomy":"product_cat","embeddable":true,"href":"https:\/\/promis.ro\/ro\/wp-json\/wp\/v2\/product_cat?post=104947"},{"taxonomy":"product_tag","embeddable":true,"href":"https:\/\/promis.ro\/ro\/wp-json\/wp\/v2\/product_tag?post=104947"}],"curies":[{"name":"wp","href":"https:\/\/api.w.org\/{rel}","templated":true}]}}