{"id":104948,"date":"2025-11-05T00:47:38","date_gmt":"2025-11-05T00:47:38","guid":{"rendered":"https:\/\/promis.ro\/product\/normux\/"},"modified":"2025-11-11T20:28:07","modified_gmt":"2025-11-11T20:28:07","slug":"normux","status":"publish","type":"product","link":"https:\/\/promis.ro\/ro\/produs\/normux\/","title":{"rendered":"Normux"},"content":{"rendered":"<p>\u00cenc\u0103rc\u0103tor wireless de 5W din linia naturii \u0219i design circular, \u00een combina\u021bie de plut\u0103 natural\u0103 \u0219i ciment de calcar, un conglomerat format prin amestecul de materiale naturale, \u00een principal calcar m\u0103cinat \u0219i ap\u0103, ob\u021bin\u00e2nd un material de mare consisten\u021b\u0103 \u0219i durabilitate. Indicator LED \u0219i cablu de \u00eenc\u0103rcare USB asortat, lung de 1m. Compatibil cu dispozitive echipate cu tehnologie de \u00eenc\u0103rcare wireless. Protec\u021bie de siguran\u021b\u0103 pentru a evita supra\u00eenc\u0103lzirea, suprasarcina \u0219i scurtcircuitul. Prezentat \u00eentr-o cutie atractiv\u0103 cu design ecologic.<\/p>","protected":false},"excerpt":{"rendered":"<p>\u00cenc\u0103rc\u0103tor wireless de 5W din linia naturii \u0219i design circular, \u00een combina\u021bie de plut\u0103 natural\u0103 \u0219i ciment de calcar, un<\/p>","protected":false},"featured_media":157596,"comment_status":"open","ping_status":"closed","template":"","meta":[],"product_brand":[],"product_cat":[197],"product_tag":[],"class_list":{"0":"post-104948","1":"product","2":"type-product","3":"status-publish","4":"has-post-thumbnail","6":"product_cat-articole-durabile","8":"first","9":"instock","10":"shipping-taxable","11":"purchasable","12":"product-type-simple"},"_links":{"self":[{"href":"https:\/\/promis.ro\/ro\/wp-json\/wp\/v2\/product\/104948","targetHints":{"allow":["GET"]}}],"collection":[{"href":"https:\/\/promis.ro\/ro\/wp-json\/wp\/v2\/product"}],"about":[{"href":"https:\/\/promis.ro\/ro\/wp-json\/wp\/v2\/types\/product"}],"replies":[{"embeddable":true,"href":"https:\/\/promis.ro\/ro\/wp-json\/wp\/v2\/comments?post=104948"}],"version-history":[{"count":1,"href":"https:\/\/promis.ro\/ro\/wp-json\/wp\/v2\/product\/104948\/revisions"}],"predecessor-version":[{"id":114083,"href":"https:\/\/promis.ro\/ro\/wp-json\/wp\/v2\/product\/104948\/revisions\/114083"}],"wp:featuredmedia":[{"embeddable":true,"href":"https:\/\/promis.ro\/ro\/wp-json\/wp\/v2\/media\/157596"}],"wp:attachment":[{"href":"https:\/\/promis.ro\/ro\/wp-json\/wp\/v2\/media?parent=104948"}],"wp:term":[{"taxonomy":"product_brand","embeddable":true,"href":"https:\/\/promis.ro\/ro\/wp-json\/wp\/v2\/product_brand?post=104948"},{"taxonomy":"product_cat","embeddable":true,"href":"https:\/\/promis.ro\/ro\/wp-json\/wp\/v2\/product_cat?post=104948"},{"taxonomy":"product_tag","embeddable":true,"href":"https:\/\/promis.ro\/ro\/wp-json\/wp\/v2\/product_tag?post=104948"}],"curies":[{"name":"wp","href":"https:\/\/api.w.org\/{rel}","templated":true}]}}