{"id":104950,"date":"2025-11-05T00:47:39","date_gmt":"2025-11-05T00:47:39","guid":{"rendered":"https:\/\/promis.ro\/product\/proxor\/"},"modified":"2025-11-11T20:28:16","modified_gmt":"2025-11-11T20:28:16","slug":"proxor","status":"publish","type":"product","link":"https:\/\/promis.ro\/ro\/produs\/proxor\/","title":{"rendered":"Proxor"},"content":{"rendered":"<p>Ceas inteligent multifunc\u021bional cu design casual, conexiune Bluetooth\u00ae \u0219i \u00eenc\u0103rcare prin cablu USB -inclus-. Carcas\u0103 metalic\u0103 elegant\u0103, cu br\u0103\u021bar\u0103 din TPU \u0219i ecran tactil IPS de 1,83 inci integrat, f\u0103c\u00e2ndu-l gadgetul perfect pentru toate tipurile de sporturi, activit\u0103\u021bi de agrement \u0219i activit\u0103\u021bi zilnice. Cu func\u021bia \u201eBT calling\u201d care permite efectuarea \u0219i primirea apelurilor f\u0103r\u0103 a fi nevoie s\u0103 introduce\u021bi cartela SIM \u00een dispozitiv. De asemenea, dispune de alte func\u021bii precum monitor de ritm cardiac, tensiune arterial\u0103 \u0219i oxigen \u00een s\u00e2nge, monitor de somn, lantern\u0103, camer\u0103 la distan\u021b\u0103, alarm\u0103, anti-pierdere, pedometru, cronometru \u0219i player de muzic\u0103. Rezistent la stropi, cu aplica\u021bie disponibil\u0103 pentru iOS \u0219i Android. Prezentat \u00eentr-o cutie de design atractiv. Manual de instruc\u021biuni disponibil \u00een spaniol\u0103 \u0219i englez\u0103.<\/p>","protected":false},"excerpt":{"rendered":"<p>Ceas inteligent multifunc\u021bional cu design casual, conexiune Bluetooth\u00ae \u0219i \u00eenc\u0103rcare prin cablu USB -inclus-. Carcas\u0103 metalic\u0103 elegant\u0103, cu br\u0103\u021bar\u0103 din<\/p>","protected":false},"featured_media":157603,"comment_status":"open","ping_status":"closed","template":"","meta":[],"product_brand":[],"product_cat":[170],"product_tag":[],"class_list":{"0":"post-104950","1":"product","2":"type-product","3":"status-publish","4":"has-post-thumbnail","6":"product_cat-tehnologie-si-accesorii","8":"first","9":"instock","10":"shipping-taxable","11":"purchasable","12":"product-type-simple"},"_links":{"self":[{"href":"https:\/\/promis.ro\/ro\/wp-json\/wp\/v2\/product\/104950","targetHints":{"allow":["GET"]}}],"collection":[{"href":"https:\/\/promis.ro\/ro\/wp-json\/wp\/v2\/product"}],"about":[{"href":"https:\/\/promis.ro\/ro\/wp-json\/wp\/v2\/types\/product"}],"replies":[{"embeddable":true,"href":"https:\/\/promis.ro\/ro\/wp-json\/wp\/v2\/comments?post=104950"}],"version-history":[{"count":1,"href":"https:\/\/promis.ro\/ro\/wp-json\/wp\/v2\/product\/104950\/revisions"}],"predecessor-version":[{"id":114095,"href":"https:\/\/promis.ro\/ro\/wp-json\/wp\/v2\/product\/104950\/revisions\/114095"}],"wp:featuredmedia":[{"embeddable":true,"href":"https:\/\/promis.ro\/ro\/wp-json\/wp\/v2\/media\/157603"}],"wp:attachment":[{"href":"https:\/\/promis.ro\/ro\/wp-json\/wp\/v2\/media?parent=104950"}],"wp:term":[{"taxonomy":"product_brand","embeddable":true,"href":"https:\/\/promis.ro\/ro\/wp-json\/wp\/v2\/product_brand?post=104950"},{"taxonomy":"product_cat","embeddable":true,"href":"https:\/\/promis.ro\/ro\/wp-json\/wp\/v2\/product_cat?post=104950"},{"taxonomy":"product_tag","embeddable":true,"href":"https:\/\/promis.ro\/ro\/wp-json\/wp\/v2\/product_tag?post=104950"}],"curies":[{"name":"wp","href":"https:\/\/api.w.org\/{rel}","templated":true}]}}