{"id":104968,"date":"2025-11-05T00:47:54","date_gmt":"2025-11-05T00:47:54","guid":{"rendered":"https:\/\/promis.ro\/product\/heloix\/"},"modified":"2025-11-11T20:35:20","modified_gmt":"2025-11-11T20:35:20","slug":"heloix","status":"publish","type":"product","link":"https:\/\/promis.ro\/ro\/produs\/heloix\/","title":{"rendered":"Heloix"},"content":{"rendered":"<p>Pix cu bil\u0103 din linia Nature, cu mecanism de ridicare. Combina\u021bie de corp din bambus lucios \u0219i accesorii din PLA &#8211; Acid Polilactic -, care este ob\u021binut din resurse 100% naturale, cum ar fi amidonul de porumb, yucca sau trestia de zah\u0103r, \u0219i poate fi f\u0103cut 100% compostabil la sf\u00e2r\u0219itul duratei sale de via\u021b\u0103. Clip cu o suprafa\u021b\u0103 mare de marcare \u0219i disponibil \u00eentr-o gam\u0103 larg\u0103 de culori, cu cerneal\u0103 albastr\u0103. Eticheta PLA deasupra clipului.<\/p>","protected":false},"excerpt":{"rendered":"<p>Pix cu bil\u0103 din linia Nature, cu mecanism de ridicare. Combina\u021bie de corp din bambus lucios \u0219i accesorii din PLA<\/p>","protected":false},"featured_media":157676,"comment_status":"open","ping_status":"closed","template":"","meta":[],"product_brand":[],"product_cat":[175],"product_tag":[],"class_list":{"0":"post-104968","1":"product","2":"type-product","3":"status-publish","4":"has-post-thumbnail","6":"product_cat-scris","8":"first","9":"instock","10":"shipping-taxable","11":"purchasable","12":"product-type-variable"},"_links":{"self":[{"href":"https:\/\/promis.ro\/ro\/wp-json\/wp\/v2\/product\/104968","targetHints":{"allow":["GET"]}}],"collection":[{"href":"https:\/\/promis.ro\/ro\/wp-json\/wp\/v2\/product"}],"about":[{"href":"https:\/\/promis.ro\/ro\/wp-json\/wp\/v2\/types\/product"}],"replies":[{"embeddable":true,"href":"https:\/\/promis.ro\/ro\/wp-json\/wp\/v2\/comments?post=104968"}],"version-history":[{"count":1,"href":"https:\/\/promis.ro\/ro\/wp-json\/wp\/v2\/product\/104968\/revisions"}],"predecessor-version":[{"id":114114,"href":"https:\/\/promis.ro\/ro\/wp-json\/wp\/v2\/product\/104968\/revisions\/114114"}],"wp:featuredmedia":[{"embeddable":true,"href":"https:\/\/promis.ro\/ro\/wp-json\/wp\/v2\/media\/157676"}],"wp:attachment":[{"href":"https:\/\/promis.ro\/ro\/wp-json\/wp\/v2\/media?parent=104968"}],"wp:term":[{"taxonomy":"product_brand","embeddable":true,"href":"https:\/\/promis.ro\/ro\/wp-json\/wp\/v2\/product_brand?post=104968"},{"taxonomy":"product_cat","embeddable":true,"href":"https:\/\/promis.ro\/ro\/wp-json\/wp\/v2\/product_cat?post=104968"},{"taxonomy":"product_tag","embeddable":true,"href":"https:\/\/promis.ro\/ro\/wp-json\/wp\/v2\/product_tag?post=104968"}],"curies":[{"name":"wp","href":"https:\/\/api.w.org\/{rel}","templated":true}]}}