{"id":104969,"date":"2025-11-05T00:47:54","date_gmt":"2025-11-05T00:47:54","guid":{"rendered":"https:\/\/promis.ro\/product\/harry\/"},"modified":"2025-11-11T20:35:41","modified_gmt":"2025-11-11T20:35:41","slug":"harry","status":"publish","type":"product","link":"https:\/\/promis.ro\/ro\/produs\/harry\/","title":{"rendered":"Harry"},"content":{"rendered":"<p>Pix cu bil\u0103 din linia Nature, cu mecanism de tip push-up. Corp realizat din trestie de gr\u00e2u \u0219i PP, pentru a \u00eencuraja utilizarea materiilor prime naturale \u0219i a reduce emisiile de poluan\u021bi. Clip cu suprafa\u021b\u0103 de marcare larg\u0103 \u0219i disponibil \u00eentr-o gam\u0103 variat\u0103 de culori pastelate, cu cerneal\u0103 albastr\u0103. Cu logo-ul Wheat Straw pe partea superioar\u0103 a pixului.<\/p>","protected":false},"excerpt":{"rendered":"<p>Pix cu bil\u0103 din linia Nature, cu mecanism de tip push-up. Corp realizat din trestie de gr\u00e2u \u0219i PP, pentru<\/p>","protected":false},"featured_media":157680,"comment_status":"open","ping_status":"closed","template":"","meta":[],"product_brand":[],"product_cat":[175],"product_tag":[],"class_list":{"0":"post-104969","1":"product","2":"type-product","3":"status-publish","4":"has-post-thumbnail","6":"product_cat-scris","8":"first","9":"instock","10":"shipping-taxable","11":"purchasable","12":"product-type-variable"},"_links":{"self":[{"href":"https:\/\/promis.ro\/ro\/wp-json\/wp\/v2\/product\/104969","targetHints":{"allow":["GET"]}}],"collection":[{"href":"https:\/\/promis.ro\/ro\/wp-json\/wp\/v2\/product"}],"about":[{"href":"https:\/\/promis.ro\/ro\/wp-json\/wp\/v2\/types\/product"}],"replies":[{"embeddable":true,"href":"https:\/\/promis.ro\/ro\/wp-json\/wp\/v2\/comments?post=104969"}],"version-history":[{"count":1,"href":"https:\/\/promis.ro\/ro\/wp-json\/wp\/v2\/product\/104969\/revisions"}],"predecessor-version":[{"id":114098,"href":"https:\/\/promis.ro\/ro\/wp-json\/wp\/v2\/product\/104969\/revisions\/114098"}],"wp:featuredmedia":[{"embeddable":true,"href":"https:\/\/promis.ro\/ro\/wp-json\/wp\/v2\/media\/157680"}],"wp:attachment":[{"href":"https:\/\/promis.ro\/ro\/wp-json\/wp\/v2\/media?parent=104969"}],"wp:term":[{"taxonomy":"product_brand","embeddable":true,"href":"https:\/\/promis.ro\/ro\/wp-json\/wp\/v2\/product_brand?post=104969"},{"taxonomy":"product_cat","embeddable":true,"href":"https:\/\/promis.ro\/ro\/wp-json\/wp\/v2\/product_cat?post=104969"},{"taxonomy":"product_tag","embeddable":true,"href":"https:\/\/promis.ro\/ro\/wp-json\/wp\/v2\/product_tag?post=104969"}],"curies":[{"name":"wp","href":"https:\/\/api.w.org\/{rel}","templated":true}]}}