{"id":104970,"date":"2025-11-05T00:47:55","date_gmt":"2025-11-05T00:47:55","guid":{"rendered":"https:\/\/promis.ro\/product\/desok\/"},"modified":"2025-11-11T20:35:37","modified_gmt":"2025-11-11T20:35:37","slug":"desok","status":"publish","type":"product","link":"https:\/\/promis.ro\/ro\/produs\/desok\/","title":{"rendered":"Desok"},"content":{"rendered":"<p>Pix cu mecanism de tip push-up din linia Nature. Combina\u021bie de corp din carton reciclat de culoare natural\u0103 \u0219i accesorii din trestie de gr\u00e2u \u0219i ABS, pentru a promova utilizarea \u0219i reciclarea materiilor prime, reduc\u00e2nd astfel emisiile de poluan\u021bi. Disponibil \u00eentr-o gam\u0103 larg\u0103 de culori, cu cerneal\u0103 albastr\u0103. Logo-ul Wheat Straw este situat \u00een partea de sus a pixului.<\/p>","protected":false},"excerpt":{"rendered":"<p>Pix cu mecanism de tip push-up din linia Nature. Combina\u021bie de corp din carton reciclat de culoare natural\u0103 \u0219i accesorii<\/p>","protected":false},"featured_media":157684,"comment_status":"open","ping_status":"closed","template":"","meta":[],"product_brand":[],"product_cat":[175],"product_tag":[],"class_list":{"0":"post-104970","1":"product","2":"type-product","3":"status-publish","4":"has-post-thumbnail","6":"product_cat-scris","8":"first","9":"instock","10":"shipping-taxable","11":"purchasable","12":"product-type-variable"},"_links":{"self":[{"href":"https:\/\/promis.ro\/ro\/wp-json\/wp\/v2\/product\/104970","targetHints":{"allow":["GET"]}}],"collection":[{"href":"https:\/\/promis.ro\/ro\/wp-json\/wp\/v2\/product"}],"about":[{"href":"https:\/\/promis.ro\/ro\/wp-json\/wp\/v2\/types\/product"}],"replies":[{"embeddable":true,"href":"https:\/\/promis.ro\/ro\/wp-json\/wp\/v2\/comments?post=104970"}],"version-history":[{"count":1,"href":"https:\/\/promis.ro\/ro\/wp-json\/wp\/v2\/product\/104970\/revisions"}],"predecessor-version":[{"id":114100,"href":"https:\/\/promis.ro\/ro\/wp-json\/wp\/v2\/product\/104970\/revisions\/114100"}],"wp:featuredmedia":[{"embeddable":true,"href":"https:\/\/promis.ro\/ro\/wp-json\/wp\/v2\/media\/157684"}],"wp:attachment":[{"href":"https:\/\/promis.ro\/ro\/wp-json\/wp\/v2\/media?parent=104970"}],"wp:term":[{"taxonomy":"product_brand","embeddable":true,"href":"https:\/\/promis.ro\/ro\/wp-json\/wp\/v2\/product_brand?post=104970"},{"taxonomy":"product_cat","embeddable":true,"href":"https:\/\/promis.ro\/ro\/wp-json\/wp\/v2\/product_cat?post=104970"},{"taxonomy":"product_tag","embeddable":true,"href":"https:\/\/promis.ro\/ro\/wp-json\/wp\/v2\/product_tag?post=104970"}],"curies":[{"name":"wp","href":"https:\/\/api.w.org\/{rel}","templated":true}]}}