{"id":104972,"date":"2025-11-05T00:47:56","date_gmt":"2025-11-05T00:47:56","guid":{"rendered":"https:\/\/promis.ro\/product\/zakrox\/"},"modified":"2025-11-11T20:30:09","modified_gmt":"2025-11-11T20:30:09","slug":"zakrox","status":"publish","type":"product","link":"https:\/\/promis.ro\/ro\/produs\/zakrox\/","title":{"rendered":"Zakrox"},"content":{"rendered":"<p>Difuzor Bluetooth\u00ae din linia natur\u0103 cu \u00eenc\u0103rc\u0103tor wireless integrat de 5W \u0219i design compact. Fabricat dintr-o combina\u021bie de bambus \u0219i materiale ABS, cu un finisaj elegant \u00een dou\u0103 culori. Conexiune Bluetooth\u00ae 5.0 \u0219i putere de 3W. Re\u00eenc\u0103rcabil prin cablu USB &#8211; 150 cm inclus &#8211; \u0219i prezentat \u00eentr-o cutie atractiv\u0103 cu design ecologic. Manual de instruc\u021biuni disponibil \u00een spaniol\u0103 \u0219i englez\u0103.<\/p>","protected":false},"excerpt":{"rendered":"<p>Difuzor Bluetooth\u00ae din linia natur\u0103 cu \u00eenc\u0103rc\u0103tor wireless integrat de 5W \u0219i design compact. Fabricat dintr-o combina\u021bie de bambus \u0219i<\/p>","protected":false},"featured_media":157692,"comment_status":"open","ping_status":"closed","template":"","meta":[],"product_brand":[],"product_cat":[170],"product_tag":[],"class_list":{"0":"post-104972","1":"product","2":"type-product","3":"status-publish","4":"has-post-thumbnail","6":"product_cat-tehnologie-si-accesorii","8":"first","9":"instock","10":"shipping-taxable","11":"purchasable","12":"product-type-simple"},"_links":{"self":[{"href":"https:\/\/promis.ro\/ro\/wp-json\/wp\/v2\/product\/104972","targetHints":{"allow":["GET"]}}],"collection":[{"href":"https:\/\/promis.ro\/ro\/wp-json\/wp\/v2\/product"}],"about":[{"href":"https:\/\/promis.ro\/ro\/wp-json\/wp\/v2\/types\/product"}],"replies":[{"embeddable":true,"href":"https:\/\/promis.ro\/ro\/wp-json\/wp\/v2\/comments?post=104972"}],"version-history":[{"count":1,"href":"https:\/\/promis.ro\/ro\/wp-json\/wp\/v2\/product\/104972\/revisions"}],"predecessor-version":[{"id":114104,"href":"https:\/\/promis.ro\/ro\/wp-json\/wp\/v2\/product\/104972\/revisions\/114104"}],"wp:featuredmedia":[{"embeddable":true,"href":"https:\/\/promis.ro\/ro\/wp-json\/wp\/v2\/media\/157692"}],"wp:attachment":[{"href":"https:\/\/promis.ro\/ro\/wp-json\/wp\/v2\/media?parent=104972"}],"wp:term":[{"taxonomy":"product_brand","embeddable":true,"href":"https:\/\/promis.ro\/ro\/wp-json\/wp\/v2\/product_brand?post=104972"},{"taxonomy":"product_cat","embeddable":true,"href":"https:\/\/promis.ro\/ro\/wp-json\/wp\/v2\/product_cat?post=104972"},{"taxonomy":"product_tag","embeddable":true,"href":"https:\/\/promis.ro\/ro\/wp-json\/wp\/v2\/product_tag?post=104972"}],"curies":[{"name":"wp","href":"https:\/\/api.w.org\/{rel}","templated":true}]}}