{"id":104974,"date":"2025-11-05T00:47:57","date_gmt":"2025-11-05T00:47:57","guid":{"rendered":"https:\/\/promis.ro\/product\/bespal\/"},"modified":"2025-11-11T20:30:27","modified_gmt":"2025-11-11T20:30:27","slug":"bespal","status":"publish","type":"product","link":"https:\/\/promis.ro\/ro\/produs\/bespal\/","title":{"rendered":"Bespal"},"content":{"rendered":"<p>Lanyard din linia naturii din plut\u0103 natural\u0103. Cataram\u0103 \u0219i sistem de siguran\u021b\u0103 pentru g\u00e2t din paie de gr\u00e2u\/PP, pentru a \u00eencuraja utilizarea materiilor prime naturale \u0219i a reduce emisiile de poluan\u021bi. Cu carabin\u0103 metalic\u0103 rotativ\u0103 \u0219i disponibil \u00een culoare natural\u0103.<\/p>","protected":false},"excerpt":{"rendered":"<p>Lanyard din linia naturii din plut\u0103 natural\u0103. Cataram\u0103 \u0219i sistem de siguran\u021b\u0103 pentru g\u00e2t din paie de gr\u00e2u\/PP, pentru a<\/p>","protected":false},"featured_media":157700,"comment_status":"open","ping_status":"closed","template":"","meta":[],"product_brand":[],"product_cat":[171],"product_tag":[],"class_list":{"0":"post-104974","1":"product","2":"type-product","3":"status-publish","4":"has-post-thumbnail","6":"product_cat-birou-si-business","8":"first","9":"instock","10":"shipping-taxable","11":"purchasable","12":"product-type-simple"},"_links":{"self":[{"href":"https:\/\/promis.ro\/ro\/wp-json\/wp\/v2\/product\/104974","targetHints":{"allow":["GET"]}}],"collection":[{"href":"https:\/\/promis.ro\/ro\/wp-json\/wp\/v2\/product"}],"about":[{"href":"https:\/\/promis.ro\/ro\/wp-json\/wp\/v2\/types\/product"}],"replies":[{"embeddable":true,"href":"https:\/\/promis.ro\/ro\/wp-json\/wp\/v2\/comments?post=104974"}],"version-history":[{"count":1,"href":"https:\/\/promis.ro\/ro\/wp-json\/wp\/v2\/product\/104974\/revisions"}],"predecessor-version":[{"id":114103,"href":"https:\/\/promis.ro\/ro\/wp-json\/wp\/v2\/product\/104974\/revisions\/114103"}],"wp:featuredmedia":[{"embeddable":true,"href":"https:\/\/promis.ro\/ro\/wp-json\/wp\/v2\/media\/157700"}],"wp:attachment":[{"href":"https:\/\/promis.ro\/ro\/wp-json\/wp\/v2\/media?parent=104974"}],"wp:term":[{"taxonomy":"product_brand","embeddable":true,"href":"https:\/\/promis.ro\/ro\/wp-json\/wp\/v2\/product_brand?post=104974"},{"taxonomy":"product_cat","embeddable":true,"href":"https:\/\/promis.ro\/ro\/wp-json\/wp\/v2\/product_cat?post=104974"},{"taxonomy":"product_tag","embeddable":true,"href":"https:\/\/promis.ro\/ro\/wp-json\/wp\/v2\/product_tag?post=104974"}],"curies":[{"name":"wp","href":"https:\/\/api.w.org\/{rel}","templated":true}]}}