{"id":104975,"date":"2025-11-05T00:47:58","date_gmt":"2025-11-05T00:47:58","guid":{"rendered":"https:\/\/promis.ro\/product\/kafu\/"},"modified":"2025-11-11T20:30:33","modified_gmt":"2025-11-11T20:30:33","slug":"kafu","status":"publish","type":"product","link":"https:\/\/promis.ro\/ro\/produs\/kafu\/","title":{"rendered":"Kafu"},"content":{"rendered":"<p>Suport metalic pentru smartphone cu finisaj mat. Design elegant cu adeziv 3M, ata\u0219are extra puternic\u0103 \u0219i f\u0103r\u0103 reziduuri atunci c\u00e2nd este \u00eendep\u0103rtat de pe dispozitiv. Cu suport pentru deget la spate \u0219i prezentat \u00eentr-un sac de design individual.<\/p>","protected":false},"excerpt":{"rendered":"<p>Suport metalic pentru smartphone cu finisaj mat. Design elegant cu adeziv 3M, ata\u0219are extra puternic\u0103 \u0219i f\u0103r\u0103 reziduuri atunci c\u00e2nd<\/p>","protected":false},"featured_media":157705,"comment_status":"open","ping_status":"closed","template":"","meta":[],"product_brand":[],"product_cat":[170],"product_tag":[],"class_list":{"0":"post-104975","1":"product","2":"type-product","3":"status-publish","4":"has-post-thumbnail","6":"product_cat-tehnologie-si-accesorii","8":"first","9":"instock","10":"shipping-taxable","11":"purchasable","12":"product-type-simple"},"_links":{"self":[{"href":"https:\/\/promis.ro\/ro\/wp-json\/wp\/v2\/product\/104975","targetHints":{"allow":["GET"]}}],"collection":[{"href":"https:\/\/promis.ro\/ro\/wp-json\/wp\/v2\/product"}],"about":[{"href":"https:\/\/promis.ro\/ro\/wp-json\/wp\/v2\/types\/product"}],"replies":[{"embeddable":true,"href":"https:\/\/promis.ro\/ro\/wp-json\/wp\/v2\/comments?post=104975"}],"version-history":[{"count":1,"href":"https:\/\/promis.ro\/ro\/wp-json\/wp\/v2\/product\/104975\/revisions"}],"predecessor-version":[{"id":114101,"href":"https:\/\/promis.ro\/ro\/wp-json\/wp\/v2\/product\/104975\/revisions\/114101"}],"wp:featuredmedia":[{"embeddable":true,"href":"https:\/\/promis.ro\/ro\/wp-json\/wp\/v2\/media\/157705"}],"wp:attachment":[{"href":"https:\/\/promis.ro\/ro\/wp-json\/wp\/v2\/media?parent=104975"}],"wp:term":[{"taxonomy":"product_brand","embeddable":true,"href":"https:\/\/promis.ro\/ro\/wp-json\/wp\/v2\/product_brand?post=104975"},{"taxonomy":"product_cat","embeddable":true,"href":"https:\/\/promis.ro\/ro\/wp-json\/wp\/v2\/product_cat?post=104975"},{"taxonomy":"product_tag","embeddable":true,"href":"https:\/\/promis.ro\/ro\/wp-json\/wp\/v2\/product_tag?post=104975"}],"curies":[{"name":"wp","href":"https:\/\/api.w.org\/{rel}","templated":true}]}}