{"id":104977,"date":"2025-11-05T00:47:58","date_gmt":"2025-11-05T00:47:58","guid":{"rendered":"https:\/\/promis.ro\/product\/tayex\/"},"modified":"2025-11-11T20:30:44","modified_gmt":"2025-11-11T20:30:44","slug":"tayex","status":"publish","type":"product","link":"https:\/\/promis.ro\/ro\/produs\/tayex\/","title":{"rendered":"Tayex"},"content":{"rendered":"<p>Set de abilit\u0103\u021bi din 7 piese pentru cei mai creativi, prezentat \u00eentr-o hus\u0103 durabil\u0103 din bumbac cu \u00eenchidere prin \u0219nur.<\/p>","protected":false},"excerpt":{"rendered":"<p>Set de abilit\u0103\u021bi din 7 piese pentru cei mai creativi, prezentat \u00eentr-o hus\u0103 durabil\u0103 din bumbac cu \u00eenchidere prin \u0219nur.<\/p>","protected":false},"featured_media":157714,"comment_status":"open","ping_status":"closed","template":"","meta":[],"product_brand":[],"product_cat":[176],"product_tag":[],"class_list":{"0":"post-104977","1":"product","2":"type-product","3":"status-publish","4":"has-post-thumbnail","6":"product_cat-sport-si-aventura","8":"first","9":"instock","10":"shipping-taxable","11":"purchasable","12":"product-type-simple"},"_links":{"self":[{"href":"https:\/\/promis.ro\/ro\/wp-json\/wp\/v2\/product\/104977","targetHints":{"allow":["GET"]}}],"collection":[{"href":"https:\/\/promis.ro\/ro\/wp-json\/wp\/v2\/product"}],"about":[{"href":"https:\/\/promis.ro\/ro\/wp-json\/wp\/v2\/types\/product"}],"replies":[{"embeddable":true,"href":"https:\/\/promis.ro\/ro\/wp-json\/wp\/v2\/comments?post=104977"}],"version-history":[{"count":1,"href":"https:\/\/promis.ro\/ro\/wp-json\/wp\/v2\/product\/104977\/revisions"}],"predecessor-version":[{"id":114099,"href":"https:\/\/promis.ro\/ro\/wp-json\/wp\/v2\/product\/104977\/revisions\/114099"}],"wp:featuredmedia":[{"embeddable":true,"href":"https:\/\/promis.ro\/ro\/wp-json\/wp\/v2\/media\/157714"}],"wp:attachment":[{"href":"https:\/\/promis.ro\/ro\/wp-json\/wp\/v2\/media?parent=104977"}],"wp:term":[{"taxonomy":"product_brand","embeddable":true,"href":"https:\/\/promis.ro\/ro\/wp-json\/wp\/v2\/product_brand?post=104977"},{"taxonomy":"product_cat","embeddable":true,"href":"https:\/\/promis.ro\/ro\/wp-json\/wp\/v2\/product_cat?post=104977"},{"taxonomy":"product_tag","embeddable":true,"href":"https:\/\/promis.ro\/ro\/wp-json\/wp\/v2\/product_tag?post=104977"}],"curies":[{"name":"wp","href":"https:\/\/api.w.org\/{rel}","templated":true}]}}