{"id":104979,"date":"2025-11-05T00:47:59","date_gmt":"2025-11-05T00:47:59","guid":{"rendered":"https:\/\/promis.ro\/product\/zendal\/"},"modified":"2025-11-11T20:35:27","modified_gmt":"2025-11-11T20:35:27","slug":"zendal","status":"publish","type":"product","link":"https:\/\/promis.ro\/ro\/produs\/zendal\/","title":{"rendered":"Zendal"},"content":{"rendered":"<p>Balsam de buze cu oglind\u0103 integrat\u0103 \u00een culori elegante \u0219i str\u0103lucitoare. Arom\u0103 de vanilie, cu protec\u021bie SPF15 \u0219i testat dermatologic. Disponibil cu certificare 94\/62\/EC. Articol cu certificare GMP (Bune Practici de Fabricare) care garanteaz\u0103 respectarea unor m\u0103suri de control riguroase pentru a ob\u021bine un produs sigur \u0219i de calitate.<\/p>","protected":false},"excerpt":{"rendered":"<p>Balsam de buze cu oglind\u0103 integrat\u0103 \u00een culori elegante \u0219i str\u0103lucitoare. Arom\u0103 de vanilie, cu protec\u021bie SPF15 \u0219i testat dermatologic.<\/p>","protected":false},"featured_media":157721,"comment_status":"open","ping_status":"closed","template":"","meta":[],"product_brand":[],"product_cat":[194],"product_tag":[],"class_list":{"0":"post-104979","1":"product","2":"type-product","3":"status-publish","4":"has-post-thumbnail","6":"product_cat-dama","8":"first","9":"instock","10":"shipping-taxable","11":"purchasable","12":"product-type-variable"},"_links":{"self":[{"href":"https:\/\/promis.ro\/ro\/wp-json\/wp\/v2\/product\/104979","targetHints":{"allow":["GET"]}}],"collection":[{"href":"https:\/\/promis.ro\/ro\/wp-json\/wp\/v2\/product"}],"about":[{"href":"https:\/\/promis.ro\/ro\/wp-json\/wp\/v2\/types\/product"}],"replies":[{"embeddable":true,"href":"https:\/\/promis.ro\/ro\/wp-json\/wp\/v2\/comments?post=104979"}],"version-history":[{"count":1,"href":"https:\/\/promis.ro\/ro\/wp-json\/wp\/v2\/product\/104979\/revisions"}],"predecessor-version":[{"id":114125,"href":"https:\/\/promis.ro\/ro\/wp-json\/wp\/v2\/product\/104979\/revisions\/114125"}],"wp:featuredmedia":[{"embeddable":true,"href":"https:\/\/promis.ro\/ro\/wp-json\/wp\/v2\/media\/157721"}],"wp:attachment":[{"href":"https:\/\/promis.ro\/ro\/wp-json\/wp\/v2\/media?parent=104979"}],"wp:term":[{"taxonomy":"product_brand","embeddable":true,"href":"https:\/\/promis.ro\/ro\/wp-json\/wp\/v2\/product_brand?post=104979"},{"taxonomy":"product_cat","embeddable":true,"href":"https:\/\/promis.ro\/ro\/wp-json\/wp\/v2\/product_cat?post=104979"},{"taxonomy":"product_tag","embeddable":true,"href":"https:\/\/promis.ro\/ro\/wp-json\/wp\/v2\/product_tag?post=104979"}],"curies":[{"name":"wp","href":"https:\/\/api.w.org\/{rel}","templated":true}]}}