{"id":105341,"date":"2025-11-05T00:51:34","date_gmt":"2025-11-05T00:51:34","guid":{"rendered":"https:\/\/promis.ro\/product\/stuart\/"},"modified":"2025-11-11T20:41:47","modified_gmt":"2025-11-11T20:41:47","slug":"stuart","status":"publish","type":"product","link":"https:\/\/promis.ro\/ro\/produs\/stuart\/","title":{"rendered":"Stuart"},"content":{"rendered":"<p>Cablul de \u00eenc\u0103rcare USB Nature line, fabricat din plut\u0103 natural\u0103 \u0219i cu accesorii din paie de gr\u00e2u, promoveaz\u0103 utilizarea materialelor brute naturale \u0219i reducerea emisiilor de poluan\u021bi. Cu conexiuni USB, tip C (intrare \u0219i ie\u0219ire) \u0219i dual micro USB-Lightning. Accesoriu de suspendare \u0219i zon\u0103 plat\u0103 pentru branding. Prezentat \u00eentr-un sac individual, auto-adeziv, cu un design ecologic.<\/p>","protected":false},"excerpt":{"rendered":"<p>Cablul de \u00eenc\u0103rcare USB Nature line, fabricat din plut\u0103 natural\u0103 \u0219i cu accesorii din paie de gr\u00e2u, promoveaz\u0103 utilizarea materialelor<\/p>","protected":false},"featured_media":158555,"comment_status":"open","ping_status":"closed","template":"","meta":[],"product_brand":[],"product_cat":[170],"product_tag":[],"class_list":{"0":"post-105341","1":"product","2":"type-product","3":"status-publish","4":"has-post-thumbnail","6":"product_cat-tehnologie-si-accesorii","8":"first","9":"instock","10":"shipping-taxable","11":"purchasable","12":"product-type-simple"},"_links":{"self":[{"href":"https:\/\/promis.ro\/ro\/wp-json\/wp\/v2\/product\/105341","targetHints":{"allow":["GET"]}}],"collection":[{"href":"https:\/\/promis.ro\/ro\/wp-json\/wp\/v2\/product"}],"about":[{"href":"https:\/\/promis.ro\/ro\/wp-json\/wp\/v2\/types\/product"}],"replies":[{"embeddable":true,"href":"https:\/\/promis.ro\/ro\/wp-json\/wp\/v2\/comments?post=105341"}],"version-history":[{"count":1,"href":"https:\/\/promis.ro\/ro\/wp-json\/wp\/v2\/product\/105341\/revisions"}],"predecessor-version":[{"id":114219,"href":"https:\/\/promis.ro\/ro\/wp-json\/wp\/v2\/product\/105341\/revisions\/114219"}],"wp:featuredmedia":[{"embeddable":true,"href":"https:\/\/promis.ro\/ro\/wp-json\/wp\/v2\/media\/158555"}],"wp:attachment":[{"href":"https:\/\/promis.ro\/ro\/wp-json\/wp\/v2\/media?parent=105341"}],"wp:term":[{"taxonomy":"product_brand","embeddable":true,"href":"https:\/\/promis.ro\/ro\/wp-json\/wp\/v2\/product_brand?post=105341"},{"taxonomy":"product_cat","embeddable":true,"href":"https:\/\/promis.ro\/ro\/wp-json\/wp\/v2\/product_cat?post=105341"},{"taxonomy":"product_tag","embeddable":true,"href":"https:\/\/promis.ro\/ro\/wp-json\/wp\/v2\/product_tag?post=105341"}],"curies":[{"name":"wp","href":"https:\/\/api.w.org\/{rel}","templated":true}]}}