{"id":105344,"date":"2025-11-05T00:51:39","date_gmt":"2025-11-05T00:51:39","guid":{"rendered":"https:\/\/promis.ro\/product\/sondur\/"},"modified":"2025-11-11T20:42:03","modified_gmt":"2025-11-11T20:42:03","slug":"sondur","status":"publish","type":"product","link":"https:\/\/promis.ro\/ro\/produs\/sondur\/","title":{"rendered":"Sondur"},"content":{"rendered":"<p>Nature Line, suport multifunctional 4 \u00een 1 pentru pixuri. Fabricat din carton reciclat, contribuind la conservarea p\u0103durilor \u0219i reduc\u00e2nd considerabil amprenta de carbon. Cu func\u021bii de suport pentru pixuri, suport pentru smartphone, \u00eenc\u0103rc\u0103tor wireless \u0219i port USB (2xUSB 2.0). Design pliabil cu prindere magnetic\u0103. Compatibil cu smartphone-uri cu tehnologie de \u00eenc\u0103rcare wireless. Inclus un cablu micro USB de 1 metru lungime, de culoare alb\u0103. Prezentat \u00eentr-o cutie atractiv\u0103 cu design ecologic, cu manual de utilizare \u00een englez\u0103 \u0219i spaniol\u0103.<\/p>","protected":false},"excerpt":{"rendered":"<p>Nature Line, suport multifunctional 4 \u00een 1 pentru pixuri. Fabricat din carton reciclat, contribuind la conservarea p\u0103durilor \u0219i reduc\u00e2nd considerabil<\/p>","protected":false},"featured_media":158568,"comment_status":"open","ping_status":"closed","template":"","meta":[],"product_brand":[],"product_cat":[171],"product_tag":[],"class_list":{"0":"post-105344","1":"product","2":"type-product","3":"status-publish","4":"has-post-thumbnail","6":"product_cat-birou-si-business","8":"first","9":"instock","10":"shipping-taxable","11":"purchasable","12":"product-type-simple"},"_links":{"self":[{"href":"https:\/\/promis.ro\/ro\/wp-json\/wp\/v2\/product\/105344","targetHints":{"allow":["GET"]}}],"collection":[{"href":"https:\/\/promis.ro\/ro\/wp-json\/wp\/v2\/product"}],"about":[{"href":"https:\/\/promis.ro\/ro\/wp-json\/wp\/v2\/types\/product"}],"replies":[{"embeddable":true,"href":"https:\/\/promis.ro\/ro\/wp-json\/wp\/v2\/comments?post=105344"}],"version-history":[{"count":1,"href":"https:\/\/promis.ro\/ro\/wp-json\/wp\/v2\/product\/105344\/revisions"}],"predecessor-version":[{"id":114232,"href":"https:\/\/promis.ro\/ro\/wp-json\/wp\/v2\/product\/105344\/revisions\/114232"}],"wp:featuredmedia":[{"embeddable":true,"href":"https:\/\/promis.ro\/ro\/wp-json\/wp\/v2\/media\/158568"}],"wp:attachment":[{"href":"https:\/\/promis.ro\/ro\/wp-json\/wp\/v2\/media?parent=105344"}],"wp:term":[{"taxonomy":"product_brand","embeddable":true,"href":"https:\/\/promis.ro\/ro\/wp-json\/wp\/v2\/product_brand?post=105344"},{"taxonomy":"product_cat","embeddable":true,"href":"https:\/\/promis.ro\/ro\/wp-json\/wp\/v2\/product_cat?post=105344"},{"taxonomy":"product_tag","embeddable":true,"href":"https:\/\/promis.ro\/ro\/wp-json\/wp\/v2\/product_tag?post=105344"}],"curies":[{"name":"wp","href":"https:\/\/api.w.org\/{rel}","templated":true}]}}