{"id":105345,"date":"2025-11-05T00:51:39","date_gmt":"2025-11-05T00:51:39","guid":{"rendered":"https:\/\/promis.ro\/product\/brotox\/"},"modified":"2025-11-11T20:42:10","modified_gmt":"2025-11-11T20:42:10","slug":"brotox","status":"publish","type":"product","link":"https:\/\/promis.ro\/ro\/produs\/brotox\/","title":{"rendered":"Brotox"},"content":{"rendered":"<p>\u00cenc\u0103rc\u0103tor wireless cu design rotund, linie natural\u0103, autentic. Carcas\u0103 din carton reciclat, contribuind la conservarea p\u0103durilor \u0219i reduc\u00e2nd considerabil amprenta de carbon. Cu suprafa\u021b\u0103 de \u00eenc\u0103rcare \u0219i cablu din trestie de gr\u00e2u \u0219i compartiment interior pentru a stoca cablul \u0219i a-l lua cu tine oriunde. Indicator LED pentru starea de \u00eenc\u0103rcare, compatibil cu smartphone-uri cu tehnologie de \u00eenc\u0103rcare wireless. Prezentat \u00eentr-o cutie atractiv\u0103, cu design ecologic, cu manual de utilizare \u00een englez\u0103 \u0219i spaniol\u0103.<\/p>","protected":false},"excerpt":{"rendered":"<p>\u00cenc\u0103rc\u0103tor wireless cu design rotund, linie natural\u0103, autentic. Carcas\u0103 din carton reciclat, contribuind la conservarea p\u0103durilor \u0219i reduc\u00e2nd considerabil amprenta<\/p>","protected":false},"featured_media":158573,"comment_status":"open","ping_status":"closed","template":"","meta":[],"product_brand":[],"product_cat":[197],"product_tag":[],"class_list":{"0":"post-105345","1":"product","2":"type-product","3":"status-publish","4":"has-post-thumbnail","6":"product_cat-articole-durabile","8":"first","9":"instock","10":"shipping-taxable","11":"purchasable","12":"product-type-simple"},"_links":{"self":[{"href":"https:\/\/promis.ro\/ro\/wp-json\/wp\/v2\/product\/105345","targetHints":{"allow":["GET"]}}],"collection":[{"href":"https:\/\/promis.ro\/ro\/wp-json\/wp\/v2\/product"}],"about":[{"href":"https:\/\/promis.ro\/ro\/wp-json\/wp\/v2\/types\/product"}],"replies":[{"embeddable":true,"href":"https:\/\/promis.ro\/ro\/wp-json\/wp\/v2\/comments?post=105345"}],"version-history":[{"count":1,"href":"https:\/\/promis.ro\/ro\/wp-json\/wp\/v2\/product\/105345\/revisions"}],"predecessor-version":[{"id":114228,"href":"https:\/\/promis.ro\/ro\/wp-json\/wp\/v2\/product\/105345\/revisions\/114228"}],"wp:featuredmedia":[{"embeddable":true,"href":"https:\/\/promis.ro\/ro\/wp-json\/wp\/v2\/media\/158573"}],"wp:attachment":[{"href":"https:\/\/promis.ro\/ro\/wp-json\/wp\/v2\/media?parent=105345"}],"wp:term":[{"taxonomy":"product_brand","embeddable":true,"href":"https:\/\/promis.ro\/ro\/wp-json\/wp\/v2\/product_brand?post=105345"},{"taxonomy":"product_cat","embeddable":true,"href":"https:\/\/promis.ro\/ro\/wp-json\/wp\/v2\/product_cat?post=105345"},{"taxonomy":"product_tag","embeddable":true,"href":"https:\/\/promis.ro\/ro\/wp-json\/wp\/v2\/product_tag?post=105345"}],"curies":[{"name":"wp","href":"https:\/\/api.w.org\/{rel}","templated":true}]}}