{"id":105346,"date":"2025-11-05T00:51:40","date_gmt":"2025-11-05T00:51:40","guid":{"rendered":"https:\/\/promis.ro\/product\/crapin\/"},"modified":"2025-11-11T20:42:15","modified_gmt":"2025-11-11T20:42:15","slug":"crapin","status":"publish","type":"product","link":"https:\/\/promis.ro\/ro\/produs\/crapin\/","title":{"rendered":"Crapin"},"content":{"rendered":"<p>Box\u0103 compact\u0103 din linia naturii \u0219i conexiune Bluetooth\u00ae 5.0. Fabricat\u0103 din carton reciclat, contribuind la conservarea p\u0103durilor \u0219i reduc\u00e2nd considerabil amprenta de carbon. Cu butoane de control din paie de gr\u00e2u, oferind 3W putere \u0219i compatibil\u0103 cu iOS \u0219i Android. Inclusiv cablu de \u00eenc\u0103rcare micro USB \u0219i prezentat\u0103 \u00eentr-o cutie atractiv\u0103 cu design ecologic, cu manual de utilizare \u00een englez\u0103 \u0219i spaniol\u0103.<\/p>","protected":false},"excerpt":{"rendered":"<p>Box\u0103 compact\u0103 din linia naturii \u0219i conexiune Bluetooth\u00ae 5.0. Fabricat\u0103 din carton reciclat, contribuind la conservarea p\u0103durilor \u0219i reduc\u00e2nd considerabil<\/p>","protected":false},"featured_media":158578,"comment_status":"open","ping_status":"closed","template":"","meta":[],"product_brand":[],"product_cat":[197],"product_tag":[],"class_list":{"0":"post-105346","1":"product","2":"type-product","3":"status-publish","4":"has-post-thumbnail","6":"product_cat-articole-durabile","8":"first","9":"instock","10":"shipping-taxable","11":"purchasable","12":"product-type-simple"},"_links":{"self":[{"href":"https:\/\/promis.ro\/ro\/wp-json\/wp\/v2\/product\/105346","targetHints":{"allow":["GET"]}}],"collection":[{"href":"https:\/\/promis.ro\/ro\/wp-json\/wp\/v2\/product"}],"about":[{"href":"https:\/\/promis.ro\/ro\/wp-json\/wp\/v2\/types\/product"}],"replies":[{"embeddable":true,"href":"https:\/\/promis.ro\/ro\/wp-json\/wp\/v2\/comments?post=105346"}],"version-history":[{"count":1,"href":"https:\/\/promis.ro\/ro\/wp-json\/wp\/v2\/product\/105346\/revisions"}],"predecessor-version":[{"id":114226,"href":"https:\/\/promis.ro\/ro\/wp-json\/wp\/v2\/product\/105346\/revisions\/114226"}],"wp:featuredmedia":[{"embeddable":true,"href":"https:\/\/promis.ro\/ro\/wp-json\/wp\/v2\/media\/158578"}],"wp:attachment":[{"href":"https:\/\/promis.ro\/ro\/wp-json\/wp\/v2\/media?parent=105346"}],"wp:term":[{"taxonomy":"product_brand","embeddable":true,"href":"https:\/\/promis.ro\/ro\/wp-json\/wp\/v2\/product_brand?post=105346"},{"taxonomy":"product_cat","embeddable":true,"href":"https:\/\/promis.ro\/ro\/wp-json\/wp\/v2\/product_cat?post=105346"},{"taxonomy":"product_tag","embeddable":true,"href":"https:\/\/promis.ro\/ro\/wp-json\/wp\/v2\/product_tag?post=105346"}],"curies":[{"name":"wp","href":"https:\/\/api.w.org\/{rel}","templated":true}]}}