{"id":105349,"date":"2025-11-05T00:51:41","date_gmt":"2025-11-05T00:51:41","guid":{"rendered":"https:\/\/promis.ro\/product\/daison\/"},"modified":"2025-11-11T20:46:17","modified_gmt":"2025-11-11T20:46:17","slug":"daison","status":"publish","type":"product","link":"https:\/\/promis.ro\/ro\/produs\/daison\/","title":{"rendered":"Daison"},"content":{"rendered":"<p>Beanie confortabil \u0219i cald din linia nature. Fabricat din bumbac organic de \u00eenalt\u0103 calitate -400g\/m2-, cultivat folosind metode ecologice durabile. Neutilizarea insecticidelor, \u00eengr\u0103\u0219\u0103mintelor sau altor substan\u021be chimice \u00een procesul de filare \u0219i produc\u021bie rezult\u0103 \u00eentr-un material confortabil, derivat din plante, hipoalergenic, cu un nivel ridicat de durabilitate \u00een lan\u021bul de aprovizionare. Disponibil \u00eentr-o gam\u0103 larg\u0103 de culori, cu etichet\u0103 din bumbac organic. Ambalare individual\u0103 \u00eentr-un sac din material reciclat.<\/p>","protected":false},"excerpt":{"rendered":"<p>Beanie confortabil \u0219i cald din linia nature. Fabricat din bumbac organic de \u00eenalt\u0103 calitate -400g\/m2-, cultivat folosind metode ecologice durabile.<\/p>","protected":false},"featured_media":158591,"comment_status":"open","ping_status":"closed","template":"","meta":[],"product_brand":[],"product_cat":[193],"product_tag":[],"class_list":{"0":"post-105349","1":"product","2":"type-product","3":"status-publish","4":"has-post-thumbnail","6":"product_cat-ploaie-si-frig","8":"first","9":"instock","10":"shipping-taxable","11":"purchasable","12":"product-type-variable"},"_links":{"self":[{"href":"https:\/\/promis.ro\/ro\/wp-json\/wp\/v2\/product\/105349","targetHints":{"allow":["GET"]}}],"collection":[{"href":"https:\/\/promis.ro\/ro\/wp-json\/wp\/v2\/product"}],"about":[{"href":"https:\/\/promis.ro\/ro\/wp-json\/wp\/v2\/types\/product"}],"replies":[{"embeddable":true,"href":"https:\/\/promis.ro\/ro\/wp-json\/wp\/v2\/comments?post=105349"}],"version-history":[{"count":1,"href":"https:\/\/promis.ro\/ro\/wp-json\/wp\/v2\/product\/105349\/revisions"}],"predecessor-version":[{"id":114231,"href":"https:\/\/promis.ro\/ro\/wp-json\/wp\/v2\/product\/105349\/revisions\/114231"}],"wp:featuredmedia":[{"embeddable":true,"href":"https:\/\/promis.ro\/ro\/wp-json\/wp\/v2\/media\/158591"}],"wp:attachment":[{"href":"https:\/\/promis.ro\/ro\/wp-json\/wp\/v2\/media?parent=105349"}],"wp:term":[{"taxonomy":"product_brand","embeddable":true,"href":"https:\/\/promis.ro\/ro\/wp-json\/wp\/v2\/product_brand?post=105349"},{"taxonomy":"product_cat","embeddable":true,"href":"https:\/\/promis.ro\/ro\/wp-json\/wp\/v2\/product_cat?post=105349"},{"taxonomy":"product_tag","embeddable":true,"href":"https:\/\/promis.ro\/ro\/wp-json\/wp\/v2\/product_tag?post=105349"}],"curies":[{"name":"wp","href":"https:\/\/api.w.org\/{rel}","templated":true}]}}