{"id":105351,"date":"2025-11-05T00:51:42","date_gmt":"2025-11-05T00:51:42","guid":{"rendered":"https:\/\/promis.ro\/product\/karovix\/"},"modified":"2025-11-11T20:46:18","modified_gmt":"2025-11-11T20:46:18","slug":"karovix","status":"publish","type":"product","link":"https:\/\/promis.ro\/ro\/produs\/karovix\/","title":{"rendered":"Karovix"},"content":{"rendered":"<p>Plapuma moale \u0219i c\u0103lduroas\u0103, realizat\u0103 dintr-o combina\u021bie de materiale fleece coral \u0219i sherpa 440g\/m2. Cu un design elegant bicolor \u0219i dimensiunea de 125x160cm. Ambalare individual\u0103 cu panglic\u0103 de culoare asortat\u0103 \u0219i inser\u021bie din carton reciclat pentru o imprimare u\u0219oar\u0103.<\/p>","protected":false},"excerpt":{"rendered":"<p>Plapuma moale \u0219i c\u0103lduroas\u0103, realizat\u0103 dintr-o combina\u021bie de materiale fleece coral \u0219i sherpa 440g\/m2. Cu un design elegant bicolor \u0219i<\/p>","protected":false},"featured_media":158595,"comment_status":"open","ping_status":"closed","template":"","meta":[],"product_brand":[],"product_cat":[179],"product_tag":[],"class_list":{"0":"post-105351","1":"product","2":"type-product","3":"status-publish","4":"has-post-thumbnail","6":"product_cat-casa-si-decoratiuni","8":"first","9":"instock","10":"shipping-taxable","11":"purchasable","12":"product-type-variable"},"_links":{"self":[{"href":"https:\/\/promis.ro\/ro\/wp-json\/wp\/v2\/product\/105351","targetHints":{"allow":["GET"]}}],"collection":[{"href":"https:\/\/promis.ro\/ro\/wp-json\/wp\/v2\/product"}],"about":[{"href":"https:\/\/promis.ro\/ro\/wp-json\/wp\/v2\/types\/product"}],"replies":[{"embeddable":true,"href":"https:\/\/promis.ro\/ro\/wp-json\/wp\/v2\/comments?post=105351"}],"version-history":[{"count":1,"href":"https:\/\/promis.ro\/ro\/wp-json\/wp\/v2\/product\/105351\/revisions"}],"predecessor-version":[{"id":114229,"href":"https:\/\/promis.ro\/ro\/wp-json\/wp\/v2\/product\/105351\/revisions\/114229"}],"wp:featuredmedia":[{"embeddable":true,"href":"https:\/\/promis.ro\/ro\/wp-json\/wp\/v2\/media\/158595"}],"wp:attachment":[{"href":"https:\/\/promis.ro\/ro\/wp-json\/wp\/v2\/media?parent=105351"}],"wp:term":[{"taxonomy":"product_brand","embeddable":true,"href":"https:\/\/promis.ro\/ro\/wp-json\/wp\/v2\/product_brand?post=105351"},{"taxonomy":"product_cat","embeddable":true,"href":"https:\/\/promis.ro\/ro\/wp-json\/wp\/v2\/product_cat?post=105351"},{"taxonomy":"product_tag","embeddable":true,"href":"https:\/\/promis.ro\/ro\/wp-json\/wp\/v2\/product_tag?post=105351"}],"curies":[{"name":"wp","href":"https:\/\/api.w.org\/{rel}","templated":true}]}}