{"id":105352,"date":"2025-11-05T00:51:43","date_gmt":"2025-11-05T00:51:43","guid":{"rendered":"https:\/\/promis.ro\/product\/yusin\/"},"modified":"2025-11-11T20:42:46","modified_gmt":"2025-11-11T20:42:46","slug":"yusin","status":"publish","type":"product","link":"https:\/\/promis.ro\/ro\/produs\/yusin\/","title":{"rendered":"Yusin"},"content":{"rendered":"<p>Pix cu bil\u0103 din linia Nature, cu mecanism cu buton de ap\u0103sare. Corp realizat din trestie de gr\u00e2u \u0219i clips din bambus, promov\u00e2nd utilizarea materiilor prime naturale \u0219i reducerea emisiilor de poluan\u021bi. Clips cu zon\u0103 larg\u0103 pentru branding \u0219i re\u00eenc\u0103rcare cu cerneal\u0103 albastr\u0103. Logo-ul din paie de gr\u00e2u pe partea superioar\u0103 a pixului.<\/p>","protected":false},"excerpt":{"rendered":"<p>Pix cu bil\u0103 din linia Nature, cu mecanism cu buton de ap\u0103sare. Corp realizat din trestie de gr\u00e2u \u0219i clips<\/p>","protected":false},"featured_media":158600,"comment_status":"open","ping_status":"closed","template":"","meta":[],"product_brand":[],"product_cat":[197],"product_tag":[],"class_list":{"0":"post-105352","1":"product","2":"type-product","3":"status-publish","4":"has-post-thumbnail","6":"product_cat-articole-durabile","8":"first","9":"instock","10":"shipping-taxable","11":"purchasable","12":"product-type-simple"},"_links":{"self":[{"href":"https:\/\/promis.ro\/ro\/wp-json\/wp\/v2\/product\/105352","targetHints":{"allow":["GET"]}}],"collection":[{"href":"https:\/\/promis.ro\/ro\/wp-json\/wp\/v2\/product"}],"about":[{"href":"https:\/\/promis.ro\/ro\/wp-json\/wp\/v2\/types\/product"}],"replies":[{"embeddable":true,"href":"https:\/\/promis.ro\/ro\/wp-json\/wp\/v2\/comments?post=105352"}],"version-history":[{"count":1,"href":"https:\/\/promis.ro\/ro\/wp-json\/wp\/v2\/product\/105352\/revisions"}],"predecessor-version":[{"id":114233,"href":"https:\/\/promis.ro\/ro\/wp-json\/wp\/v2\/product\/105352\/revisions\/114233"}],"wp:featuredmedia":[{"embeddable":true,"href":"https:\/\/promis.ro\/ro\/wp-json\/wp\/v2\/media\/158600"}],"wp:attachment":[{"href":"https:\/\/promis.ro\/ro\/wp-json\/wp\/v2\/media?parent=105352"}],"wp:term":[{"taxonomy":"product_brand","embeddable":true,"href":"https:\/\/promis.ro\/ro\/wp-json\/wp\/v2\/product_brand?post=105352"},{"taxonomy":"product_cat","embeddable":true,"href":"https:\/\/promis.ro\/ro\/wp-json\/wp\/v2\/product_cat?post=105352"},{"taxonomy":"product_tag","embeddable":true,"href":"https:\/\/promis.ro\/ro\/wp-json\/wp\/v2\/product_tag?post=105352"}],"curies":[{"name":"wp","href":"https:\/\/api.w.org\/{rel}","templated":true}]}}