{"id":105606,"date":"2025-11-05T00:54:09","date_gmt":"2025-11-05T00:54:09","guid":{"rendered":"https:\/\/promis.ro\/product\/hansok\/"},"modified":"2025-11-11T20:49:34","modified_gmt":"2025-11-11T20:49:34","slug":"hansok","status":"publish","type":"product","link":"https:\/\/promis.ro\/ro\/produs\/hansok\/","title":{"rendered":"Hansok"},"content":{"rendered":"<p>Inel ajustabil de la Antonio Mir\u00f3 din metal cu inser\u021bie din r\u0103\u0219in\u0103. Prezentat \u00eentr-o hus\u0103 din PU cu logo-ul brandului.<\/p>","protected":false},"excerpt":{"rendered":"<p>Inel ajustabil de la Antonio Mir\u00f3 din metal cu inser\u021bie din r\u0103\u0219in\u0103. Prezentat \u00eentr-o hus\u0103 din PU cu logo-ul brandului.<\/p>","protected":false},"featured_media":159207,"comment_status":"open","ping_status":"closed","template":"","meta":[],"product_brand":[],"product_cat":[194],"product_tag":[],"class_list":{"0":"post-105606","1":"product","2":"type-product","3":"status-publish","4":"has-post-thumbnail","6":"product_cat-dama","8":"first","9":"instock","10":"shipping-taxable","11":"purchasable","12":"product-type-simple"},"_links":{"self":[{"href":"https:\/\/promis.ro\/ro\/wp-json\/wp\/v2\/product\/105606","targetHints":{"allow":["GET"]}}],"collection":[{"href":"https:\/\/promis.ro\/ro\/wp-json\/wp\/v2\/product"}],"about":[{"href":"https:\/\/promis.ro\/ro\/wp-json\/wp\/v2\/types\/product"}],"replies":[{"embeddable":true,"href":"https:\/\/promis.ro\/ro\/wp-json\/wp\/v2\/comments?post=105606"}],"version-history":[{"count":1,"href":"https:\/\/promis.ro\/ro\/wp-json\/wp\/v2\/product\/105606\/revisions"}],"predecessor-version":[{"id":114303,"href":"https:\/\/promis.ro\/ro\/wp-json\/wp\/v2\/product\/105606\/revisions\/114303"}],"wp:featuredmedia":[{"embeddable":true,"href":"https:\/\/promis.ro\/ro\/wp-json\/wp\/v2\/media\/159207"}],"wp:attachment":[{"href":"https:\/\/promis.ro\/ro\/wp-json\/wp\/v2\/media?parent=105606"}],"wp:term":[{"taxonomy":"product_brand","embeddable":true,"href":"https:\/\/promis.ro\/ro\/wp-json\/wp\/v2\/product_brand?post=105606"},{"taxonomy":"product_cat","embeddable":true,"href":"https:\/\/promis.ro\/ro\/wp-json\/wp\/v2\/product_cat?post=105606"},{"taxonomy":"product_tag","embeddable":true,"href":"https:\/\/promis.ro\/ro\/wp-json\/wp\/v2\/product_tag?post=105606"}],"curies":[{"name":"wp","href":"https:\/\/api.w.org\/{rel}","templated":true}]}}