{"id":105607,"date":"2025-11-05T00:54:09","date_gmt":"2025-11-05T00:54:09","guid":{"rendered":"https:\/\/promis.ro\/product\/tech-2\/"},"modified":"2025-11-11T20:53:51","modified_gmt":"2025-11-11T20:53:51","slug":"tech-2","status":"publish","type":"product","link":"https:\/\/promis.ro\/ro\/produs\/tech-2\/","title":{"rendered":"Tech 2"},"content":{"rendered":"<p>Pix cu bil\u0103 Tech 2 de la Cross. Cu mecanism retractabil, design clasic bicolor, corp metalic cu finisaj neted, \u00een culori variate \u0219i clip original de culoare neagr\u0103. Prezentat \u00eentr-o cutie elegant\u0103 individual\u0103 de culoare neagr\u0103, cu logo-ul brandului \u0219i interior din catifea moale de culoare asortat\u0103. Cerneal\u0103 neagr\u0103.<\/p>","protected":false},"excerpt":{"rendered":"<p>Pix cu bil\u0103 Tech 2 de la Cross. Cu mecanism retractabil, design clasic bicolor, corp metalic cu finisaj neted, \u00een<\/p>","protected":false},"featured_media":159208,"comment_status":"open","ping_status":"closed","template":"","meta":[],"product_brand":[],"product_cat":[196],"product_tag":[],"class_list":{"0":"post-105607","1":"product","2":"type-product","3":"status-publish","4":"has-post-thumbnail","6":"product_cat-branduri","8":"first","9":"instock","10":"shipping-taxable","11":"purchasable","12":"product-type-variable"},"_links":{"self":[{"href":"https:\/\/promis.ro\/ro\/wp-json\/wp\/v2\/product\/105607","targetHints":{"allow":["GET"]}}],"collection":[{"href":"https:\/\/promis.ro\/ro\/wp-json\/wp\/v2\/product"}],"about":[{"href":"https:\/\/promis.ro\/ro\/wp-json\/wp\/v2\/types\/product"}],"replies":[{"embeddable":true,"href":"https:\/\/promis.ro\/ro\/wp-json\/wp\/v2\/comments?post=105607"}],"version-history":[{"count":1,"href":"https:\/\/promis.ro\/ro\/wp-json\/wp\/v2\/product\/105607\/revisions"}],"predecessor-version":[{"id":114318,"href":"https:\/\/promis.ro\/ro\/wp-json\/wp\/v2\/product\/105607\/revisions\/114318"}],"wp:featuredmedia":[{"embeddable":true,"href":"https:\/\/promis.ro\/ro\/wp-json\/wp\/v2\/media\/159208"}],"wp:attachment":[{"href":"https:\/\/promis.ro\/ro\/wp-json\/wp\/v2\/media?parent=105607"}],"wp:term":[{"taxonomy":"product_brand","embeddable":true,"href":"https:\/\/promis.ro\/ro\/wp-json\/wp\/v2\/product_brand?post=105607"},{"taxonomy":"product_cat","embeddable":true,"href":"https:\/\/promis.ro\/ro\/wp-json\/wp\/v2\/product_cat?post=105607"},{"taxonomy":"product_tag","embeddable":true,"href":"https:\/\/promis.ro\/ro\/wp-json\/wp\/v2\/product_tag?post=105607"}],"curies":[{"name":"wp","href":"https:\/\/api.w.org\/{rel}","templated":true}]}}