{"id":105608,"date":"2025-11-05T00:54:10","date_gmt":"2025-11-05T00:54:10","guid":{"rendered":"https:\/\/promis.ro\/product\/calais\/"},"modified":"2025-11-11T20:53:34","modified_gmt":"2025-11-11T20:53:34","slug":"calais","status":"publish","type":"product","link":"https:\/\/promis.ro\/ro\/produs\/calais\/","title":{"rendered":"Calais"},"content":{"rendered":"<p>Pix cu bil\u0103 Calais de la Cross. Cu mecanism retractabil, design elegant bicolor \u0219i corp metalic cu finisaj neted \u00een culori variate. Prezentat \u00eentr-o cutie individual\u0103 elegant\u0103 de culoare neagr\u0103, cu logo-ul m\u0103rcii \u0219i interior din catifea moale. Cerneal\u0103 neagr\u0103.<\/p>","protected":false},"excerpt":{"rendered":"<p>Pix cu bil\u0103 Calais de la Cross. Cu mecanism retractabil, design elegant bicolor \u0219i corp metalic cu finisaj neted \u00een<\/p>","protected":false},"featured_media":159210,"comment_status":"open","ping_status":"closed","template":"","meta":[],"product_brand":[],"product_cat":[196],"product_tag":[],"class_list":{"0":"post-105608","1":"product","2":"type-product","3":"status-publish","4":"has-post-thumbnail","6":"product_cat-branduri","8":"first","9":"instock","10":"shipping-taxable","11":"purchasable","12":"product-type-variable"},"_links":{"self":[{"href":"https:\/\/promis.ro\/ro\/wp-json\/wp\/v2\/product\/105608","targetHints":{"allow":["GET"]}}],"collection":[{"href":"https:\/\/promis.ro\/ro\/wp-json\/wp\/v2\/product"}],"about":[{"href":"https:\/\/promis.ro\/ro\/wp-json\/wp\/v2\/types\/product"}],"replies":[{"embeddable":true,"href":"https:\/\/promis.ro\/ro\/wp-json\/wp\/v2\/comments?post=105608"}],"version-history":[{"count":1,"href":"https:\/\/promis.ro\/ro\/wp-json\/wp\/v2\/product\/105608\/revisions"}],"predecessor-version":[{"id":114309,"href":"https:\/\/promis.ro\/ro\/wp-json\/wp\/v2\/product\/105608\/revisions\/114309"}],"wp:featuredmedia":[{"embeddable":true,"href":"https:\/\/promis.ro\/ro\/wp-json\/wp\/v2\/media\/159210"}],"wp:attachment":[{"href":"https:\/\/promis.ro\/ro\/wp-json\/wp\/v2\/media?parent=105608"}],"wp:term":[{"taxonomy":"product_brand","embeddable":true,"href":"https:\/\/promis.ro\/ro\/wp-json\/wp\/v2\/product_brand?post=105608"},{"taxonomy":"product_cat","embeddable":true,"href":"https:\/\/promis.ro\/ro\/wp-json\/wp\/v2\/product_cat?post=105608"},{"taxonomy":"product_tag","embeddable":true,"href":"https:\/\/promis.ro\/ro\/wp-json\/wp\/v2\/product_tag?post=105608"}],"curies":[{"name":"wp","href":"https:\/\/api.w.org\/{rel}","templated":true}]}}