{"id":105648,"date":"2025-11-05T00:54:36","date_gmt":"2025-11-05T00:54:36","guid":{"rendered":"https:\/\/promis.ro\/product\/jotter-xl-monochrome\/"},"modified":"2025-11-11T20:53:43","modified_gmt":"2025-11-11T20:53:43","slug":"jotter-xl-monochrome","status":"publish","type":"product","link":"https:\/\/promis.ro\/ro\/produs\/jotter-xl-monochrome\/","title":{"rendered":"Jotter XL Monochrome"},"content":{"rendered":"<p>Pix cu bil\u0103 Parker Jotter XL Monochrome, un clasic printre pixurile cu cerneal\u0103 gel. Fabricat din o\u021bel inoxidabil, cu decora\u021biuni \u0219i clipul iconic \u00een form\u0103 de s\u0103geat\u0103 al m\u0103rcii. Cu un mecanism de ap\u0103sare, cartu\u0219 interior clasic Parker \u0219i cerneal\u0103 albastr\u0103. Prezentat \u00eentr-o cutie individual\u0103 neagr\u0103 cu logo-ul Parker. Cu netezimea, precizia \u0219i intensitatea uniform\u0103 caracteristice PARKER Jotter, un reper de stil de peste 60 de ani. Cu un design nou \u0219i simplificat \u0219i cerneal\u0103 gel intens\u0103, uniform\u0103, care curge lin, usc\u00e2ndu-se rapid pentru a evita murd\u0103rirea, reflect\u00e2nd mo\u0219tenirea sa \u00een fiecare detaliu.<\/p>","protected":false},"excerpt":{"rendered":"<p>Pix cu bil\u0103 Parker Jotter XL Monochrome, un clasic printre pixurile cu cerneal\u0103 gel. Fabricat din o\u021bel inoxidabil, cu decora\u021biuni<\/p>","protected":false},"featured_media":159346,"comment_status":"open","ping_status":"closed","template":"","meta":[],"product_brand":[],"product_cat":[175],"product_tag":[],"class_list":{"0":"post-105648","1":"product","2":"type-product","3":"status-publish","4":"has-post-thumbnail","6":"product_cat-scris","8":"first","9":"instock","10":"shipping-taxable","11":"purchasable","12":"product-type-variable"},"_links":{"self":[{"href":"https:\/\/promis.ro\/ro\/wp-json\/wp\/v2\/product\/105648","targetHints":{"allow":["GET"]}}],"collection":[{"href":"https:\/\/promis.ro\/ro\/wp-json\/wp\/v2\/product"}],"about":[{"href":"https:\/\/promis.ro\/ro\/wp-json\/wp\/v2\/types\/product"}],"replies":[{"embeddable":true,"href":"https:\/\/promis.ro\/ro\/wp-json\/wp\/v2\/comments?post=105648"}],"version-history":[{"count":1,"href":"https:\/\/promis.ro\/ro\/wp-json\/wp\/v2\/product\/105648\/revisions"}],"predecessor-version":[{"id":114353,"href":"https:\/\/promis.ro\/ro\/wp-json\/wp\/v2\/product\/105648\/revisions\/114353"}],"wp:featuredmedia":[{"embeddable":true,"href":"https:\/\/promis.ro\/ro\/wp-json\/wp\/v2\/media\/159346"}],"wp:attachment":[{"href":"https:\/\/promis.ro\/ro\/wp-json\/wp\/v2\/media?parent=105648"}],"wp:term":[{"taxonomy":"product_brand","embeddable":true,"href":"https:\/\/promis.ro\/ro\/wp-json\/wp\/v2\/product_brand?post=105648"},{"taxonomy":"product_cat","embeddable":true,"href":"https:\/\/promis.ro\/ro\/wp-json\/wp\/v2\/product_cat?post=105648"},{"taxonomy":"product_tag","embeddable":true,"href":"https:\/\/promis.ro\/ro\/wp-json\/wp\/v2\/product_tag?post=105648"}],"curies":[{"name":"wp","href":"https:\/\/api.w.org\/{rel}","templated":true}]}}