{"id":105649,"date":"2025-11-05T00:54:36","date_gmt":"2025-11-05T00:54:36","guid":{"rendered":"https:\/\/promis.ro\/product\/sunt\/"},"modified":"2025-11-11T20:55:18","modified_gmt":"2025-11-11T20:55:18","slug":"sunt","status":"publish","type":"product","link":"https:\/\/promis.ro\/ro\/produs\/sunt\/","title":{"rendered":"Sunt"},"content":{"rendered":"<p>Tricou unisex cu model camuflaj. Fabricat din 100% bumbac piept\u0103nat Ring Spun 150g\/m2. Textur\u0103 moale \u0219i croial\u0103 modern\u0103. Guler rotund \u00eengust din rib 2&#215;2. Cus\u0103tur\u0103 dubl\u0103 pe tiv \u0219i m\u00e2neci pentru durabilitate \u0219i rezisten\u021b\u0103 la uzur\u0103 intensiv\u0103. Etichet\u0103 u\u0219or de \u00eendep\u0103rtat \u0219i disponibil \u00een m\u0103rimile XS, S, M, L, XL \u0219i XXL.<\/p>","protected":false},"excerpt":{"rendered":"<p>Tricou unisex cu model camuflaj. Fabricat din 100% bumbac piept\u0103nat Ring Spun 150g\/m2. Textur\u0103 moale \u0219i croial\u0103 modern\u0103. Guler rotund<\/p>","protected":false},"featured_media":159351,"comment_status":"open","ping_status":"closed","template":"","meta":[],"product_brand":[],"product_cat":[191],"product_tag":[],"class_list":{"0":"post-105649","1":"product","2":"type-product","3":"status-publish","4":"has-post-thumbnail","6":"product_cat-textile","8":"first","9":"instock","10":"shipping-taxable","11":"purchasable","12":"product-type-variable"},"_links":{"self":[{"href":"https:\/\/promis.ro\/ro\/wp-json\/wp\/v2\/product\/105649","targetHints":{"allow":["GET"]}}],"collection":[{"href":"https:\/\/promis.ro\/ro\/wp-json\/wp\/v2\/product"}],"about":[{"href":"https:\/\/promis.ro\/ro\/wp-json\/wp\/v2\/types\/product"}],"replies":[{"embeddable":true,"href":"https:\/\/promis.ro\/ro\/wp-json\/wp\/v2\/comments?post=105649"}],"version-history":[{"count":1,"href":"https:\/\/promis.ro\/ro\/wp-json\/wp\/v2\/product\/105649\/revisions"}],"predecessor-version":[{"id":114349,"href":"https:\/\/promis.ro\/ro\/wp-json\/wp\/v2\/product\/105649\/revisions\/114349"}],"wp:featuredmedia":[{"embeddable":true,"href":"https:\/\/promis.ro\/ro\/wp-json\/wp\/v2\/media\/159351"}],"wp:attachment":[{"href":"https:\/\/promis.ro\/ro\/wp-json\/wp\/v2\/media?parent=105649"}],"wp:term":[{"taxonomy":"product_brand","embeddable":true,"href":"https:\/\/promis.ro\/ro\/wp-json\/wp\/v2\/product_brand?post=105649"},{"taxonomy":"product_cat","embeddable":true,"href":"https:\/\/promis.ro\/ro\/wp-json\/wp\/v2\/product_cat?post=105649"},{"taxonomy":"product_tag","embeddable":true,"href":"https:\/\/promis.ro\/ro\/wp-json\/wp\/v2\/product_tag?post=105649"}],"curies":[{"name":"wp","href":"https:\/\/api.w.org\/{rel}","templated":true}]}}