{"id":105657,"date":"2025-11-05T00:54:42","date_gmt":"2025-11-05T00:54:42","guid":{"rendered":"https:\/\/promis.ro\/product\/ken\/"},"modified":"2025-11-11T21:03:16","modified_gmt":"2025-11-11T21:03:16","slug":"ken","status":"publish","type":"product","link":"https:\/\/promis.ro\/ro\/produs\/ken\/","title":{"rendered":"Ken"},"content":{"rendered":"<p>C\u0103ma\u0219\u0103 polo unisex cu efect de blugi sp\u0103la\u021bi, f\u0103c\u00e2nd fiecare pies\u0103 unic\u0103 \u0219i nerepetabil\u0103. Cu culoare contrastant\u0103 \u00een benzile elastice de la guler \u0219i m\u00e2nec\u0103. Fabricat\u0103 din 100% bumbac piqu\u00e9 Ring Spun piept\u0103nat 180g\/m2. Sensibilitate moale \u0219i croial\u0103 modern\u0103, cu placket cu dou\u0103 butoane asortat. Cus\u0103tur\u0103 dubl\u0103 la tiv \u0219i m\u00e2neci pentru durabilitate \u0219i rezisten\u021b\u0103 la uzur\u0103 intensiv\u0103. Etichet\u0103 u\u0219or de \u00eendep\u0103rtat \u0219i disponibil\u0103 \u00een dimensiunile XS, S, M, L, XL \u0219i XXL.<\/p>","protected":false},"excerpt":{"rendered":"<p>C\u0103ma\u0219\u0103 polo unisex cu efect de blugi sp\u0103la\u021bi, f\u0103c\u00e2nd fiecare pies\u0103 unic\u0103 \u0219i nerepetabil\u0103. Cu culoare contrastant\u0103 \u00een benzile elastice<\/p>","protected":false},"featured_media":159678,"comment_status":"open","ping_status":"closed","template":"","meta":[],"product_brand":[],"product_cat":[191],"product_tag":[],"class_list":{"0":"post-105657","1":"product","2":"type-product","3":"status-publish","4":"has-post-thumbnail","6":"product_cat-textile","8":"first","9":"instock","10":"shipping-taxable","11":"purchasable","12":"product-type-variable"},"_links":{"self":[{"href":"https:\/\/promis.ro\/ro\/wp-json\/wp\/v2\/product\/105657","targetHints":{"allow":["GET"]}}],"collection":[{"href":"https:\/\/promis.ro\/ro\/wp-json\/wp\/v2\/product"}],"about":[{"href":"https:\/\/promis.ro\/ro\/wp-json\/wp\/v2\/types\/product"}],"replies":[{"embeddable":true,"href":"https:\/\/promis.ro\/ro\/wp-json\/wp\/v2\/comments?post=105657"}],"version-history":[{"count":1,"href":"https:\/\/promis.ro\/ro\/wp-json\/wp\/v2\/product\/105657\/revisions"}],"predecessor-version":[{"id":114359,"href":"https:\/\/promis.ro\/ro\/wp-json\/wp\/v2\/product\/105657\/revisions\/114359"}],"wp:featuredmedia":[{"embeddable":true,"href":"https:\/\/promis.ro\/ro\/wp-json\/wp\/v2\/media\/159678"}],"wp:attachment":[{"href":"https:\/\/promis.ro\/ro\/wp-json\/wp\/v2\/media?parent=105657"}],"wp:term":[{"taxonomy":"product_brand","embeddable":true,"href":"https:\/\/promis.ro\/ro\/wp-json\/wp\/v2\/product_brand?post=105657"},{"taxonomy":"product_cat","embeddable":true,"href":"https:\/\/promis.ro\/ro\/wp-json\/wp\/v2\/product_cat?post=105657"},{"taxonomy":"product_tag","embeddable":true,"href":"https:\/\/promis.ro\/ro\/wp-json\/wp\/v2\/product_tag?post=105657"}],"curies":[{"name":"wp","href":"https:\/\/api.w.org\/{rel}","templated":true}]}}